{"id":68337,"date":"2021-02-21T18:58:56","date_gmt":"2021-02-21T18:58:56","guid":{"rendered":"https:\/\/www.autonvaraosahaku.fi\/?product=trw-df4385-jarrulevyt"},"modified":"2021-02-21T18:58:57","modified_gmt":"2021-02-21T18:58:57","slug":"trw-df4385-jarrulevyt","status":"publish","type":"product","link":"https:\/\/www.autonvaraosahaku.fi\/?product=trw-df4385-jarrulevyt","title":{"rendered":"TRW DF4385 Jarrulevyt"},"content":{"rendered":"<p>Jarrulevytyyppi: Tuuletettu; Ulkol\u00e4pimitta [mm]: 300; Jarrulevyn paksuus (mm): 25; V\u00e4himm\u00e4ispaksuus (mm): 23; Reikien m\u00e4\u00e4r\u00e4: 5; Korkeus (mm): 48,5; keskitt\u00e4misl\u00e4pimitta [mm]: 72; Kierremitta: 14; Reik\u00e4ympyr\u00e4-\u00d8 [mm]: 114,3; V\u00e4ri: Musta; Pinta: Lakattu; Tarkistuskilpi: E1 90R 02 C0176\/0199; Asennuspuoli: Vorderachse; MAZDA: 5 CR19,3 BK,3 BL,5 CW,3 Stufenheck BK,3 Stufenheck BL; BP6Y3325XA, BP6Y3325XB, BP6Y3325XD, BP6Y3325XE, BP6Y3325XF, C26Y3325XA, C26Y3325XB, C26Y3325XC; Jarrulevy<\/p>\n","protected":false},"excerpt":{"rendered":"<p>TRW Jarrulevyt DF4385 Jarrulevy MAZDA,5 CR19,3 BK,3 BL,5 CW,3 Stufenheck BK,3 Stufenheck BL<\/p>\n","protected":false},"featured_media":0,"template":"","meta":{"site-sidebar-layout":"default","site-content-layout":"default","ast-global-header-display":"","ast-main-header-display":"","ast-hfb-above-header-display":"","ast-hfb-below-header-display":"","ast-hfb-mobile-header-display":"","site-post-title":"","ast-breadcrumbs-content":"","ast-featured-img":"","footer-sml-layout":"","theme-transparent-header-meta":"","adv-header-id-meta":"","stick-header-meta":"","header-above-stick-meta":"","header-main-stick-meta":"","header-below-stick-meta":""},"pwb-brand":[332],"product_cat":[66],"product_tag":[],"class_list":{"0":"post-68337","1":"product","2":"type-product","3":"status-publish","5":"pwb-brand-trw","6":"product_cat-jarrulevyt","7":"desktop-align-left","8":"tablet-align-left","9":"mobile-align-left","11":"first","12":"instock","13":"product-type-external"},"brands":[{"id":332,"name":"TRW","slug":"trw"}],"_links":{"self":[{"href":"https:\/\/www.autonvaraosahaku.fi\/index.php?rest_route=\/wp\/v2\/product\/68337","targetHints":{"allow":["GET"]}}],"collection":[{"href":"https:\/\/www.autonvaraosahaku.fi\/index.php?rest_route=\/wp\/v2\/product"}],"about":[{"href":"https:\/\/www.autonvaraosahaku.fi\/index.php?rest_route=\/wp\/v2\/types\/product"}],"wp:attachment":[{"href":"https:\/\/www.autonvaraosahaku.fi\/index.php?rest_route=%2Fwp%2Fv2%2Fmedia&parent=68337"}],"wp:term":[{"taxonomy":"pwb-brand","embeddable":true,"href":"https:\/\/www.autonvaraosahaku.fi\/index.php?rest_route=%2Fwp%2Fv2%2Fpwb-brand&post=68337"},{"taxonomy":"product_cat","embeddable":true,"href":"https:\/\/www.autonvaraosahaku.fi\/index.php?rest_route=%2Fwp%2Fv2%2Fproduct_cat&post=68337"},{"taxonomy":"product_tag","embeddable":true,"href":"https:\/\/www.autonvaraosahaku.fi\/index.php?rest_route=%2Fwp%2Fv2%2Fproduct_tag&post=68337"}],"curies":[{"name":"wp","href":"https:\/\/api.w.org\/{rel}","templated":true}]}}