{"id":68345,"date":"2021-02-21T18:58:56","date_gmt":"2021-02-21T18:58:56","guid":{"rendered":"https:\/\/www.autonvaraosahaku.fi\/?product=magneti-marelli-153071760130-oljynsuodatin"},"modified":"2021-02-21T18:58:58","modified_gmt":"2021-02-21T18:58:58","slug":"magneti-marelli-153071760130-oljynsuodatin","status":"publish","type":"product","link":"https:\/\/www.autonvaraosahaku.fi\/?product=magneti-marelli-153071760130-oljynsuodatin","title":{"rendered":"MAGNETI MARELLI 153071760130 \u00d6ljynsuodatin"},"content":{"rendered":"<p>Korkeus (mm): 86; Suodatintyyppi: Ruuvattava suodatin; Kierremitta: M 20&#215;1,5; L\u00e4pimitta 1 [mm]: 71; L\u00e4pimitta 2 [mm]: 52,5; Ulkol\u00e4pimitta [mm]: 77; TECDOC-moottorinumero: 32312; VW: ILTIS 183; OPEL: CROSSLAND X,GRANDLAND X A18; RENAULT: LAGUNA II Grandtour KG0\/1_,ESPACE III JE0_,LAGUNA II BG0\/1_,LAGUNA I B56_, 556_,CLIO I B\/C57_, 5\/357_,LAGUNA I Grandtour K56_,ESPACE II J\/S63_,19 II B\/C53_,RAPID Kasten F40_, G40_,19 I B\/C53_,SAFRANE II B54_,AVANTIME DE0_,TRAFIC Kasten TXX,9 L42_,TRAFIC Bus TXW,SAFRANE I B54_,19 II Chamade L53_,ESPACE I J11_,11 B\/C37_,21 Stufenheck L48_,25 B29_,19 I Chamade L53_,MASTER I Kasten T__,TRAFIC Kasten T1, T3, T4,TRAFIC Bus T5, T6, T7,18 134_,11 Kasten S37_,SPORT SPIDER EF0_,21 Kombi K48_,18 Variable 135_,21 B48_,MASTER I Bus T__,TRAFIC Pritsche\/Fahrgestell P6,MASTER I Pritsche\/Fahrgestell P__,TRAFIC Pritsche\/Fahrgestell PXX,21 Kasten S48_; FIAT: DUCATO Pritsche\/Fahrgestell 230,DUCATO Bus 230,DUCATO Kasten 244,DUCATO Pritsche\/Fahrgestell 244,DUCATO Kasten 290,DUCATO Pritsche\/Fahrgestell 290,DUCATO Kasten 230L,DUCATO Kasten 280,DUCATO Pritsche\/Fahrgestell 280,ULYSSE 179AX,DUCATO Bus 244, Z_,DUCATO Panorama 280,ULYSSE 220,SCUDO Kasten 220L,DUCATO Panorama 290,SCUDO Combinato 220P,TALENTO Pritsche\/Fahrgestell 290,TALENTO Bus 290,TALENTO Kasten 290,SCUDO Pritsche\/Fahrgestell 220_; PEUGEOT: 206 Schr\u00e4gheck 2A\/C,206 CC 2D,307 SW 3H,307 CC 3B,407 SW 6E_,307 3A\/C,206 SW 2E\/K,208,807 E,106 II 1,5008,307 Break 3E,508 SW,306 Schr\u00e4gheck 7A, 7C, N3, N5,607 9D, 9U,306 Cabriolet 7D, N3, N5,407 6D_,3008,406 Break 8E\/F,PARTNER Tepee,PARTNER Combispace 5F,106 I 1A, 1C,205 II 20A\/C,2008,PARTNER Kasten 5,J5 Pritsche\/Fahrgestell 280L,406 Coupe 8C,306 Break 7E, N3, N5,406 8B,J5 Pritsche\/Fahrgestell 290L,806 221,508,407 Coupe 6C_,BOXER Kasten 230L,BOXER Kasten 244,306 7B, N3, N5,J5 Kasten 280L,205 I Cabriolet 741B, 20D,EXPERT Kasten 222,308 II,J5 Bus 290P,309 II 3C, 3A,205 I 741A\/C,J5 Kasten 290L,J5 Bus 280P,405 I 15B,BOXER Bus 230P,BOXER Bus 244, Z_,BOXER Pritsche\/Fahrgestell ZCT_,206 Van,605 6B,EXPERT 224,405 II 4B,504 A_, M_,504 Cabriolet,106 Van 1_,309 I 10C, 10A,306 Van N_, 7_,505 551A,BOXER Pritsche\/Fahrgestell 244,504 Coupe,405 II Break 4E,405 I Break 15E,305 II 581M,505 Break 551D,504 Break D_, F_,504 Pick-up E_,301,305 II Break 581E,EX; TOYOTA: COROLLA Liftback _E11_,COROLLA Compact _E11_,COROLLA _E11_,COROLLA Wagon __E11_,AYGO PAB4_, KGB4_,PROACE Bus MPY_,PROACE Kasten MDZ_; HYUNDAI: LANTRA II Wagon J-2,LANTRA II J-2; CITRO\u00cbN: BERLINGO MF,XSARA PICASSO N68,BERLINGO B9,C5 III Break TD_,C8 EA_, EB_,C4 I LC_,SAXO S0, S1,DS3,BERLINGO Kasten M_,C5 II Break RE_,C3 Picasso,C5 I DC_,C5 I Break DE_,C5 III RD_,C3 II,XSARA N1,C4 Coupe LA_,C4 II B7,C5 II RC_,XSARA Break N2,JUMPER Kasten 244,C6 TD_,C4 Grand Picasso II,C4 Picasso II,XM Y4,XANTIA X2,DS4,XSARA Coupe N0,XANTIA X1,AX ZA-_,DS5,EVASION 22, U6,XANTIA Break X2,ZX N2,BX XB-_,C25 Bus 280_, 290_,JUMPY U6U,JUMPY Kasten BS_, BT_, BY_, BZ_,JUMPER Kasten 230L,JUMPER Bus 244, Z_,XM Y3,CX II,CX I MA,DS3 Cabriolet,XANTIA Break X1,JUMPER Bus 230P,C25 Pritsche\/Fahrgestell 280_, 290_,ZX Break N2,JUMPER Pritsche\/Fahrgestell 244,XM Break Y4,JUMPER Pritsche\/Fahrgestell 230,BX Break XB-_,C25 Kasten 280_, 290_,C15 VD-_,CX II Break,JUMPY Pritsche\/Fahrgestell BU_, BV_, BW_, BX_,C-ELYSEE,XM Break Y3,CX I Break MA,C1 II,C4 CACTUS,C15 Kombi,C35 Kasten,XSARA Kasten,C35 Bus,C35 Pick-up,JUMPY Kasten,SPACETOURER,C3 III SX,C3 AIRCROSS II,SAXO Ha; NISSAN: MICRA II K11,PATHFINDER R50; VOLVO: 440 K 445; 110938, 110939, 110967, 110968, 110981, 110982, 110984, 110986, 1109AK, 1109AL, 1109AP, 1109CA, 1109J8, 1109J9, 1109K1, 1109K2, 1109L0, 1109L1, 1109N2, 1109N3, 1109N4, 1109N5, 1109R1, 1109S7, 1109S8, 1109T1, 1109X1, 1109X2, 1109X6, 93516538, 95495621, 954956212, 95495622, 95580482, 9558048280, 95580483, 95638747, 96002933, 9608666880, 9637143480, E149102, MLS000592, 130614, 4930630000, 7571543, 7910031245, 9456000927, 9456183480, 9456203480, 9456203580, 9567205780, 9600293380, 9628173380, 5011788, 5011991, 2630029000, 130614, 152086F901, 152086F905, 3647177, 110951, 110967, 110968, 110975, 110981, 110982, 110984, 110986, 1109AK, 1109AL, 1109AP, 1109C2, 1109CA, 1109K1, 1109L0, 1109LO, 1109N2, 1109N4, 1109R0, 1109R1, 1109S7, 1109T0, 1109X5, 9558048380, 9608666880, 9620029980, 9644885480, E149102, E149134, 493063, 7700720978, 7700734825, 7700734937, 7700856339, 7700867454, 7701415056, 7701415063, 86710013812, 8671004329, 9615841580, 1531001700, 1651066G00, 1651066G00000, 1651066G02, 165&#8230;<\/p>\n","protected":false},"excerpt":{"rendered":"<p>MAGNETI MARELLI \u00d6ljynsuodatin 153071760130  VW,OPEL,RENAULT,ILTIS 183,CROSSLAND X,GRANDLAND X A18,LAGUNA II Grandtour KG0\/1_,ESPACE III JE0_<\/p>\n","protected":false},"featured_media":0,"template":"","meta":{"site-sidebar-layout":"default","site-content-layout":"default","ast-global-header-display":"","ast-main-header-display":"","ast-hfb-above-header-display":"","ast-hfb-below-header-display":"","ast-hfb-mobile-header-display":"","site-post-title":"","ast-breadcrumbs-content":"","ast-featured-img":"","footer-sml-layout":"","theme-transparent-header-meta":"","adv-header-id-meta":"","stick-header-meta":"","header-above-stick-meta":"","header-main-stick-meta":"","header-below-stick-meta":""},"pwb-brand":[34],"product_cat":[30],"product_tag":[],"class_list":{"0":"post-68345","1":"product","2":"type-product","3":"status-publish","5":"pwb-brand-magneti-marelli","6":"product_cat-oljynsuodatin","7":"desktop-align-left","8":"tablet-align-left","9":"mobile-align-left","11":"first","12":"instock","13":"product-type-external"},"brands":[{"id":34,"name":"MAGNETI MARELLI","slug":"magneti-marelli"}],"_links":{"self":[{"href":"https:\/\/www.autonvaraosahaku.fi\/index.php?rest_route=\/wp\/v2\/product\/68345","targetHints":{"allow":["GET"]}}],"collection":[{"href":"https:\/\/www.autonvaraosahaku.fi\/index.php?rest_route=\/wp\/v2\/product"}],"about":[{"href":"https:\/\/www.autonvaraosahaku.fi\/index.php?rest_route=\/wp\/v2\/types\/product"}],"wp:attachment":[{"href":"https:\/\/www.autonvaraosahaku.fi\/index.php?rest_route=%2Fwp%2Fv2%2Fmedia&parent=68345"}],"wp:term":[{"taxonomy":"pwb-brand","embeddable":true,"href":"https:\/\/www.autonvaraosahaku.fi\/index.php?rest_route=%2Fwp%2Fv2%2Fpwb-brand&post=68345"},{"taxonomy":"product_cat","embeddable":true,"href":"https:\/\/www.autonvaraosahaku.fi\/index.php?rest_route=%2Fwp%2Fv2%2Fproduct_cat&post=68345"},{"taxonomy":"product_tag","embeddable":true,"href":"https:\/\/www.autonvaraosahaku.fi\/index.php?rest_route=%2Fwp%2Fv2%2Fproduct_tag&post=68345"}],"curies":[{"name":"wp","href":"https:\/\/api.w.org\/{rel}","templated":true}]}}