{"id":6837,"date":"2021-02-21T13:58:24","date_gmt":"2021-02-21T13:58:24","guid":{"rendered":"https:\/\/www.autonvaraosahaku.fi\/?product=valeo-301715-jarrupalat"},"modified":"2021-02-21T13:58:25","modified_gmt":"2021-02-21T13:58:25","slug":"valeo-301715-jarrupalat","status":"publish","type":"product","link":"https:\/\/www.autonvaraosahaku.fi\/?product=valeo-301715-jarrupalat","title":{"rendered":"VALEO 301715 Jarrupalat"},"content":{"rendered":"<p>Asennuspuoli: Etuakseli; Jarruj\u00e4rjestelm\u00e4: TEVES; Leveys 1 (mm): 155; Korkeus 1 (mm): 66; Paksuus 1 [mm]: 19,1; Leveys 2 (mm): 156,7; Korkeus 2 (mm): 71,3; Paksuus 2 [mm]: 19,1; WVA-numero: 23589, 24153; Kulumisenilmaisimen liitos: Sis. kulumisenilmaisimen, akustisella kulumavaroittimella; Kulumisvaroittimia [pro Achse]: 1; Paino [kg]: 2,17; M\u00e4\u00e4r\u00e4yksikk\u00f6: Akselisarja; lis\u00e4tieto: FIRST; Valmistusvuoteen: 09\/2015; CITRO\u00cbN: C4 I LC_,C4 Coupe LA_; PEUGEOT: 207 WA_, WC_,307 SW 3H,307 CC 3B,307 3A\/C,207 SW WK_,308 SW,208,308 4A_, 4C_,307 Break 3E,3008,RCZ,308 CC,208 Kasten; 1609987980, 425323, 425344, 425488, 1609987980, 1609987980, 425260, 425343, 425488; Jarrupalasarja,Jarrupala, Levyjarru<\/p>\n","protected":false},"excerpt":{"rendered":"<p>VALEO Jarrupalat 301715 Jarrupalasarja,Jarrupala, Levyjarru CITRO\u00cbN,PEUGEOT,C4 I LC_,C4 Coupe LA_,207 WA_, WC_,307 SW 3H,307 CC 3B,307 3A\/C,207 SW WK_<\/p>\n","protected":false},"featured_media":0,"template":"","meta":{"site-sidebar-layout":"default","site-content-layout":"default","ast-global-header-display":"","ast-main-header-display":"","ast-hfb-above-header-display":"","ast-hfb-below-header-display":"","ast-hfb-mobile-header-display":"","site-post-title":"","ast-breadcrumbs-content":"","ast-featured-img":"","footer-sml-layout":"","theme-transparent-header-meta":"","adv-header-id-meta":"","stick-header-meta":"","header-above-stick-meta":"","header-main-stick-meta":"","header-below-stick-meta":""},"pwb-brand":[28],"product_cat":[100],"product_tag":[],"class_list":{"0":"post-6837","1":"product","2":"type-product","3":"status-publish","5":"pwb-brand-valeo","6":"product_cat-jarrupalat","7":"desktop-align-left","8":"tablet-align-left","9":"mobile-align-left","11":"first","12":"instock","13":"product-type-external"},"brands":[{"id":28,"name":"VALEO","slug":"valeo"}],"_links":{"self":[{"href":"https:\/\/www.autonvaraosahaku.fi\/index.php?rest_route=\/wp\/v2\/product\/6837","targetHints":{"allow":["GET"]}}],"collection":[{"href":"https:\/\/www.autonvaraosahaku.fi\/index.php?rest_route=\/wp\/v2\/product"}],"about":[{"href":"https:\/\/www.autonvaraosahaku.fi\/index.php?rest_route=\/wp\/v2\/types\/product"}],"wp:attachment":[{"href":"https:\/\/www.autonvaraosahaku.fi\/index.php?rest_route=%2Fwp%2Fv2%2Fmedia&parent=6837"}],"wp:term":[{"taxonomy":"pwb-brand","embeddable":true,"href":"https:\/\/www.autonvaraosahaku.fi\/index.php?rest_route=%2Fwp%2Fv2%2Fpwb-brand&post=6837"},{"taxonomy":"product_cat","embeddable":true,"href":"https:\/\/www.autonvaraosahaku.fi\/index.php?rest_route=%2Fwp%2Fv2%2Fproduct_cat&post=6837"},{"taxonomy":"product_tag","embeddable":true,"href":"https:\/\/www.autonvaraosahaku.fi\/index.php?rest_route=%2Fwp%2Fv2%2Fproduct_tag&post=6837"}],"curies":[{"name":"wp","href":"https:\/\/api.w.org\/{rel}","templated":true}]}}