{"id":68395,"date":"2021-02-21T18:59:15","date_gmt":"2021-02-21T18:59:15","guid":{"rendered":"https:\/\/www.autonvaraosahaku.fi\/?product=febi-bilstein-14742-jaahdyttimen-tuuletin"},"modified":"2021-02-21T18:59:15","modified_gmt":"2021-02-21T18:59:15","slug":"febi-bilstein-14742-jaahdyttimen-tuuletin","status":"publish","type":"product","link":"https:\/\/www.autonvaraosahaku.fi\/?product=febi-bilstein-14742-jaahdyttimen-tuuletin","title":{"rendered":"FEBI BILSTEIN 14742 J\u00e4\u00e4hdyttimen tuuletin"},"content":{"rendered":"<p>Pituus (mm): 350; Leveys (mm): 350,0; Paksuus [mm]: 140,0; Ulkol\u00e4pimitta [mm]: 345,0; Nimellisteho (W): 250, 60; Liittimi\u00e4: 3; K\u00e4ytt\u00f6: S\u00e4hk\u00f6inen; Siipien m\u00e4\u00e4r\u00e4: 9; Paino [kg]: 2,55, 2,55; Varusteet: f\u00fcr Fahrzeuge mit Klimaanlage; VW: GOLF IV 1J1,POLO 9N_,LUPO 6X1, 6E1,GOLF IV Variant 1J5,POLO 6N2,POLO 6N1,BORA 1J2,NEW BEETLE 9C1, 1C1,BORA Kombi 1J6,POLO Stufenheck 9A4,GOLF IV Van 1J1; AUDI: A3 8L1,TT 8N3,TT Roadster 8N9; SKODA: FABIA Combi 6Y5,FABIA 6Y2,OCTAVIA Combi 1U5,OCTAVIA 1U2,FABIA Stufenheck 6Y3,FABIA Praktik; SEAT: IBIZA IV 6L1,LEON 1M1,AROSA 6H,TOLEDO II 1M2,CORDOBA 6L2; 1J0959455F, 6H0959455B, 6N0959455F, 6N0959455G, 6Q0959455K, 6X0959455F, 6X0959455F, 6X0959455F, 1J0959455D, 1J0959455F, 6H0959455B, 6N0959455F, 6N0959455G, 6Q0959455K, 6X0959455A, 6X0959455F; Tuuletin, Moottorin J\u00e4\u00e4hdytys<\/p>\n","protected":false},"excerpt":{"rendered":"<p>FEBI BILSTEIN J\u00e4\u00e4hdyttimen Tuuletin 14742 Tuuletin, Moottorin J\u00e4\u00e4hdytys VW,AUDI,SKODA,GOLF IV 1J1,POLO 9N_,LUPO 6X1, 6E1,GOLF IV Variant 1J5,POLO 6N2<\/p>\n","protected":false},"featured_media":0,"template":"","meta":{"site-sidebar-layout":"default","site-content-layout":"default","ast-global-header-display":"","ast-main-header-display":"","ast-hfb-above-header-display":"","ast-hfb-below-header-display":"","ast-hfb-mobile-header-display":"","site-post-title":"","ast-breadcrumbs-content":"","ast-featured-img":"","footer-sml-layout":"","theme-transparent-header-meta":"","adv-header-id-meta":"","stick-header-meta":"","header-above-stick-meta":"","header-main-stick-meta":"","header-below-stick-meta":""},"pwb-brand":[50],"product_cat":[313],"product_tag":[],"class_list":{"0":"post-68395","1":"product","2":"type-product","3":"status-publish","5":"pwb-brand-febi-bilstein","6":"product_cat-jaahdyttimen-tuuletin","7":"desktop-align-left","8":"tablet-align-left","9":"mobile-align-left","11":"first","12":"instock","13":"product-type-external"},"brands":[{"id":50,"name":"FEBI BILSTEIN","slug":"febi-bilstein"}],"_links":{"self":[{"href":"https:\/\/www.autonvaraosahaku.fi\/index.php?rest_route=\/wp\/v2\/product\/68395","targetHints":{"allow":["GET"]}}],"collection":[{"href":"https:\/\/www.autonvaraosahaku.fi\/index.php?rest_route=\/wp\/v2\/product"}],"about":[{"href":"https:\/\/www.autonvaraosahaku.fi\/index.php?rest_route=\/wp\/v2\/types\/product"}],"wp:attachment":[{"href":"https:\/\/www.autonvaraosahaku.fi\/index.php?rest_route=%2Fwp%2Fv2%2Fmedia&parent=68395"}],"wp:term":[{"taxonomy":"pwb-brand","embeddable":true,"href":"https:\/\/www.autonvaraosahaku.fi\/index.php?rest_route=%2Fwp%2Fv2%2Fpwb-brand&post=68395"},{"taxonomy":"product_cat","embeddable":true,"href":"https:\/\/www.autonvaraosahaku.fi\/index.php?rest_route=%2Fwp%2Fv2%2Fproduct_cat&post=68395"},{"taxonomy":"product_tag","embeddable":true,"href":"https:\/\/www.autonvaraosahaku.fi\/index.php?rest_route=%2Fwp%2Fv2%2Fproduct_tag&post=68395"}],"curies":[{"name":"wp","href":"https:\/\/api.w.org\/{rel}","templated":true}]}}