{"id":6840,"date":"2021-02-21T13:58:28","date_gmt":"2021-02-21T13:58:28","guid":{"rendered":"https:\/\/www.autonvaraosahaku.fi\/?product=valeo-301059-jarrupalat"},"modified":"2021-02-21T13:58:28","modified_gmt":"2021-02-21T13:58:28","slug":"valeo-301059-jarrupalat","status":"publish","type":"product","link":"https:\/\/www.autonvaraosahaku.fi\/?product=valeo-301059-jarrupalat","title":{"rendered":"VALEO 301059 Jarrupalat"},"content":{"rendered":"<p>Asennuspuoli: Etuakseli; Jarruj\u00e4rjestelm\u00e4: TEVES; Leveys 1 (mm): 155,5; Korkeus 1 (mm): 64,5; Paksuus 1 [mm]: 18; Leveys 2 (mm): 155,4; Korkeus 2 (mm): 59,4; Paksuus 2 [mm]: 18; WVA-numero: 24914, 24538; Kulumisenilmaisimen liitos: Ilman kulumisenilmaisinta; Paino [kg]: 1,9; M\u00e4\u00e4r\u00e4yksikk\u00f6: Akselisarja; lis\u00e4tieto: FIRST; Valmistusvuoteen: 07\/2012; DACIA: DUSTER,LODGY,DOKKER,DOKKER Express,DUSTER Kasten; RENAULT: MEGANE III Grandtour KZ0\/1,SC\u00c9NIC III JZ0\/1_,MEGANE III Schr\u00e4gheck BZ0_,GRAND SC\u00c9NIC III JZ0\/1_,MEGANE III Coupe DZ0\/1_,CAPTUR,MEGANE CC EZ0\/1_,FLUENCE L30_,DUSTER,MEGANE IV B9A\/M_; 410605961R, 410607115R, 440603905R, 410605961R, 410607115R, 440603905R; Jarrupalasarja,Jarrupala, Levyjarru<\/p>\n","protected":false},"excerpt":{"rendered":"<p>VALEO Jarrupalat 301059 Jarrupalasarja,Jarrupala, Levyjarru DACIA,RENAULT,DUSTER,LODGY,DOKKER,DOKKER Express,DUSTER Kasten,MEGANE III Grandtour KZ0\/1<\/p>\n","protected":false},"featured_media":0,"template":"","meta":{"site-sidebar-layout":"default","site-content-layout":"default","ast-global-header-display":"","ast-main-header-display":"","ast-hfb-above-header-display":"","ast-hfb-below-header-display":"","ast-hfb-mobile-header-display":"","site-post-title":"","ast-breadcrumbs-content":"","ast-featured-img":"","footer-sml-layout":"","theme-transparent-header-meta":"","adv-header-id-meta":"","stick-header-meta":"","header-above-stick-meta":"","header-main-stick-meta":"","header-below-stick-meta":""},"pwb-brand":[28],"product_cat":[100],"product_tag":[],"class_list":{"0":"post-6840","1":"product","2":"type-product","3":"status-publish","5":"pwb-brand-valeo","6":"product_cat-jarrupalat","7":"desktop-align-left","8":"tablet-align-left","9":"mobile-align-left","11":"first","12":"instock","13":"product-type-external"},"brands":[{"id":28,"name":"VALEO","slug":"valeo"}],"_links":{"self":[{"href":"https:\/\/www.autonvaraosahaku.fi\/index.php?rest_route=\/wp\/v2\/product\/6840","targetHints":{"allow":["GET"]}}],"collection":[{"href":"https:\/\/www.autonvaraosahaku.fi\/index.php?rest_route=\/wp\/v2\/product"}],"about":[{"href":"https:\/\/www.autonvaraosahaku.fi\/index.php?rest_route=\/wp\/v2\/types\/product"}],"wp:attachment":[{"href":"https:\/\/www.autonvaraosahaku.fi\/index.php?rest_route=%2Fwp%2Fv2%2Fmedia&parent=6840"}],"wp:term":[{"taxonomy":"pwb-brand","embeddable":true,"href":"https:\/\/www.autonvaraosahaku.fi\/index.php?rest_route=%2Fwp%2Fv2%2Fpwb-brand&post=6840"},{"taxonomy":"product_cat","embeddable":true,"href":"https:\/\/www.autonvaraosahaku.fi\/index.php?rest_route=%2Fwp%2Fv2%2Fproduct_cat&post=6840"},{"taxonomy":"product_tag","embeddable":true,"href":"https:\/\/www.autonvaraosahaku.fi\/index.php?rest_route=%2Fwp%2Fv2%2Fproduct_tag&post=6840"}],"curies":[{"name":"wp","href":"https:\/\/api.w.org\/{rel}","templated":true}]}}