{"id":68408,"date":"2021-02-21T18:59:15","date_gmt":"2021-02-21T18:59:15","guid":{"rendered":"https:\/\/www.autonvaraosahaku.fi\/?product=meyle-014-041-9040-s-muut-luokat"},"modified":"2021-02-21T18:59:18","modified_gmt":"2021-02-21T18:59:18","slug":"meyle-014-041-9040-s-muut-luokat","status":"publish","type":"product","link":"https:\/\/www.autonvaraosahaku.fi\/?product=meyle-014-041-9040-s-muut-luokat","title":{"rendered":"MEYLE 014 041 9040\/S Muut luokat"},"content":{"rendered":"<p>Asennuspuoli: Keskell\u00e4; Sis\u00e4l\u00e4pimitta [mm]: 25; Korvaava tuote\/korvaava tiedote 2: Kuulalaakerilla; lis\u00e4tieto: ORIGINAL Quality; Valmistusvuoteen: 05\/1993; MERCEDES-BENZ: 190 W201; 1244100010, 2014100581<\/p>\n","protected":false},"excerpt":{"rendered":"<p>MEYLE Ripustus, Kardaaniakseli 014 041 9040\/S  MERCEDES-BENZ,190 W201<\/p>\n","protected":false},"featured_media":0,"template":"","meta":{"site-sidebar-layout":"default","site-content-layout":"default","ast-global-header-display":"","ast-main-header-display":"","ast-hfb-above-header-display":"","ast-hfb-below-header-display":"","ast-hfb-mobile-header-display":"","site-post-title":"","ast-breadcrumbs-content":"","ast-featured-img":"","footer-sml-layout":"","theme-transparent-header-meta":"","adv-header-id-meta":"","stick-header-meta":"","header-above-stick-meta":"","header-main-stick-meta":"","header-below-stick-meta":""},"pwb-brand":[84],"product_cat":[37],"product_tag":[],"class_list":{"0":"post-68408","1":"product","2":"type-product","3":"status-publish","5":"pwb-brand-meyle","6":"product_cat-muut-luokat","7":"desktop-align-left","8":"tablet-align-left","9":"mobile-align-left","11":"first","12":"instock","13":"product-type-external"},"brands":[{"id":84,"name":"MEYLE","slug":"meyle"}],"_links":{"self":[{"href":"https:\/\/www.autonvaraosahaku.fi\/index.php?rest_route=\/wp\/v2\/product\/68408","targetHints":{"allow":["GET"]}}],"collection":[{"href":"https:\/\/www.autonvaraosahaku.fi\/index.php?rest_route=\/wp\/v2\/product"}],"about":[{"href":"https:\/\/www.autonvaraosahaku.fi\/index.php?rest_route=\/wp\/v2\/types\/product"}],"wp:attachment":[{"href":"https:\/\/www.autonvaraosahaku.fi\/index.php?rest_route=%2Fwp%2Fv2%2Fmedia&parent=68408"}],"wp:term":[{"taxonomy":"pwb-brand","embeddable":true,"href":"https:\/\/www.autonvaraosahaku.fi\/index.php?rest_route=%2Fwp%2Fv2%2Fpwb-brand&post=68408"},{"taxonomy":"product_cat","embeddable":true,"href":"https:\/\/www.autonvaraosahaku.fi\/index.php?rest_route=%2Fwp%2Fv2%2Fproduct_cat&post=68408"},{"taxonomy":"product_tag","embeddable":true,"href":"https:\/\/www.autonvaraosahaku.fi\/index.php?rest_route=%2Fwp%2Fv2%2Fproduct_tag&post=68408"}],"curies":[{"name":"wp","href":"https:\/\/api.w.org\/{rel}","templated":true}]}}