{"id":68416,"date":"2021-02-21T18:59:22","date_gmt":"2021-02-21T18:59:22","guid":{"rendered":"https:\/\/www.autonvaraosahaku.fi\/?product=ae-v91997-imuventtiili"},"modified":"2021-02-21T18:59:22","modified_gmt":"2021-02-21T18:59:22","slug":"ae-v91997-imuventtiili","status":"publish","type":"product","link":"https:\/\/www.autonvaraosahaku.fi\/?product=ae-v91997-imuventtiili","title":{"rendered":"AE V91997 Imuventtiili"},"content":{"rendered":"<p>Pituus (mm): 102,100; Materiaali: Kromi-siliciumter\u00e4s; Korvaava tuote\/korvaava tiedote 2: venttiilinvarsi kromattu, Venttilivarren p\u00e4\u00e4 karkaistu; Venttiililautasen l\u00e4pimitta [mm]: 32,100; Venttiilinvarren l\u00e4pimitta [mm]: 5,970; venttiiliistukan kulma [astetta]: 45; TECDOC-moottorinumero: 4804; DAEWOO: REZZO KLAU,EVANDA KLAL,NUBIRA Wagon KLAJ,LEGANZA KLAV,NUBIRA Stufenheck KLAJ,NUBIRA KLAJ,LACETTI J150  Stufenheck,NUBIRA J150,NUBIRA Stufenheck J150,NUBIRA Kombi J150; SAAB: 9000 Schr\u00e4gheck,900 II Cabriolet,900 II,9000,900 II Coupe; OPEL: ZAFIRA B A05,ASTRA H Caravan L35,ZAFIRA A F75_,ASTRA G CC F48_, F08_,ASTRA H L48,ASTRA G Caravan F35_,VECTRA C Caravan,ASTRA H GTC L08,SIGNUM,VECTRA C,VECTRA B 36_,ASTRA F CC 53_, 54_, 58_, 59_,OMEGA B Caravan 21_, 22_, 23_,OMEGA B 25_, 26_, 27_,VECTRA C GTS,ANTARA,VECTRA B Caravan 31_,ASTRA H TwinTop L67,ASTRA G Cabriolet F67,ASTRA F Caravan 51_, 52_,FRONTERA B 6B_,ASTRA G Coupe F07_,ASTRA G Stufenheck F69_,ZAFIRA B Van,CALIBRA A 85_,VECTRA B CC 38_,VECTRA A 86_, 87_,ASTRA F Cabriolet 53_B,ASTRA F 56_, 57_,SINTRA,FRONTERA A 5_MWL4,VECTRA A CC 88_, 89_,SPEEDSTER; CADILLAC: BLS,BLS Wagon; LOTUS: EUROPA S; VAUXHALL: CALIBRA,ZAFIRA Mk II B M75,ASTRA Mk V H CC,VECTRA Mk II C CC,ZAFIRA Mk I A F75,ASTRA Mk V H Estate,VECTRA Mk II C Estate,ASTRA Mk V H Convertible,ASTRA Mk IV G CC,VECTRA Mk II C,ASTRA Mk III F CC,FRONTERA Mk II B,SIGNUM,ASTRA Mk IV G Sedan,OMEGA B,VECTRA B CC,FRONTERA Mk I A,CAVALIER Mk III 87,VX220,VECTRA B Estate,VECTRA B,ASTRA Mk III F Estate,ASTRA Mk IV G Coupe F67,CAVALIER Mk III CC,OMEGA B Estate,ASTRA Mk IV G Convertible; 90412277, 90412277, 90412277, 90412277, 641022, 4500849, 90412277, 90412277<\/p>\n","protected":false},"excerpt":{"rendered":"<p>AE Imuventtiili V91997  DAEWOO,SAAB,OPEL,REZZO KLAU,EVANDA KLAL,NUBIRA Wagon KLAJ,LEGANZA KLAV,NUBIRA Stufenheck KLAJ,NUBIRA KLAJ<\/p>\n","protected":false},"featured_media":0,"template":"","meta":{"site-sidebar-layout":"default","site-content-layout":"default","ast-global-header-display":"","ast-main-header-display":"","ast-hfb-above-header-display":"","ast-hfb-below-header-display":"","ast-hfb-mobile-header-display":"","site-post-title":"","ast-breadcrumbs-content":"","ast-featured-img":"","footer-sml-layout":"","theme-transparent-header-meta":"","adv-header-id-meta":"","stick-header-meta":"","header-above-stick-meta":"","header-main-stick-meta":"","header-below-stick-meta":""},"pwb-brand":[190],"product_cat":[274],"product_tag":[],"class_list":{"0":"post-68416","1":"product","2":"type-product","3":"status-publish","5":"pwb-brand-ae","6":"product_cat-imuventtiili","7":"desktop-align-left","8":"tablet-align-left","9":"mobile-align-left","11":"first","12":"instock","13":"product-type-external"},"brands":[{"id":190,"name":"AE","slug":"ae"}],"_links":{"self":[{"href":"https:\/\/www.autonvaraosahaku.fi\/index.php?rest_route=\/wp\/v2\/product\/68416","targetHints":{"allow":["GET"]}}],"collection":[{"href":"https:\/\/www.autonvaraosahaku.fi\/index.php?rest_route=\/wp\/v2\/product"}],"about":[{"href":"https:\/\/www.autonvaraosahaku.fi\/index.php?rest_route=\/wp\/v2\/types\/product"}],"wp:attachment":[{"href":"https:\/\/www.autonvaraosahaku.fi\/index.php?rest_route=%2Fwp%2Fv2%2Fmedia&parent=68416"}],"wp:term":[{"taxonomy":"pwb-brand","embeddable":true,"href":"https:\/\/www.autonvaraosahaku.fi\/index.php?rest_route=%2Fwp%2Fv2%2Fpwb-brand&post=68416"},{"taxonomy":"product_cat","embeddable":true,"href":"https:\/\/www.autonvaraosahaku.fi\/index.php?rest_route=%2Fwp%2Fv2%2Fproduct_cat&post=68416"},{"taxonomy":"product_tag","embeddable":true,"href":"https:\/\/www.autonvaraosahaku.fi\/index.php?rest_route=%2Fwp%2Fv2%2Fproduct_tag&post=68416"}],"curies":[{"name":"wp","href":"https:\/\/api.w.org\/{rel}","templated":true}]}}