{"id":68422,"date":"2021-02-21T18:59:22","date_gmt":"2021-02-21T18:59:22","guid":{"rendered":"https:\/\/www.autonvaraosahaku.fi\/?product=corteco-19018318-venttiilinvarren-kumit"},"modified":"2021-02-21T18:59:24","modified_gmt":"2021-02-21T18:59:24","slug":"corteco-19018318-venttiilinvarren-kumit","status":"publish","type":"product","link":"https:\/\/www.autonvaraosahaku.fi\/?product=corteco-19018318-venttiilinvarren-kumit","title":{"rendered":"CORTECO 19018318 Venttiilinvarren kumit"},"content":{"rendered":"<p>Sis\u00e4l\u00e4pimitta 1 [mm]: 7; Ulkol\u00e4pimitta 1 [mm]: 9,8; Ulkol\u00e4pimitta 2 [mm]: 13,2; Korkeus 1 (mm): 10; Materiaali: ACM (polyakryyli-kautsu); Venttiilej\u00e4: 8; Tarvittava kappalem\u00e4\u00e4r\u00e4: 8; FIAT: PUNTO 176,CINQUECENTO 170,PANDA 141A_,PUNTO Cabriolet 176C,UNO 146A\/E,TIPO 160,FIORINO 127; CITRO\u00cbN: SAXO S0, S1,AX ZA-_,ZX N2,BX XB-_,C15 VD-_; LANCIA: Y 840A; AUTOBIANCHI: Y10; 4265701, 4357028, 7582158, 7650355, 095619, 97531278, 4265701, 4357028, 46436047, 7582158, 7650355, 46436047, 82293355; Venttiilivarren Tiiviste,Tiivistesarja, Venttiilivarsi<\/p>\n","protected":false},"excerpt":{"rendered":"<p>CORTECO Venttiilinvarren Kumit 19018318 Venttiilivarren Tiiviste,Tiivistesarja, Venttiilivarsi FIAT,CITRO\u00cbN,LANCIA,PUNTO 176,CINQUECENTO 170<\/p>\n","protected":false},"featured_media":0,"template":"","meta":{"site-sidebar-layout":"default","site-content-layout":"default","ast-global-header-display":"","ast-main-header-display":"","ast-hfb-above-header-display":"","ast-hfb-below-header-display":"","ast-hfb-mobile-header-display":"","site-post-title":"","ast-breadcrumbs-content":"","ast-featured-img":"","footer-sml-layout":"","theme-transparent-header-meta":"","adv-header-id-meta":"","stick-header-meta":"","header-above-stick-meta":"","header-main-stick-meta":"","header-below-stick-meta":""},"pwb-brand":[53],"product_cat":[170],"product_tag":[],"class_list":{"0":"post-68422","1":"product","2":"type-product","3":"status-publish","5":"pwb-brand-corteco","6":"product_cat-venttiilinvarren-kumit","7":"desktop-align-left","8":"tablet-align-left","9":"mobile-align-left","11":"first","12":"instock","13":"product-type-external"},"brands":[{"id":53,"name":"CORTECO","slug":"corteco"}],"_links":{"self":[{"href":"https:\/\/www.autonvaraosahaku.fi\/index.php?rest_route=\/wp\/v2\/product\/68422","targetHints":{"allow":["GET"]}}],"collection":[{"href":"https:\/\/www.autonvaraosahaku.fi\/index.php?rest_route=\/wp\/v2\/product"}],"about":[{"href":"https:\/\/www.autonvaraosahaku.fi\/index.php?rest_route=\/wp\/v2\/types\/product"}],"wp:attachment":[{"href":"https:\/\/www.autonvaraosahaku.fi\/index.php?rest_route=%2Fwp%2Fv2%2Fmedia&parent=68422"}],"wp:term":[{"taxonomy":"pwb-brand","embeddable":true,"href":"https:\/\/www.autonvaraosahaku.fi\/index.php?rest_route=%2Fwp%2Fv2%2Fpwb-brand&post=68422"},{"taxonomy":"product_cat","embeddable":true,"href":"https:\/\/www.autonvaraosahaku.fi\/index.php?rest_route=%2Fwp%2Fv2%2Fproduct_cat&post=68422"},{"taxonomy":"product_tag","embeddable":true,"href":"https:\/\/www.autonvaraosahaku.fi\/index.php?rest_route=%2Fwp%2Fv2%2Fproduct_tag&post=68422"}],"curies":[{"name":"wp","href":"https:\/\/api.w.org\/{rel}","templated":true}]}}