{"id":68425,"date":"2021-02-21T18:59:22","date_gmt":"2021-02-21T18:59:22","guid":{"rendered":"https:\/\/www.autonvaraosahaku.fi\/?product=vaico-v42-80015-jarrulevyt"},"modified":"2021-02-21T18:59:25","modified_gmt":"2021-02-21T18:59:25","slug":"vaico-v42-80015-jarrulevyt","status":"publish","type":"product","link":"https:\/\/www.autonvaraosahaku.fi\/?product=vaico-v42-80015-jarrulevyt","title":{"rendered":"VAICO V42-80015 Jarrulevyt"},"content":{"rendered":"<p>Asennuspuoli: Etuakseli; Jarrulevyn navan korkeus [mm]: 7,9; Vanne, aukkoja: 4; Korkeus (mm): 34,2; Jarrulevytyyppi: Tuuletettu; Jarrulevyn paksuus (mm): 26; V\u00e4himm\u00e4ispaksuus (mm): 24; Ulkol\u00e4pimitta [mm]: 283; keskitt\u00e4misl\u00e4pimitta [mm]: 66; Reik\u00e4ympyr\u00e4-\u00d8 [mm]: 108; Pakkausleveys [cm]: 30, 30; Pakkauskorkeus [mm]: 7, 7; Pakkaussyvyys [cm]: 30, 30; lis\u00e4tieto: CST99; Varusteet: f\u00fcr Fahrzeuge mit elektrischer Feststellbremse; CITRO\u00cbN: BERLINGO MF,XSARA PICASSO N68,C3 I FC_,BERLINGO B9,C4 Picasso I UD_,C4 Grand Picasso I UA_,C4 I LC_,DS3,BERLINGO Kasten M_,C5 II Break RE_,C3 Picasso,C5 I DC_,C5 I Break DE_,C3 II,XSARA N1,C4 Coupe LA_,C4 II B7,C5 II RC_,XSARA Break N2,BERLINGO Kasten B9,C4 Grand Picasso II,C4 Picasso II,DS4,XSARA Coupe N0,DS5,C4 Stufenheck L,DS3 Cabriolet,BERLINGO Pritsche\/Fahrgestell B9,C4 CACTUS,XSARA Kasten,C3 III SX,C3 AIRCROSS II,C4 Stufenheck N; PEUGEOT: 206 Schr\u00e4gheck 2A\/C,207 WA_, WC_,307 SW 3H,207 CC WD_,307 CC 3B,307 3A\/C,207 SW WK_,308 SW,308 4A_, 4C_,5008,307 Break 3E,3008,PARTNER Tepee,308 CC,1007 KM_,PARTNER Combispace 5F,2008,PARTNER Kasten 5,PARTNER Kasten,207 Stufenheck,207 Van,PARTNER Pritsche\/Fahrgestell; DS: DS 3,DS 4 \/ DS 4 CROSSBACK,DS 3 Cabriolet; 1606401480, 4246W2, 4246W8, 424917, 424918, 424984, E169142, 1606401480, 1613703980, 4246W2, 4246W8, 424917, 424918, 424984, 424984J, 4249J6, E169142; Jarrulevy<\/p>\n","protected":false},"excerpt":{"rendered":"<p>VAICO Jarrulevyt V42-80015 Jarrulevy CITRO\u00cbN,PEUGEOT,DS,BERLINGO MF,XSARA PICASSO N68,C3 I FC_,BERLINGO B9,C4 Picasso I UD_,C4 Grand Picasso I UA_<\/p>\n","protected":false},"featured_media":0,"template":"","meta":{"site-sidebar-layout":"default","site-content-layout":"default","ast-global-header-display":"","ast-main-header-display":"","ast-hfb-above-header-display":"","ast-hfb-below-header-display":"","ast-hfb-mobile-header-display":"","site-post-title":"","ast-breadcrumbs-content":"","ast-featured-img":"","footer-sml-layout":"","theme-transparent-header-meta":"","adv-header-id-meta":"","stick-header-meta":"","header-above-stick-meta":"","header-main-stick-meta":"","header-below-stick-meta":""},"pwb-brand":[330],"product_cat":[66],"product_tag":[],"class_list":{"0":"post-68425","1":"product","2":"type-product","3":"status-publish","5":"pwb-brand-vaico","6":"product_cat-jarrulevyt","7":"desktop-align-left","8":"tablet-align-left","9":"mobile-align-left","11":"first","12":"instock","13":"product-type-external"},"brands":[{"id":330,"name":"VAICO","slug":"vaico"}],"_links":{"self":[{"href":"https:\/\/www.autonvaraosahaku.fi\/index.php?rest_route=\/wp\/v2\/product\/68425","targetHints":{"allow":["GET"]}}],"collection":[{"href":"https:\/\/www.autonvaraosahaku.fi\/index.php?rest_route=\/wp\/v2\/product"}],"about":[{"href":"https:\/\/www.autonvaraosahaku.fi\/index.php?rest_route=\/wp\/v2\/types\/product"}],"wp:attachment":[{"href":"https:\/\/www.autonvaraosahaku.fi\/index.php?rest_route=%2Fwp%2Fv2%2Fmedia&parent=68425"}],"wp:term":[{"taxonomy":"pwb-brand","embeddable":true,"href":"https:\/\/www.autonvaraosahaku.fi\/index.php?rest_route=%2Fwp%2Fv2%2Fpwb-brand&post=68425"},{"taxonomy":"product_cat","embeddable":true,"href":"https:\/\/www.autonvaraosahaku.fi\/index.php?rest_route=%2Fwp%2Fv2%2Fproduct_cat&post=68425"},{"taxonomy":"product_tag","embeddable":true,"href":"https:\/\/www.autonvaraosahaku.fi\/index.php?rest_route=%2Fwp%2Fv2%2Fproduct_tag&post=68425"}],"curies":[{"name":"wp","href":"https:\/\/api.w.org\/{rel}","templated":true}]}}