{"id":6843,"date":"2021-02-21T13:58:28","date_gmt":"2021-02-21T13:58:28","guid":{"rendered":"https:\/\/www.autonvaraosahaku.fi\/?product=meyle-300-022-0163-hehkutulppa"},"modified":"2021-02-21T13:58:28","modified_gmt":"2021-02-21T13:58:28","slug":"meyle-300-022-0163-hehkutulppa","status":"publish","type":"product","link":"https:\/\/www.autonvaraosahaku.fi\/?product=meyle-300-022-0163-hehkutulppa","title":{"rendered":"MEYLE 300 022 0163 Hehkutulppa"},"content":{"rendered":"<p>J\u00e4nnite (V): 11; Kierremitta: M12 x 1,25; Nimellisvirta [A]: 16; L\u00e4pimitta [mm]: 6,1; Hehkutulppatyyppi: Hehkutulppa, puikko; Kokonaispituus (mm): 71; Avainv\u00e4li: 12; Liittimet: M5; Asennussyvyys (mm): 25; Kartionousu: 63\u00b0; lis\u00e4tieto: ORIGINAL Quality; Tarvittava kappalem\u00e4\u00e4r\u00e4: 6; BMW: 5 E39,5 Touring E39,3 Compact E36,3 E36,3 E30,7 E38,5 E34,3 Touring E36,5 Touring E34,5 E28,3 Touring E30; LAND ROVER: RANGE ROVER II LP,DEFENDER Cabrio LD,88\/109,88\/109 Hardtop; ROVER: 800 XS,200 Hatchback XW,800 Hatchback XS,400 Tourer XW,800 Coupe; OPEL: ASTRA G CC F48_, F08_,OMEGA A 16_, 17_, 19_,ASTRA G Caravan F35_,ASTRA F CC 53_, 54_, 58_, 59_,OMEGA B Caravan 21_, 22_, 23_,OMEGA B 25_, 26_, 27_,ASTRA F Caravan 51_, 52_,ASTRA G Stufenheck F69_,VECTRA A 86_, 87_,ASTRA F 56_, 57_,KADETT E CC 33_, 34_, 43_, 44_,FRONTERA A 5_MWL4,VECTRA A CC 88_, 89_,ASCONA C 81_, 86_, 87_, 88_,REKORD E 17_-19_, 11_, 14_, 16_,SENATOR A 29_,OMEGA A Caravan 66_, 67_,KADETT D 31_-34_, 41_-44_,KADETT E 39_, 49_,ASCONA C CC 84_, 89_,ASTRA G Kasten F70,KADETT E Caravan 35_, 36_, 45_, 46_,ASTRA F Van 55_,REKORD E Caravan 61_, 66_, 67_,KADETT D 32_,37_,39, _42,KADETT D Caravan 35_, 36_, 45_, 46_,KADETT E Kasten 37_, 47_,KADETT E Combo 38_, 48_; CHRYSLER: VOYAGER III GS; 12232241387, 12232241389, 12239061354, T0701130, STC3103, 1214044, 1214074, 1214317, 1214318, 1214324, 90487858, 90509368, 90540864, 93183740, 95508490, 7701414108, ERC8450, 1214044, 1214074, 1214317, 1214318, 1214324, 90487858, 90509368, 90540864, 93183740, 95508490<\/p>\n","protected":false},"excerpt":{"rendered":"<p>MEYLE Hehkutulppa 300 022 0163  BMW,LAND ROVER,ROVER,5 E39,5 Touring E39,3 Compact E36,3 E36,3 E30,7 E38,5 E34,3 Touring E36,5 Touring E34,5 E28<\/p>\n","protected":false},"featured_media":0,"template":"","meta":{"site-sidebar-layout":"default","site-content-layout":"default","ast-global-header-display":"","ast-main-header-display":"","ast-hfb-above-header-display":"","ast-hfb-below-header-display":"","ast-hfb-mobile-header-display":"","site-post-title":"","ast-breadcrumbs-content":"","ast-featured-img":"","footer-sml-layout":"","theme-transparent-header-meta":"","adv-header-id-meta":"","stick-header-meta":"","header-above-stick-meta":"","header-main-stick-meta":"","header-below-stick-meta":""},"pwb-brand":[84],"product_cat":[52],"product_tag":[],"class_list":{"0":"post-6843","1":"product","2":"type-product","3":"status-publish","5":"pwb-brand-meyle","6":"product_cat-hehkutulppa","7":"desktop-align-left","8":"tablet-align-left","9":"mobile-align-left","11":"first","12":"instock","13":"product-type-external"},"brands":[{"id":84,"name":"MEYLE","slug":"meyle"}],"_links":{"self":[{"href":"https:\/\/www.autonvaraosahaku.fi\/index.php?rest_route=\/wp\/v2\/product\/6843","targetHints":{"allow":["GET"]}}],"collection":[{"href":"https:\/\/www.autonvaraosahaku.fi\/index.php?rest_route=\/wp\/v2\/product"}],"about":[{"href":"https:\/\/www.autonvaraosahaku.fi\/index.php?rest_route=\/wp\/v2\/types\/product"}],"wp:attachment":[{"href":"https:\/\/www.autonvaraosahaku.fi\/index.php?rest_route=%2Fwp%2Fv2%2Fmedia&parent=6843"}],"wp:term":[{"taxonomy":"pwb-brand","embeddable":true,"href":"https:\/\/www.autonvaraosahaku.fi\/index.php?rest_route=%2Fwp%2Fv2%2Fpwb-brand&post=6843"},{"taxonomy":"product_cat","embeddable":true,"href":"https:\/\/www.autonvaraosahaku.fi\/index.php?rest_route=%2Fwp%2Fv2%2Fproduct_cat&post=6843"},{"taxonomy":"product_tag","embeddable":true,"href":"https:\/\/www.autonvaraosahaku.fi\/index.php?rest_route=%2Fwp%2Fv2%2Fproduct_tag&post=6843"}],"curies":[{"name":"wp","href":"https:\/\/api.w.org\/{rel}","templated":true}]}}