{"id":68444,"date":"2021-02-21T18:59:28","date_gmt":"2021-02-21T18:59:28","guid":{"rendered":"https:\/\/www.autonvaraosahaku.fi\/?product=febi-bilstein-39713-egr-venttiili"},"modified":"2021-02-21T18:59:30","modified_gmt":"2021-02-21T18:59:30","slug":"febi-bilstein-39713-egr-venttiili","status":"publish","type":"product","link":"https:\/\/www.autonvaraosahaku.fi\/?product=febi-bilstein-39713-egr-venttiili","title":{"rendered":"FEBI BILSTEIN 39713 Egr venttiili"},"content":{"rendered":"<p>Liittimi\u00e4: 1; K\u00e4ytt\u00f6: Pneumaattinen; Paino [kg]: 0,5, 0,5; Lis\u00e4tarvike\/lis\u00e4tieto: Tiivisteill\u00e4; Alustanumeroon: 3C-6E121 500; VW: GOLF IV 1J1,GOLF V 1K1,POLO 9N_,TOURAN 1T1, 1T2,PASSAT Variant 3C5,GOLF PLUS 5M1, 521,LUPO 6X1, 6E1,PASSAT 3C2,GOLF IV Variant 1J5,GOLF V Variant 1K5,BORA 1J2,NEW BEETLE 9C1, 1C1,BORA Kombi 1J6,NEW BEETLE Cabriolet 1Y7,JETTA III 1K2; AUDI: A3 8P1,A3 8L1,A3 Sportback 8PA; SKODA: OCTAVIA Combi 1Z5,FABIA Combi 6Y5,FABIA,FABIA 6Y2,OCTAVIA Combi 1U5,FABIA Combi,ROOMSTER 5J,SUPERB Kombi 3T5,OCTAVIA 1Z3,OCTAVIA 1U2,SUPERB 3T4,FABIA Stufenheck 6Y3,FABIA Praktik; SEAT: IBIZA IV 6L1,LEON 1P1,LEON 1M1,ALTEA 5P1,ALTEA XL 5P5, 5P8,CORDOBA 6L2,TOLEDO III 5P2; JEEP: COMPASS MK49,PATRIOT MK74; MITSUBISHI: OUTLANDER XL II CW_W,GRANDIS NA_W; DODGE: CALIBER; 038131501AF, 038131501AN, 038131501K, 038131501S, 038131637D, 38131501AF, 38131501AN, 38131501K, 38131501S, 38131637D, 00KRX001558AB, 0KRX001558AB, 68001558AA, 68001558AB, K68001558AB, KRX001558AB, 68001558AA, 68001558AB, 68001558AA, 68001558AB, MN980163, MN980265, 038131501AN, 38131501AN, 038131501AN, 38131501AN, 038129637D, 038131501AF, 038131501AN, 038131501K, 038131501S, 038131637D, 38129637D, 38131501AF, 38131501AN, 38131501K, 38131501S, 38131637D; Venttiili, Pakokaasun Kierr\u00e4tys<\/p>\n","protected":false},"excerpt":{"rendered":"<p>FEBI BILSTEIN EGR Venttiili 39713 Venttiili, Pakokaasun Kierr\u00e4tys VW,AUDI,SKODA,GOLF IV 1J1,GOLF V 1K1,POLO 9N_,TOURAN 1T1, 1T2,PASSAT Variant 3C5<\/p>\n","protected":false},"featured_media":0,"template":"","meta":{"site-sidebar-layout":"default","site-content-layout":"default","ast-global-header-display":"","ast-main-header-display":"","ast-hfb-above-header-display":"","ast-hfb-below-header-display":"","ast-hfb-mobile-header-display":"","site-post-title":"","ast-breadcrumbs-content":"","ast-featured-img":"","footer-sml-layout":"","theme-transparent-header-meta":"","adv-header-id-meta":"","stick-header-meta":"","header-above-stick-meta":"","header-main-stick-meta":"","header-below-stick-meta":""},"pwb-brand":[50],"product_cat":[35],"product_tag":[],"class_list":{"0":"post-68444","1":"product","2":"type-product","3":"status-publish","5":"pwb-brand-febi-bilstein","6":"product_cat-egr-venttiili","7":"desktop-align-left","8":"tablet-align-left","9":"mobile-align-left","11":"first","12":"instock","13":"product-type-external"},"brands":[{"id":50,"name":"FEBI BILSTEIN","slug":"febi-bilstein"}],"_links":{"self":[{"href":"https:\/\/www.autonvaraosahaku.fi\/index.php?rest_route=\/wp\/v2\/product\/68444","targetHints":{"allow":["GET"]}}],"collection":[{"href":"https:\/\/www.autonvaraosahaku.fi\/index.php?rest_route=\/wp\/v2\/product"}],"about":[{"href":"https:\/\/www.autonvaraosahaku.fi\/index.php?rest_route=\/wp\/v2\/types\/product"}],"wp:attachment":[{"href":"https:\/\/www.autonvaraosahaku.fi\/index.php?rest_route=%2Fwp%2Fv2%2Fmedia&parent=68444"}],"wp:term":[{"taxonomy":"pwb-brand","embeddable":true,"href":"https:\/\/www.autonvaraosahaku.fi\/index.php?rest_route=%2Fwp%2Fv2%2Fpwb-brand&post=68444"},{"taxonomy":"product_cat","embeddable":true,"href":"https:\/\/www.autonvaraosahaku.fi\/index.php?rest_route=%2Fwp%2Fv2%2Fproduct_cat&post=68444"},{"taxonomy":"product_tag","embeddable":true,"href":"https:\/\/www.autonvaraosahaku.fi\/index.php?rest_route=%2Fwp%2Fv2%2Fproduct_tag&post=68444"}],"curies":[{"name":"wp","href":"https:\/\/api.w.org\/{rel}","templated":true}]}}