{"id":68461,"date":"2021-02-21T18:59:34","date_gmt":"2021-02-21T18:59:34","guid":{"rendered":"https:\/\/www.autonvaraosahaku.fi\/?product=sidem-877802-kallistuksenvakaajan-puslat"},"modified":"2021-02-21T18:59:35","modified_gmt":"2021-02-21T18:59:35","slug":"sidem-877802-kallistuksenvakaajan-puslat","status":"publish","type":"product","link":"https:\/\/www.autonvaraosahaku.fi\/?product=sidem-877802-kallistuksenvakaajan-puslat","title":{"rendered":"SIDEM 877802 Kallistuksenvakaajan puslat"},"content":{"rendered":"<p>Asennuspuoli: Edess\u00e4; Kokonaispituus (mm): 51,5; Sis\u00e4l\u00e4pimitta [mm]: 21,5; SUZUKI: GRAND VITARA II JT,WAGON R+ MM,IGNIS FH,IGNIS II,ALTO HA12, HA23,ALTO HA11,ALTO,ALTO CM11, CL11, CP11, CN11, CP21, CN21, CM21, CL21, CS22,; SUBARU: JUSTY III G3X; 4143170B42, 4243170B42; Kallistuksenvakaajan Kumit,Vakaajan Hela<\/p>\n","protected":false},"excerpt":{"rendered":"<p>SIDEM Kallistuksenvakaajan Puslat 877802 Kallistuksenvakaajan Kumit,Vakaajan Hela SUZUKI,SUBARU,GRAND VITARA II JT,WAGON R+ MM,IGNIS FH,IGNIS II<\/p>\n","protected":false},"featured_media":0,"template":"","meta":{"site-sidebar-layout":"default","site-content-layout":"default","ast-global-header-display":"","ast-main-header-display":"","ast-hfb-above-header-display":"","ast-hfb-below-header-display":"","ast-hfb-mobile-header-display":"","site-post-title":"","ast-breadcrumbs-content":"","ast-featured-img":"","footer-sml-layout":"","theme-transparent-header-meta":"","adv-header-id-meta":"","stick-header-meta":"","header-above-stick-meta":"","header-main-stick-meta":"","header-below-stick-meta":""},"pwb-brand":[195],"product_cat":[82],"product_tag":[],"class_list":{"0":"post-68461","1":"product","2":"type-product","3":"status-publish","5":"pwb-brand-sidem","6":"product_cat-kallistuksenvakaajan-puslat","7":"desktop-align-left","8":"tablet-align-left","9":"mobile-align-left","11":"first","12":"instock","13":"product-type-external"},"brands":[{"id":195,"name":"SIDEM","slug":"sidem"}],"_links":{"self":[{"href":"https:\/\/www.autonvaraosahaku.fi\/index.php?rest_route=\/wp\/v2\/product\/68461","targetHints":{"allow":["GET"]}}],"collection":[{"href":"https:\/\/www.autonvaraosahaku.fi\/index.php?rest_route=\/wp\/v2\/product"}],"about":[{"href":"https:\/\/www.autonvaraosahaku.fi\/index.php?rest_route=\/wp\/v2\/types\/product"}],"wp:attachment":[{"href":"https:\/\/www.autonvaraosahaku.fi\/index.php?rest_route=%2Fwp%2Fv2%2Fmedia&parent=68461"}],"wp:term":[{"taxonomy":"pwb-brand","embeddable":true,"href":"https:\/\/www.autonvaraosahaku.fi\/index.php?rest_route=%2Fwp%2Fv2%2Fpwb-brand&post=68461"},{"taxonomy":"product_cat","embeddable":true,"href":"https:\/\/www.autonvaraosahaku.fi\/index.php?rest_route=%2Fwp%2Fv2%2Fproduct_cat&post=68461"},{"taxonomy":"product_tag","embeddable":true,"href":"https:\/\/www.autonvaraosahaku.fi\/index.php?rest_route=%2Fwp%2Fv2%2Fproduct_tag&post=68461"}],"curies":[{"name":"wp","href":"https:\/\/api.w.org\/{rel}","templated":true}]}}