{"id":68480,"date":"2021-02-21T18:59:40","date_gmt":"2021-02-21T18:59:40","guid":{"rendered":"https:\/\/www.autonvaraosahaku.fi\/?product=topran-720-200-pyorannapa"},"modified":"2021-02-21T18:59:41","modified_gmt":"2021-02-21T18:59:41","slug":"topran-720-200-pyorannapa","status":"publish","type":"product","link":"https:\/\/www.autonvaraosahaku.fi\/?product=topran-720-200-pyorannapa","title":{"rendered":"TOPRAN 720 200 Py\u00f6r\u00e4nnapa"},"content":{"rendered":"<p>Asennuspuoli: etuakseli molemminpuoleinen; Korvaava tuote\/korvaava tiedote 2: ilman py\u00f6r\u00e4nlaakeria; Vanne, aukkoja: 4; Reik\u00e4ympyr\u00e4-\u00d8 [mm]: 108; Lukum\u00e4\u00e4r\u00e4 akselille: 2, 2; keskitt\u00e4misl\u00e4pimitta [mm]: 42; Ei vanteen koolle (tuuma): 19; CITRO\u00cbN: BERLINGO MF,XSARA PICASSO N68,C3 I FC_,BERLINGO B9,C4 Picasso I UD_,C4 Grand Picasso I UA_,C4 I LC_,DS3,BERLINGO Kasten M_,C3 Picasso,C3 II,XSARA N1,C4 Coupe LA_,C4 II B7,XSARA Break N2,BERLINGO Kasten B9,XANTIA X2,DS4,XANTIA X1,DS5,C4 Stufenheck L,XANTIA Break X2,ZX N2,XANTIA Break X1,ZX Break N2,C-ELYSEE,C4 CACTUS; PEUGEOT: 206 Schr\u00e4gheck 2A\/C,206 CC 2D,207 WA_, WC_,307 SW 3H,207 CC WD_,307 CC 3B,307 3A\/C,207 SW WK_,308 SW,206 SW 2E\/K,208,308 4A_, 4C_,5008,307 Break 3E,306 Schr\u00e4gheck 7A, 7C, N3, N5,306 Cabriolet 7D, N3, N5,3008,406 Break 8E\/F,PARTNER Tepee,308 CC,PARTNER Combispace 5F,205 II 20A\/C,2008,PARTNER Kasten 5,306 Break 7E, N3, N5,406 8B,306 7B, N3, N5,PARTNER Kasten,405 II 4B,405 II Break 4E,301; DS: DS 3,DS5,DS 4 \/ DS 4 CROSSBACK,DS 3 Cabriolet; 330772, 330785, 330772, 330785, 330772, 330785; Py\u00f6r\u00e4n Napa<\/p>\n","protected":false},"excerpt":{"rendered":"<p>TOPRAN Py\u00f6r\u00e4nnapa 720 200 Py\u00f6r\u00e4n Napa CITRO\u00cbN,PEUGEOT,DS,BERLINGO MF,XSARA PICASSO N68,C3 I FC_,BERLINGO B9,C4 Picasso I UD_,C4 Grand Picasso I UA_<\/p>\n","protected":false},"featured_media":0,"template":"","meta":{"site-sidebar-layout":"default","site-content-layout":"default","ast-global-header-display":"","ast-main-header-display":"","ast-hfb-above-header-display":"","ast-hfb-below-header-display":"","ast-hfb-mobile-header-display":"","site-post-title":"","ast-breadcrumbs-content":"","ast-featured-img":"","footer-sml-layout":"","theme-transparent-header-meta":"","adv-header-id-meta":"","stick-header-meta":"","header-above-stick-meta":"","header-main-stick-meta":"","header-below-stick-meta":""},"pwb-brand":[18],"product_cat":[257],"product_tag":[],"class_list":{"0":"post-68480","1":"product","2":"type-product","3":"status-publish","5":"pwb-brand-topran","6":"product_cat-pyorannapa","7":"desktop-align-left","8":"tablet-align-left","9":"mobile-align-left","11":"first","12":"instock","13":"product-type-external"},"brands":[{"id":18,"name":"TOPRAN","slug":"topran"}],"_links":{"self":[{"href":"https:\/\/www.autonvaraosahaku.fi\/index.php?rest_route=\/wp\/v2\/product\/68480","targetHints":{"allow":["GET"]}}],"collection":[{"href":"https:\/\/www.autonvaraosahaku.fi\/index.php?rest_route=\/wp\/v2\/product"}],"about":[{"href":"https:\/\/www.autonvaraosahaku.fi\/index.php?rest_route=\/wp\/v2\/types\/product"}],"wp:attachment":[{"href":"https:\/\/www.autonvaraosahaku.fi\/index.php?rest_route=%2Fwp%2Fv2%2Fmedia&parent=68480"}],"wp:term":[{"taxonomy":"pwb-brand","embeddable":true,"href":"https:\/\/www.autonvaraosahaku.fi\/index.php?rest_route=%2Fwp%2Fv2%2Fpwb-brand&post=68480"},{"taxonomy":"product_cat","embeddable":true,"href":"https:\/\/www.autonvaraosahaku.fi\/index.php?rest_route=%2Fwp%2Fv2%2Fproduct_cat&post=68480"},{"taxonomy":"product_tag","embeddable":true,"href":"https:\/\/www.autonvaraosahaku.fi\/index.php?rest_route=%2Fwp%2Fv2%2Fproduct_tag&post=68480"}],"curies":[{"name":"wp","href":"https:\/\/api.w.org\/{rel}","templated":true}]}}