{"id":68481,"date":"2021-02-21T18:59:40","date_gmt":"2021-02-21T18:59:40","guid":{"rendered":"https:\/\/www.autonvaraosahaku.fi\/?product=mahle-original-kc-101-1-polttoainesuodatin"},"modified":"2021-02-21T18:59:41","modified_gmt":"2021-02-21T18:59:41","slug":"mahle-original-kc-101-1-polttoainesuodatin","status":"publish","type":"product","link":"https:\/\/www.autonvaraosahaku.fi\/?product=mahle-original-kc-101-1-polttoainesuodatin","title":{"rendered":"MAHLE ORIGINAL KC 101\/1 Polttoainesuodatin"},"content":{"rendered":"<p>Suodatintyyppi: Ruuvattava suodatin; L\u00e4pimitta [mm]: 80,0; Korkeus (mm): 143,2; Kopan l\u00e4pimitta (mm): 80,0; Ulkol\u00e4pimitta 2 [mm]: 70,0; Sis\u00e4l\u00e4pimitta 2 [mm]: 62,0; Liitinkierre: M16x1,5; Kiristysmomentti: 14; Suositellun erikoisty\u00f6kalun tuotenumero: OCS1; Pakokaasunormi: Euro4\/Euro5; KIA: SORENTO I JC,VENGA YN,SORENTO II XM,RIO II JB,CARENS III UN,CARENS IV,RIO II Stufenheck JB,OPTIMA; HYUNDAI: i30 FD,i30 CW FD,SANTA F\u00c9 II CM,i30 GD,ix20 JC,SONATA V NF,ix55,i30 Coupe,H-1 \/ STAREX,GRANDEUR TG; 319222B900, 319222B900AR, 319222R900, S319222B900, 319112G501, 319222B900, 319222R900, 319223E00, 319223E10A, 319223E300, 319703E100, S319222B900<\/p>\n","protected":false},"excerpt":{"rendered":"<p>MAHLE ORIGINAL Polttoainesuodatin KC 101\/1  KIA,HYUNDAI,SORENTO I JC,VENGA YN,SORENTO II XM,RIO II JB,CARENS III UN,CARENS IV,RIO II Stufenheck JB<\/p>\n","protected":false},"featured_media":0,"template":"","meta":{"site-sidebar-layout":"default","site-content-layout":"default","ast-global-header-display":"","ast-main-header-display":"","ast-hfb-above-header-display":"","ast-hfb-below-header-display":"","ast-hfb-mobile-header-display":"","site-post-title":"","ast-breadcrumbs-content":"","ast-featured-img":"","footer-sml-layout":"","theme-transparent-header-meta":"","adv-header-id-meta":"","stick-header-meta":"","header-above-stick-meta":"","header-main-stick-meta":"","header-below-stick-meta":""},"pwb-brand":[153],"product_cat":[29],"product_tag":[],"class_list":{"0":"post-68481","1":"product","2":"type-product","3":"status-publish","5":"pwb-brand-mahle-original","6":"product_cat-polttoainesuodatin","7":"desktop-align-left","8":"tablet-align-left","9":"mobile-align-left","11":"first","12":"instock","13":"product-type-external"},"brands":[{"id":153,"name":"MAHLE ORIGINAL","slug":"mahle-original"}],"_links":{"self":[{"href":"https:\/\/www.autonvaraosahaku.fi\/index.php?rest_route=\/wp\/v2\/product\/68481","targetHints":{"allow":["GET"]}}],"collection":[{"href":"https:\/\/www.autonvaraosahaku.fi\/index.php?rest_route=\/wp\/v2\/product"}],"about":[{"href":"https:\/\/www.autonvaraosahaku.fi\/index.php?rest_route=\/wp\/v2\/types\/product"}],"wp:attachment":[{"href":"https:\/\/www.autonvaraosahaku.fi\/index.php?rest_route=%2Fwp%2Fv2%2Fmedia&parent=68481"}],"wp:term":[{"taxonomy":"pwb-brand","embeddable":true,"href":"https:\/\/www.autonvaraosahaku.fi\/index.php?rest_route=%2Fwp%2Fv2%2Fpwb-brand&post=68481"},{"taxonomy":"product_cat","embeddable":true,"href":"https:\/\/www.autonvaraosahaku.fi\/index.php?rest_route=%2Fwp%2Fv2%2Fproduct_cat&post=68481"},{"taxonomy":"product_tag","embeddable":true,"href":"https:\/\/www.autonvaraosahaku.fi\/index.php?rest_route=%2Fwp%2Fv2%2Fproduct_tag&post=68481"}],"curies":[{"name":"wp","href":"https:\/\/api.w.org\/{rel}","templated":true}]}}