{"id":68493,"date":"2021-02-21T18:59:40","date_gmt":"2021-02-21T18:59:40","guid":{"rendered":"https:\/\/www.autonvaraosahaku.fi\/?product=mahle-original-029-54-n0-mannanrenkaat"},"modified":"2021-02-21T18:59:43","modified_gmt":"2021-02-21T18:59:43","slug":"mahle-original-029-54-n0-mannanrenkaat","status":"publish","type":"product","link":"https:\/\/www.autonvaraosahaku.fi\/?product=mahle-original-029-54-n0-mannanrenkaat","title":{"rendered":"MAHLE ORIGINAL 029 54 N0 M\u00e4nn\u00e4nrenkaat"},"content":{"rendered":"<p>Sylinterin halkaisija [mm]: 76,51; Komponenttinumero: 1. R 1,75 Cr, 2.M2,0 IFU Cr P, 3. DSF 3,0 Cr; VW: GOLF II 19E, 1G1,PASSAT Variant 3A5, 35I,TRANSPORTER III Bus,PASSAT 3A2, 35I,LT 28-35 I Kasten 281-363,GOLF I 17,LT 28-35 I Bus 281-363,JETTA II 19E, 1G2, 165,PASSAT Variant 32B,TRANSPORTER III Kasten,LT 28-35 I Pritsche\/Fahrgestell 281-363,TRANSPORTER III Pritsche\/Fahrgestell,PASSAT 32B,LT 40-55 I Pritsche\/Fahrgestell 293-909,ILTIS 183,JETTA I 16,LT 40-55 I Kasten 291-512,PASSAT Stufenheck 32B,SANTANA 32B; AUDI: 80 89, 89Q, 8A, B3,100 44, 44Q, C3,80 81, 85, B2,90 89, 89Q, 8A, B3,100 Avant 44, 44Q, C3,90 81, 85, B2; VOLVO: 940 II Kombi 945,940 Kombi 945,740 Kombi 745,740 744,940 944,760 704, 764,960 Kombi 965,760 Kombi 704, 765,940 II 944,960 964,780; 076198151, 128198151A, 076198151, 128198151A, 076198151, 128198151A; M\u00e4nn\u00e4nrengassarja<\/p>\n","protected":false},"excerpt":{"rendered":"<p>MAHLE ORIGINAL M\u00e4nn\u00e4nrenkaat 029 54 N0 M\u00e4nn\u00e4nrengassarja VW,AUDI,VOLVO,GOLF II 19E, 1G1,PASSAT Variant 3A5, 35I,TRANSPORTER III Bus,PASSAT 3A2, 35I<\/p>\n","protected":false},"featured_media":0,"template":"","meta":{"site-sidebar-layout":"default","site-content-layout":"default","ast-global-header-display":"","ast-main-header-display":"","ast-hfb-above-header-display":"","ast-hfb-below-header-display":"","ast-hfb-mobile-header-display":"","site-post-title":"","ast-breadcrumbs-content":"","ast-featured-img":"","footer-sml-layout":"","theme-transparent-header-meta":"","adv-header-id-meta":"","stick-header-meta":"","header-above-stick-meta":"","header-main-stick-meta":"","header-below-stick-meta":""},"pwb-brand":[153],"product_cat":[154],"product_tag":[],"class_list":{"0":"post-68493","1":"product","2":"type-product","3":"status-publish","5":"pwb-brand-mahle-original","6":"product_cat-mannanrenkaat","7":"desktop-align-left","8":"tablet-align-left","9":"mobile-align-left","11":"first","12":"instock","13":"product-type-external"},"brands":[{"id":153,"name":"MAHLE ORIGINAL","slug":"mahle-original"}],"_links":{"self":[{"href":"https:\/\/www.autonvaraosahaku.fi\/index.php?rest_route=\/wp\/v2\/product\/68493","targetHints":{"allow":["GET"]}}],"collection":[{"href":"https:\/\/www.autonvaraosahaku.fi\/index.php?rest_route=\/wp\/v2\/product"}],"about":[{"href":"https:\/\/www.autonvaraosahaku.fi\/index.php?rest_route=\/wp\/v2\/types\/product"}],"wp:attachment":[{"href":"https:\/\/www.autonvaraosahaku.fi\/index.php?rest_route=%2Fwp%2Fv2%2Fmedia&parent=68493"}],"wp:term":[{"taxonomy":"pwb-brand","embeddable":true,"href":"https:\/\/www.autonvaraosahaku.fi\/index.php?rest_route=%2Fwp%2Fv2%2Fpwb-brand&post=68493"},{"taxonomy":"product_cat","embeddable":true,"href":"https:\/\/www.autonvaraosahaku.fi\/index.php?rest_route=%2Fwp%2Fv2%2Fproduct_cat&post=68493"},{"taxonomy":"product_tag","embeddable":true,"href":"https:\/\/www.autonvaraosahaku.fi\/index.php?rest_route=%2Fwp%2Fv2%2Fproduct_tag&post=68493"}],"curies":[{"name":"wp","href":"https:\/\/api.w.org\/{rel}","templated":true}]}}