{"id":6850,"date":"2021-02-21T13:58:28","date_gmt":"2021-02-21T13:58:28","guid":{"rendered":"https:\/\/www.autonvaraosahaku.fi\/?product=original-imperium-29630-muut-luokat"},"modified":"2021-02-21T13:58:29","modified_gmt":"2021-02-21T13:58:29","slug":"original-imperium-29630-muut-luokat","status":"publish","type":"product","link":"https:\/\/www.autonvaraosahaku.fi\/?product=original-imperium-29630-muut-luokat","title":{"rendered":"ORIGINAL IMPERIUM 29630 Muut luokat"},"content":{"rendered":"<p>Tarvittava kappalem\u00e4\u00e4r\u00e4: 1; Paino [g]: 56; M\u00e4\u00e4r\u00e4yksikk\u00f6: Kappale; Moottorinumero: 156A2100; LANCIA: YPSILON 843,Y 840A,Y10 156; FIAT: PUNTO 188,PANDA 169,SEICENTO 187,DOBLO Cargo 223,PUNTO 176,DOBLO 119,CINQUECENTO 170,PANDA 141A_,STRADA Pick-up 178E,PUNTO Van 188AX,PUNTO Cabriolet 176C,UNO 146A\/E,PALIO Weekend 178DX,SEICENTO Van 187,TIPO 160,PANDA Van 141_,PUNTO Van 176L,PALIO 178BX,SIENA 178_; 07545141, 7545141, 07545141, 7545141, 07545141, 7545141; Korkki<\/p>\n","protected":false},"excerpt":{"rendered":"<p>ORIGINAL IMPERIUM \u00d6ljykorkki 29630 Korkki LANCIA,FIAT,YPSILON 843,Y 840A,Y10 156,PUNTO 188,PANDA 169,SEICENTO 187,DOBLO Cargo 223,PUNTO 176,DOBLO 119<\/p>\n","protected":false},"featured_media":0,"template":"","meta":{"site-sidebar-layout":"default","site-content-layout":"default","ast-global-header-display":"","ast-main-header-display":"","ast-hfb-above-header-display":"","ast-hfb-below-header-display":"","ast-hfb-mobile-header-display":"","site-post-title":"","ast-breadcrumbs-content":"","ast-featured-img":"","footer-sml-layout":"","theme-transparent-header-meta":"","adv-header-id-meta":"","stick-header-meta":"","header-above-stick-meta":"","header-main-stick-meta":"","header-below-stick-meta":""},"pwb-brand":[72],"product_cat":[37],"product_tag":[],"class_list":{"0":"post-6850","1":"product","2":"type-product","3":"status-publish","5":"pwb-brand-original-imperium","6":"product_cat-muut-luokat","7":"desktop-align-left","8":"tablet-align-left","9":"mobile-align-left","11":"first","12":"instock","13":"product-type-external"},"brands":[{"id":72,"name":"ORIGINAL IMPERIUM","slug":"original-imperium"}],"_links":{"self":[{"href":"https:\/\/www.autonvaraosahaku.fi\/index.php?rest_route=\/wp\/v2\/product\/6850","targetHints":{"allow":["GET"]}}],"collection":[{"href":"https:\/\/www.autonvaraosahaku.fi\/index.php?rest_route=\/wp\/v2\/product"}],"about":[{"href":"https:\/\/www.autonvaraosahaku.fi\/index.php?rest_route=\/wp\/v2\/types\/product"}],"wp:attachment":[{"href":"https:\/\/www.autonvaraosahaku.fi\/index.php?rest_route=%2Fwp%2Fv2%2Fmedia&parent=6850"}],"wp:term":[{"taxonomy":"pwb-brand","embeddable":true,"href":"https:\/\/www.autonvaraosahaku.fi\/index.php?rest_route=%2Fwp%2Fv2%2Fpwb-brand&post=6850"},{"taxonomy":"product_cat","embeddable":true,"href":"https:\/\/www.autonvaraosahaku.fi\/index.php?rest_route=%2Fwp%2Fv2%2Fproduct_cat&post=6850"},{"taxonomy":"product_tag","embeddable":true,"href":"https:\/\/www.autonvaraosahaku.fi\/index.php?rest_route=%2Fwp%2Fv2%2Fproduct_tag&post=6850"}],"curies":[{"name":"wp","href":"https:\/\/api.w.org\/{rel}","templated":true}]}}