{"id":68517,"date":"2021-02-21T18:59:53","date_gmt":"2021-02-21T18:59:53","guid":{"rendered":"https:\/\/www.autonvaraosahaku.fi\/?product=topran-112-283-tyhjakayntimoottori"},"modified":"2021-02-21T18:59:53","modified_gmt":"2021-02-21T18:59:53","slug":"topran-112-283-tyhjakayntimoottori","status":"publish","type":"product","link":"https:\/\/www.autonvaraosahaku.fi\/?product=topran-112-283-tyhjakayntimoottori","title":{"rendered":"TOPRAN 112 283 Tyhj\u00e4k\u00e4yntimoottori"},"content":{"rendered":"<p>K\u00e4ytt\u00f6: paineohjattu; Venttiilimalli: Takaiskuventtiili; Sis\u00e4\u00e4ntulol\u00e4pimitta [mm]: 8,3; Ulostulon l\u00e4pimitta [mm]: 8,3; Moottorinumero: AEB; VW: PASSAT Variant 3B6,PASSAT Variant 3B5,PASSAT 3B2,PASSAT 3B3,JETTA III 1K2; AUDI: A4 Avant 8K5, B8,A6 Avant 4F5, C6,A4 8D2, B5,A4 Avant 8ED, B7,A4 Avant 8E5, B6,A6 Avant 4B5, C5,A4 Avant 8D5, B5,A4 8E2, B6,A4 8K2, B8,Q5 8R,A6 4F2, C6,A6 4B2, C5,A5 8T3,A5 Sportback 8TA,A4 8EC, B7,A8 4E_; SKODA: OCTAVIA Combi 1Z5,SUPERB 3U4; SEAT: IBIZA IV 6L1; 058905291, 058905291K, 058905291, 058905291K, 058905291, 058905291K, 058905291, 058905291K<\/p>\n","protected":false},"excerpt":{"rendered":"<p>TOPRAN Venttiili, Ilmanohjaus-Imuilma 112 283  VW,AUDI,SKODA,PASSAT Variant 3B6,PASSAT Variant 3B5,PASSAT 3B2,PASSAT 3B3,JETTA III 1K2<\/p>\n","protected":false},"featured_media":0,"template":"","meta":{"site-sidebar-layout":"default","site-content-layout":"default","ast-global-header-display":"","ast-main-header-display":"","ast-hfb-above-header-display":"","ast-hfb-below-header-display":"","ast-hfb-mobile-header-display":"","site-post-title":"","ast-breadcrumbs-content":"","ast-featured-img":"","footer-sml-layout":"","theme-transparent-header-meta":"","adv-header-id-meta":"","stick-header-meta":"","header-above-stick-meta":"","header-main-stick-meta":"","header-below-stick-meta":""},"pwb-brand":[18],"product_cat":[254],"product_tag":[],"class_list":{"0":"post-68517","1":"product","2":"type-product","3":"status-publish","5":"pwb-brand-topran","6":"product_cat-tyhjakayntimoottori","7":"desktop-align-left","8":"tablet-align-left","9":"mobile-align-left","11":"first","12":"instock","13":"product-type-external"},"brands":[{"id":18,"name":"TOPRAN","slug":"topran"}],"_links":{"self":[{"href":"https:\/\/www.autonvaraosahaku.fi\/index.php?rest_route=\/wp\/v2\/product\/68517","targetHints":{"allow":["GET"]}}],"collection":[{"href":"https:\/\/www.autonvaraosahaku.fi\/index.php?rest_route=\/wp\/v2\/product"}],"about":[{"href":"https:\/\/www.autonvaraosahaku.fi\/index.php?rest_route=\/wp\/v2\/types\/product"}],"wp:attachment":[{"href":"https:\/\/www.autonvaraosahaku.fi\/index.php?rest_route=%2Fwp%2Fv2%2Fmedia&parent=68517"}],"wp:term":[{"taxonomy":"pwb-brand","embeddable":true,"href":"https:\/\/www.autonvaraosahaku.fi\/index.php?rest_route=%2Fwp%2Fv2%2Fpwb-brand&post=68517"},{"taxonomy":"product_cat","embeddable":true,"href":"https:\/\/www.autonvaraosahaku.fi\/index.php?rest_route=%2Fwp%2Fv2%2Fproduct_cat&post=68517"},{"taxonomy":"product_tag","embeddable":true,"href":"https:\/\/www.autonvaraosahaku.fi\/index.php?rest_route=%2Fwp%2Fv2%2Fproduct_tag&post=68517"}],"curies":[{"name":"wp","href":"https:\/\/api.w.org\/{rel}","templated":true}]}}