{"id":68534,"date":"2021-02-21T18:59:53","date_gmt":"2021-02-21T18:59:53","guid":{"rendered":"https:\/\/www.autonvaraosahaku.fi\/?product=topran-109-374-imusarjan-tiivisteet"},"modified":"2021-02-21T18:59:58","modified_gmt":"2021-02-21T18:59:58","slug":"topran-109-374-imusarjan-tiivisteet","status":"publish","type":"product","link":"https:\/\/www.autonvaraosahaku.fi\/?product=topran-109-374-imusarjan-tiivisteet","title":{"rendered":"TOPRAN 109 374 Imusarjan tiivisteet"},"content":{"rendered":"<p>Materiaali: FPM (fluori-kumi); Tiivisteen l\u00e4pimitta [mm]: 42,6; Paksuus [mm]: 1,75; Korkeus (mm): 4,75; Tarvittava kappalem\u00e4\u00e4r\u00e4: 4; Tiivistetyyppi: Komposiitti-tiiviste; Moottorinumero: CMXA; VW: GOLF IV 1J1,GOLF V 1K1,GOLF VI 5K1,GOLF PLUS 5M1, 521,GOLF IV Variant 1J5,GOLF VI Variant AJ5,BORA 1J2,NEW BEETLE 9C1, 1C1,BORA Kombi 1J6,NEW BEETLE Cabriolet 1Y7,JETTA III 1K2,POLO CLASSIC 6KV2; AUDI: A3 8P1,A3 Sportback 8PA; SKODA: OCTAVIA Combi 1Z5,OCTAVIA 1Z3,OCTAVIA 1U2; SEAT: LEON 1P1,LEON 1M1,ALTEA 5P1,ALTEA XL 5P5, 5P8,IBIZA II 6K1,CORDOBA 6K1, 6K2; 06A133398, 06A133398F, 06A133398, 06A133398F, 06A133398, 06A133398F, 06A133398, 06A133398F; Tiiviste, Imusarja<\/p>\n","protected":false},"excerpt":{"rendered":"<p>TOPRAN Imusarjan Tiivisteet 109 374 Tiiviste, Imusarja VW,AUDI,SKODA,GOLF IV 1J1,GOLF V 1K1,GOLF VI 5K1,GOLF PLUS 5M1, 521,GOLF IV Variant 1J5<\/p>\n","protected":false},"featured_media":0,"template":"","meta":{"site-sidebar-layout":"default","site-content-layout":"default","ast-global-header-display":"","ast-main-header-display":"","ast-hfb-above-header-display":"","ast-hfb-below-header-display":"","ast-hfb-mobile-header-display":"","site-post-title":"","ast-breadcrumbs-content":"","ast-featured-img":"","footer-sml-layout":"","theme-transparent-header-meta":"","adv-header-id-meta":"","stick-header-meta":"","header-above-stick-meta":"","header-main-stick-meta":"","header-below-stick-meta":""},"pwb-brand":[18],"product_cat":[43],"product_tag":[],"class_list":{"0":"post-68534","1":"product","2":"type-product","3":"status-publish","5":"pwb-brand-topran","6":"product_cat-imusarjan-tiivisteet","7":"desktop-align-left","8":"tablet-align-left","9":"mobile-align-left","11":"first","12":"instock","13":"product-type-external"},"brands":[{"id":18,"name":"TOPRAN","slug":"topran"}],"_links":{"self":[{"href":"https:\/\/www.autonvaraosahaku.fi\/index.php?rest_route=\/wp\/v2\/product\/68534","targetHints":{"allow":["GET"]}}],"collection":[{"href":"https:\/\/www.autonvaraosahaku.fi\/index.php?rest_route=\/wp\/v2\/product"}],"about":[{"href":"https:\/\/www.autonvaraosahaku.fi\/index.php?rest_route=\/wp\/v2\/types\/product"}],"wp:attachment":[{"href":"https:\/\/www.autonvaraosahaku.fi\/index.php?rest_route=%2Fwp%2Fv2%2Fmedia&parent=68534"}],"wp:term":[{"taxonomy":"pwb-brand","embeddable":true,"href":"https:\/\/www.autonvaraosahaku.fi\/index.php?rest_route=%2Fwp%2Fv2%2Fpwb-brand&post=68534"},{"taxonomy":"product_cat","embeddable":true,"href":"https:\/\/www.autonvaraosahaku.fi\/index.php?rest_route=%2Fwp%2Fv2%2Fproduct_cat&post=68534"},{"taxonomy":"product_tag","embeddable":true,"href":"https:\/\/www.autonvaraosahaku.fi\/index.php?rest_route=%2Fwp%2Fv2%2Fproduct_tag&post=68534"}],"curies":[{"name":"wp","href":"https:\/\/api.w.org\/{rel}","templated":true}]}}