{"id":68554,"date":"2021-02-21T18:59:59","date_gmt":"2021-02-21T18:59:59","guid":{"rendered":"https:\/\/www.autonvaraosahaku.fi\/?product=metelli-04-0870-takajarrusylinteri"},"modified":"2021-02-21T19:00:03","modified_gmt":"2021-02-21T19:00:03","slug":"metelli-04-0870-takajarrusylinteri","status":"publish","type":"product","link":"https:\/\/www.autonvaraosahaku.fi\/?product=metelli-04-0870-takajarrusylinteri","title":{"rendered":"METELLI 04-0870 Takajarrusylinteri"},"content":{"rendered":"<p>Materiaali: Alumiini, Alumiini; Reik\u00e4-\u00d8 [mm]: 15,87; Jarruj\u00e4rjestelm\u00e4: AP; Asennuspuoli: Hinterachse; SUZUKI: WAGON R+ MM,IGNIS II,WAGON R; SUBARU: JUSTY III G3X; OPEL: AGILA A H00; VAUXHALL: AGILA Mk I A; 4705130, 9209092, 5340183E00, 5340183E00000, 5340183E00, 5340183E00000; Py\u00f6r\u00e4n Jarrusylinteri,Jarrusylinteri<\/p>\n","protected":false},"excerpt":{"rendered":"<p>METELLI Takajarrusylinteri 04-0870 Py\u00f6r\u00e4n Jarrusylinteri,Jarrusylinteri SUZUKI,SUBARU,OPEL,WAGON R+ MM,IGNIS II,WAGON R,JUSTY III G3X,AGILA A H00<\/p>\n","protected":false},"featured_media":0,"template":"","meta":{"site-sidebar-layout":"default","site-content-layout":"default","ast-global-header-display":"","ast-main-header-display":"","ast-hfb-above-header-display":"","ast-hfb-below-header-display":"","ast-hfb-mobile-header-display":"","site-post-title":"","ast-breadcrumbs-content":"","ast-featured-img":"","footer-sml-layout":"","theme-transparent-header-meta":"","adv-header-id-meta":"","stick-header-meta":"","header-above-stick-meta":"","header-main-stick-meta":"","header-below-stick-meta":""},"pwb-brand":[251],"product_cat":[158],"product_tag":[],"class_list":{"0":"post-68554","1":"product","2":"type-product","3":"status-publish","5":"pwb-brand-metelli","6":"product_cat-takajarrusylinteri","7":"desktop-align-left","8":"tablet-align-left","9":"mobile-align-left","11":"first","12":"instock","13":"product-type-external"},"brands":[{"id":251,"name":"METELLI","slug":"metelli"}],"_links":{"self":[{"href":"https:\/\/www.autonvaraosahaku.fi\/index.php?rest_route=\/wp\/v2\/product\/68554","targetHints":{"allow":["GET"]}}],"collection":[{"href":"https:\/\/www.autonvaraosahaku.fi\/index.php?rest_route=\/wp\/v2\/product"}],"about":[{"href":"https:\/\/www.autonvaraosahaku.fi\/index.php?rest_route=\/wp\/v2\/types\/product"}],"wp:attachment":[{"href":"https:\/\/www.autonvaraosahaku.fi\/index.php?rest_route=%2Fwp%2Fv2%2Fmedia&parent=68554"}],"wp:term":[{"taxonomy":"pwb-brand","embeddable":true,"href":"https:\/\/www.autonvaraosahaku.fi\/index.php?rest_route=%2Fwp%2Fv2%2Fpwb-brand&post=68554"},{"taxonomy":"product_cat","embeddable":true,"href":"https:\/\/www.autonvaraosahaku.fi\/index.php?rest_route=%2Fwp%2Fv2%2Fproduct_cat&post=68554"},{"taxonomy":"product_tag","embeddable":true,"href":"https:\/\/www.autonvaraosahaku.fi\/index.php?rest_route=%2Fwp%2Fv2%2Fproduct_tag&post=68554"}],"curies":[{"name":"wp","href":"https:\/\/api.w.org\/{rel}","templated":true}]}}