{"id":68569,"date":"2021-02-21T19:00:05","date_gmt":"2021-02-21T19:00:05","guid":{"rendered":"https:\/\/www.autonvaraosahaku.fi\/?product=valeo-586037-oljynsuodatin"},"modified":"2021-02-21T19:00:08","modified_gmt":"2021-02-21T19:00:08","slug":"valeo-586037-oljynsuodatin","status":"publish","type":"product","link":"https:\/\/www.autonvaraosahaku.fi\/?product=valeo-586037-oljynsuodatin","title":{"rendered":"VALEO 586037 \u00d6ljynsuodatin"},"content":{"rendered":"<p>Kierremitta: M 20&#215;1,5; Ulkol\u00e4pimitta [mm]: 76; Sis\u00e4l\u00e4pimitta 1 [mm]: 71; Sis\u00e4l\u00e4pimitta 2 [mm]: 62; Korkeus (mm): 79; Avauspaine ohitusventtiili [bar]: 1,2; Suodatintyyppi: Ruuvattava suodatin; Paino [kg]: 0,312; Moottorinumero: 838A1.000; LANCIA: YPSILON 843,Y 840A,THESIS 841AX,LYBRA SW 839BX,KAPPA 838A,LYBRA 839AX,DELTA II 836,KAPPA SW 838B,KAPPA Coupe 838,DEDRA 835,DEDRA SW 835; ALFA ROMEO: 147 937,156 Sportwagon 932,156 932,GT 937,SPIDER 916S_,166 936,GTV 916C_,145 930,155 167,146 930; FIAT: PUNTO 188,STILO 192,SEICENTO 187,BARCHETTA 183,DOBLO Cargo 223,STILO Multi Wagon 192,DOBLO 119,DUCATO Kasten 290,DUCATO Pritsche\/Fahrgestell 290,DUCATO Kasten 230L,DUCATO Kasten 280,DUCATO Pritsche\/Fahrgestell 280,PANDA 141A_,COUPE FA\/175,STRADA Pick-up 178E,MULTIPLA 186,PUNTO Van 188AX,DUCATO Panorama 280,BRAVO I 182,BRAVA 182,MAREA Weekend 185,UNO 146A\/E,DUCATO Panorama 290,PALIO Weekend 178DX,FIORINO Kasten 146,SEICENTO Van 187,PANDA Van 141_,MAREA 185,TALENTO Pritsche\/Fahrgestell 290,FIORINO Pick up 146,TALENTO Bus 290,TALENTO Kasten 290,PALIO 178BX,SIENA 178_; X88, 0046519728, 0046805832, 0046808398, 0060612882, 0060621890, 0060810852, 46519728, 46805832, 46808398, 60612882, 60621890, 60810852, 0046805832, 0046808398, 46402457, 46423474, 46468378, 46805832, 46808398, 60814435, 71736158, 7604770, 9600293380, 0046805832, 0046808398, 46402457, 46423474, 46468378, 46805832, 46808398, 60814435, 7715489<\/p>\n","protected":false},"excerpt":{"rendered":"<p>VALEO \u00d6ljynsuodatin 586037  LANCIA,ALFA ROMEO,FIAT,YPSILON 843,Y 840A,THESIS 841AX,LYBRA SW 839BX,KAPPA 838A,LYBRA 839AX,DELTA II 836,KAPPA SW 838B<\/p>\n","protected":false},"featured_media":0,"template":"","meta":{"site-sidebar-layout":"default","site-content-layout":"default","ast-global-header-display":"","ast-main-header-display":"","ast-hfb-above-header-display":"","ast-hfb-below-header-display":"","ast-hfb-mobile-header-display":"","site-post-title":"","ast-breadcrumbs-content":"","ast-featured-img":"","footer-sml-layout":"","theme-transparent-header-meta":"","adv-header-id-meta":"","stick-header-meta":"","header-above-stick-meta":"","header-main-stick-meta":"","header-below-stick-meta":""},"pwb-brand":[28],"product_cat":[30],"product_tag":[],"class_list":{"0":"post-68569","1":"product","2":"type-product","3":"status-publish","5":"pwb-brand-valeo","6":"product_cat-oljynsuodatin","7":"desktop-align-left","8":"tablet-align-left","9":"mobile-align-left","11":"first","12":"instock","13":"product-type-external"},"brands":[{"id":28,"name":"VALEO","slug":"valeo"}],"_links":{"self":[{"href":"https:\/\/www.autonvaraosahaku.fi\/index.php?rest_route=\/wp\/v2\/product\/68569","targetHints":{"allow":["GET"]}}],"collection":[{"href":"https:\/\/www.autonvaraosahaku.fi\/index.php?rest_route=\/wp\/v2\/product"}],"about":[{"href":"https:\/\/www.autonvaraosahaku.fi\/index.php?rest_route=\/wp\/v2\/types\/product"}],"wp:attachment":[{"href":"https:\/\/www.autonvaraosahaku.fi\/index.php?rest_route=%2Fwp%2Fv2%2Fmedia&parent=68569"}],"wp:term":[{"taxonomy":"pwb-brand","embeddable":true,"href":"https:\/\/www.autonvaraosahaku.fi\/index.php?rest_route=%2Fwp%2Fv2%2Fpwb-brand&post=68569"},{"taxonomy":"product_cat","embeddable":true,"href":"https:\/\/www.autonvaraosahaku.fi\/index.php?rest_route=%2Fwp%2Fv2%2Fproduct_cat&post=68569"},{"taxonomy":"product_tag","embeddable":true,"href":"https:\/\/www.autonvaraosahaku.fi\/index.php?rest_route=%2Fwp%2Fv2%2Fproduct_tag&post=68569"}],"curies":[{"name":"wp","href":"https:\/\/api.w.org\/{rel}","templated":true}]}}