{"id":68617,"date":"2021-02-21T19:00:27","date_gmt":"2021-02-21T19:00:27","guid":{"rendered":"https:\/\/www.autonvaraosahaku.fi\/?product=era-440393-kytkin-ohjausakseli"},"modified":"2021-02-21T19:00:27","modified_gmt":"2021-02-21T19:00:27","slug":"era-440393-kytkin-ohjausakseli","status":"publish","type":"product","link":"https:\/\/www.autonvaraosahaku.fi\/?product=era-440393-kytkin-ohjausakseli","title":{"rendered":"ERA 440393 Kytkin ohjausakseli"},"content":{"rendered":"<p>Liittimi\u00e4: 14; Yhdistelm\u00e4kytkintoiminto: valonpesulla, Takaikkunan huuhtelutoiminnolla, Boardcomputer-toiminnolla, Aikav\u00e4li-pyyhint\u00e4; VW: GOLF IV 1J1,PASSAT Variant 3B6,GOLF IV Variant 1J5,SHARAN 7M8, 7M9, 7M6,PASSAT Variant 3B5,BORA 1J2,GOLF Mk III Cabriolet 1E7,BORA Kombi 1J6; AUDI: A3 8P1,A3 8L1,A3 Sportback 8PA,A6 Avant 4B5, C5,A6 4B2, C5,ALLROAD 4BH, C5; SKODA: FABIA Combi 6Y5,FABIA 6Y2,OCTAVIA Combi 1U5,OCTAVIA 1Z3,OCTAVIA 1U2,FABIA Stufenheck 6Y3,FABIA Praktik; SEAT: LEON 1P1,LEON 1M1,ALHAMBRA 7V8, 7V9; FORD: GALAXY WGR; 1108822, YM2117K478BAYYE, YM2117K478BAYYEI, YM2117K478BAYYE, 4B0953503H, 4B0953503H01C<\/p>\n","protected":false},"excerpt":{"rendered":"<p>ERA Kytkin Ohjausakseli OEM 440393  VW,AUDI,SKODA,GOLF IV 1J1,PASSAT Variant 3B6,GOLF IV Variant 1J5,SHARAN 7M8, 7M9, 7M6,PASSAT Variant 3B5,BORA 1J2<\/p>\n","protected":false},"featured_media":0,"template":"","meta":{"site-sidebar-layout":"default","site-content-layout":"default","ast-global-header-display":"","ast-main-header-display":"","ast-hfb-above-header-display":"","ast-hfb-below-header-display":"","ast-hfb-mobile-header-display":"","site-post-title":"","ast-breadcrumbs-content":"","ast-featured-img":"","footer-sml-layout":"","theme-transparent-header-meta":"","adv-header-id-meta":"","stick-header-meta":"","header-above-stick-meta":"","header-main-stick-meta":"","header-below-stick-meta":""},"pwb-brand":[64],"product_cat":[65],"product_tag":[],"class_list":{"0":"post-68617","1":"product","2":"type-product","3":"status-publish","5":"pwb-brand-era","6":"product_cat-kytkin-ohjausakseli","7":"desktop-align-left","8":"tablet-align-left","9":"mobile-align-left","11":"first","12":"instock","13":"product-type-external"},"brands":[{"id":64,"name":"ERA","slug":"era"}],"_links":{"self":[{"href":"https:\/\/www.autonvaraosahaku.fi\/index.php?rest_route=\/wp\/v2\/product\/68617","targetHints":{"allow":["GET"]}}],"collection":[{"href":"https:\/\/www.autonvaraosahaku.fi\/index.php?rest_route=\/wp\/v2\/product"}],"about":[{"href":"https:\/\/www.autonvaraosahaku.fi\/index.php?rest_route=\/wp\/v2\/types\/product"}],"wp:attachment":[{"href":"https:\/\/www.autonvaraosahaku.fi\/index.php?rest_route=%2Fwp%2Fv2%2Fmedia&parent=68617"}],"wp:term":[{"taxonomy":"pwb-brand","embeddable":true,"href":"https:\/\/www.autonvaraosahaku.fi\/index.php?rest_route=%2Fwp%2Fv2%2Fpwb-brand&post=68617"},{"taxonomy":"product_cat","embeddable":true,"href":"https:\/\/www.autonvaraosahaku.fi\/index.php?rest_route=%2Fwp%2Fv2%2Fproduct_cat&post=68617"},{"taxonomy":"product_tag","embeddable":true,"href":"https:\/\/www.autonvaraosahaku.fi\/index.php?rest_route=%2Fwp%2Fv2%2Fproduct_tag&post=68617"}],"curies":[{"name":"wp","href":"https:\/\/api.w.org\/{rel}","templated":true}]}}