{"id":68621,"date":"2021-02-21T19:00:27","date_gmt":"2021-02-21T19:00:27","guid":{"rendered":"https:\/\/www.autonvaraosahaku.fi\/?product=mapco-33185-moottorin-kumityyny"},"modified":"2021-02-21T19:00:28","modified_gmt":"2021-02-21T19:00:28","slug":"mapco-33185-moottorin-kumityyny","status":"publish","type":"product","link":"https:\/\/www.autonvaraosahaku.fi\/?product=mapco-33185-moottorin-kumityyny","title":{"rendered":"MAPCO 33185 Moottorin kumityyny"},"content":{"rendered":"<p>Kiinnitysmalli: Kumimetallilaakeri; Asennuspuoli: Oikea, yl\u00e4; Tarvittava kappalem\u00e4\u00e4r\u00e4: 1; NISSAN: PRIMERA Kombi WP12,PRIMERA P12,PRIMERA Hatchback P12; RENAULT: SC\u00c9NIC II JM0\/1_,MEGANE II Kombi KM0\/1_,MEGANE II Coup\u00e9-Cabriolet EM0\/1_,MEGANE II BM0\/1_, CM0\/1_,GRAND SC\u00c9NIC II JM0\/1_,MEGANE II Stufenheck LM0\/1_; 11350BV000, 8200103263, 8200264322, 8200272424; Moottorin Tukikumit,Moottorin Tuki<\/p>\n","protected":false},"excerpt":{"rendered":"<p>MAPCO Moottorin Kumityyny 33185 Moottorin Tukikumit,Moottorin Tuki NISSAN,RENAULT,PRIMERA Kombi WP12,PRIMERA P12,PRIMERA Hatchback P12<\/p>\n","protected":false},"featured_media":0,"template":"","meta":{"site-sidebar-layout":"default","site-content-layout":"default","ast-global-header-display":"","ast-main-header-display":"","ast-hfb-above-header-display":"","ast-hfb-below-header-display":"","ast-hfb-mobile-header-display":"","site-post-title":"","ast-breadcrumbs-content":"","ast-featured-img":"","footer-sml-layout":"","theme-transparent-header-meta":"","adv-header-id-meta":"","stick-header-meta":"","header-above-stick-meta":"","header-main-stick-meta":"","header-below-stick-meta":""},"pwb-brand":[36],"product_cat":[74],"product_tag":[],"class_list":{"0":"post-68621","1":"product","2":"type-product","3":"status-publish","5":"pwb-brand-mapco","6":"product_cat-moottorin-kumityyny","7":"desktop-align-left","8":"tablet-align-left","9":"mobile-align-left","11":"first","12":"instock","13":"product-type-external"},"brands":[{"id":36,"name":"MAPCO","slug":"mapco"}],"_links":{"self":[{"href":"https:\/\/www.autonvaraosahaku.fi\/index.php?rest_route=\/wp\/v2\/product\/68621","targetHints":{"allow":["GET"]}}],"collection":[{"href":"https:\/\/www.autonvaraosahaku.fi\/index.php?rest_route=\/wp\/v2\/product"}],"about":[{"href":"https:\/\/www.autonvaraosahaku.fi\/index.php?rest_route=\/wp\/v2\/types\/product"}],"wp:attachment":[{"href":"https:\/\/www.autonvaraosahaku.fi\/index.php?rest_route=%2Fwp%2Fv2%2Fmedia&parent=68621"}],"wp:term":[{"taxonomy":"pwb-brand","embeddable":true,"href":"https:\/\/www.autonvaraosahaku.fi\/index.php?rest_route=%2Fwp%2Fv2%2Fpwb-brand&post=68621"},{"taxonomy":"product_cat","embeddable":true,"href":"https:\/\/www.autonvaraosahaku.fi\/index.php?rest_route=%2Fwp%2Fv2%2Fproduct_cat&post=68621"},{"taxonomy":"product_tag","embeddable":true,"href":"https:\/\/www.autonvaraosahaku.fi\/index.php?rest_route=%2Fwp%2Fv2%2Fproduct_tag&post=68621"}],"curies":[{"name":"wp","href":"https:\/\/api.w.org\/{rel}","templated":true}]}}