{"id":68628,"date":"2021-02-21T19:00:27","date_gmt":"2021-02-21T19:00:27","guid":{"rendered":"https:\/\/www.autonvaraosahaku.fi\/?product=prasco-ft9077313-sivupeilit"},"modified":"2021-02-21T19:00:30","modified_gmt":"2021-02-21T19:00:30","slug":"prasco-ft9077313-sivupeilit","status":"publish","type":"product","link":"https:\/\/www.autonvaraosahaku.fi\/?product=prasco-ft9077313-sivupeilit","title":{"rendered":"PRASCO FT9077313 Sivupeilit"},"content":{"rendered":"<p>Asennuspuoli: Oikea; V\u00e4ri: Musta; Paino [kg]: 0,93; Ulko-\/sis\u00e4peili: L\u00e4mmitett\u00e4v\u00e4, Sis\u00e4s\u00e4\u00e4t\u00f6, L\u00e4mp\u00f6tilan tunnistimella; K\u00e4ytt\u00f6: S\u00e4hk\u00f6inen; FIAT: QUBO 225,FIORINO Kasten\/Kombi 225; CITRO\u00cbN: NEMO Kasten AA_,NEMO Kombi; PEUGEOT: BIPPER AA_,BIPPER Tepee; 735460567; Ulkopeilit,Ulkopeili<\/p>\n","protected":false},"excerpt":{"rendered":"<p>PRASCO Sivupeilit FT9077313 Ulkopeilit,Ulkopeili FIAT,CITRO\u00cbN,PEUGEOT,QUBO 225,FIORINO Kasten\/Kombi 225,NEMO Kasten AA_,NEMO Kombi,BIPPER AA_<\/p>\n","protected":false},"featured_media":0,"template":"","meta":{"site-sidebar-layout":"default","site-content-layout":"default","ast-global-header-display":"","ast-main-header-display":"","ast-hfb-above-header-display":"","ast-hfb-below-header-display":"","ast-hfb-mobile-header-display":"","site-post-title":"","ast-breadcrumbs-content":"","ast-featured-img":"","footer-sml-layout":"","theme-transparent-header-meta":"","adv-header-id-meta":"","stick-header-meta":"","header-above-stick-meta":"","header-main-stick-meta":"","header-below-stick-meta":""},"pwb-brand":[406],"product_cat":[220],"product_tag":[],"class_list":{"0":"post-68628","1":"product","2":"type-product","3":"status-publish","5":"pwb-brand-prasco","6":"product_cat-sivupeilit","7":"desktop-align-left","8":"tablet-align-left","9":"mobile-align-left","11":"first","12":"instock","13":"product-type-external"},"brands":[{"id":406,"name":"PRASCO","slug":"prasco"}],"_links":{"self":[{"href":"https:\/\/www.autonvaraosahaku.fi\/index.php?rest_route=\/wp\/v2\/product\/68628","targetHints":{"allow":["GET"]}}],"collection":[{"href":"https:\/\/www.autonvaraosahaku.fi\/index.php?rest_route=\/wp\/v2\/product"}],"about":[{"href":"https:\/\/www.autonvaraosahaku.fi\/index.php?rest_route=\/wp\/v2\/types\/product"}],"wp:attachment":[{"href":"https:\/\/www.autonvaraosahaku.fi\/index.php?rest_route=%2Fwp%2Fv2%2Fmedia&parent=68628"}],"wp:term":[{"taxonomy":"pwb-brand","embeddable":true,"href":"https:\/\/www.autonvaraosahaku.fi\/index.php?rest_route=%2Fwp%2Fv2%2Fpwb-brand&post=68628"},{"taxonomy":"product_cat","embeddable":true,"href":"https:\/\/www.autonvaraosahaku.fi\/index.php?rest_route=%2Fwp%2Fv2%2Fproduct_cat&post=68628"},{"taxonomy":"product_tag","embeddable":true,"href":"https:\/\/www.autonvaraosahaku.fi\/index.php?rest_route=%2Fwp%2Fv2%2Fproduct_tag&post=68628"}],"curies":[{"name":"wp","href":"https:\/\/api.w.org\/{rel}","templated":true}]}}