{"id":68635,"date":"2021-02-21T19:00:27","date_gmt":"2021-02-21T19:00:27","guid":{"rendered":"https:\/\/www.autonvaraosahaku.fi\/?product=nrf-54205-lammityslaitteen-kenno"},"modified":"2021-02-21T19:00:32","modified_gmt":"2021-02-21T19:00:32","slug":"nrf-54205-lammityslaitteen-kenno","status":"publish","type":"product","link":"https:\/\/www.autonvaraosahaku.fi\/?product=nrf-54205-lammityslaitteen-kenno","title":{"rendered":"NRF 54205 L\u00e4mmityslaitteen kenno"},"content":{"rendered":"<p>Valmistaja rajaus: DENSO; Materiaali: Alumiini; Verkon syvyys [mm]: 27; Verkon leveys [mm]: 180; Verkon pituus [mm]: 153; J\u00e4\u00e4hdytintyyppi: J\u00e4\u00e4hdytysrivat juotetut; Vasen \/ oikea liikenne: f\u00fcr Linkslenker; VW: GOLF V 1K1,GOLF VI 5K1,PASSAT Variant 3C5,GOLF PLUS 5M1, 521,PASSAT 3C2,TIGUAN 5N_,PASSAT Variant 365,EOS 1F7, 1F8,SCIROCCO 137, 138,PASSAT CC 357,PASSAT 362,CC 358,GOLF VI Cabriolet 517,PASSAT ALLTRACK 365,PASSAT A32; SKODA: YETI 5L,SUPERB Kombi 3T5,SUPERB 3T4; 3C0819031, 3C0819031A, 3C0819031, 3C0819031A; L\u00e4mmityskenno<\/p>\n","protected":false},"excerpt":{"rendered":"<p>NRF L\u00e4mmityslaitteen Kenno 54205 L\u00e4mmityskenno VW,SKODA,GOLF V 1K1,GOLF VI 5K1,PASSAT Variant 3C5,GOLF PLUS 5M1, 521,PASSAT 3C2,TIGUAN 5N_<\/p>\n","protected":false},"featured_media":0,"template":"","meta":{"site-sidebar-layout":"default","site-content-layout":"default","ast-global-header-display":"","ast-main-header-display":"","ast-hfb-above-header-display":"","ast-hfb-below-header-display":"","ast-hfb-mobile-header-display":"","site-post-title":"","ast-breadcrumbs-content":"","ast-featured-img":"","footer-sml-layout":"","theme-transparent-header-meta":"","adv-header-id-meta":"","stick-header-meta":"","header-above-stick-meta":"","header-main-stick-meta":"","header-below-stick-meta":""},"pwb-brand":[85],"product_cat":[292],"product_tag":[],"class_list":{"0":"post-68635","1":"product","2":"type-product","3":"status-publish","5":"pwb-brand-nrf","6":"product_cat-lammityslaitteen-kenno","7":"desktop-align-left","8":"tablet-align-left","9":"mobile-align-left","11":"first","12":"instock","13":"product-type-external"},"brands":[{"id":85,"name":"NRF","slug":"nrf"}],"_links":{"self":[{"href":"https:\/\/www.autonvaraosahaku.fi\/index.php?rest_route=\/wp\/v2\/product\/68635","targetHints":{"allow":["GET"]}}],"collection":[{"href":"https:\/\/www.autonvaraosahaku.fi\/index.php?rest_route=\/wp\/v2\/product"}],"about":[{"href":"https:\/\/www.autonvaraosahaku.fi\/index.php?rest_route=\/wp\/v2\/types\/product"}],"wp:attachment":[{"href":"https:\/\/www.autonvaraosahaku.fi\/index.php?rest_route=%2Fwp%2Fv2%2Fmedia&parent=68635"}],"wp:term":[{"taxonomy":"pwb-brand","embeddable":true,"href":"https:\/\/www.autonvaraosahaku.fi\/index.php?rest_route=%2Fwp%2Fv2%2Fpwb-brand&post=68635"},{"taxonomy":"product_cat","embeddable":true,"href":"https:\/\/www.autonvaraosahaku.fi\/index.php?rest_route=%2Fwp%2Fv2%2Fproduct_cat&post=68635"},{"taxonomy":"product_tag","embeddable":true,"href":"https:\/\/www.autonvaraosahaku.fi\/index.php?rest_route=%2Fwp%2Fv2%2Fproduct_tag&post=68635"}],"curies":[{"name":"wp","href":"https:\/\/api.w.org\/{rel}","templated":true}]}}