{"id":68654,"date":"2021-02-21T19:00:33","date_gmt":"2021-02-21T19:00:33","guid":{"rendered":"https:\/\/www.autonvaraosahaku.fi\/?product=trw-pjd233-kytkimen-tyosylinteri"},"modified":"2021-02-21T19:00:37","modified_gmt":"2021-02-21T19:00:37","slug":"trw-pjd233-kytkimen-tyosylinteri","status":"publish","type":"product","link":"https:\/\/www.autonvaraosahaku.fi\/?product=trw-pjd233-kytkimen-tyosylinteri","title":{"rendered":"TRW PJD233 Kytkimen ty\u00f6sylinteri"},"content":{"rendered":"<p>L\u00e4pimitta [mm]: 19,05; Materiaali: Muovi; Vaihteistomalli: Schaltgetriebe 5 Gang; PEUGEOT: 407 SW 6E_,308 SW,308 4A_, 4C_,5008,508 SW,407 6D_,3008,PARTNER Tepee,RCZ,308 CC,508,407 Coupe 6C_,PARTNER Kasten,PARTNER Pritsche\/Fahrgestell; CITRO\u00cbN: BERLINGO B9,C5 III Break TD_,C4 Picasso I UD_,C4 Grand Picasso I UA_,C4 I LC_,C5 III RD_,C4 Coupe LA_,BERLINGO Kasten B9,C4 Picasso II,BERLINGO Pritsche\/Fahrgestell B9; 218270, 218299, 2182A7, 2182J4, 2182J4, 218299, 2182A7, 2182J4; Ty\u00f6sylinteri, Kytkin<\/p>\n","protected":false},"excerpt":{"rendered":"<p>TRW Kytkimen Ty\u00f6sylinteri PJD233 Ty\u00f6sylinteri, Kytkin PEUGEOT,CITRO\u00cbN,407 SW 6E_,308 SW,308 4A_, 4C_,5008,508 SW,407 6D_,3008,PARTNER Tepee,RCZ,308 CC<\/p>\n","protected":false},"featured_media":0,"template":"","meta":{"site-sidebar-layout":"default","site-content-layout":"default","ast-global-header-display":"","ast-main-header-display":"","ast-hfb-above-header-display":"","ast-hfb-below-header-display":"","ast-hfb-mobile-header-display":"","site-post-title":"","ast-breadcrumbs-content":"","ast-featured-img":"","footer-sml-layout":"","theme-transparent-header-meta":"","adv-header-id-meta":"","stick-header-meta":"","header-above-stick-meta":"","header-main-stick-meta":"","header-below-stick-meta":""},"pwb-brand":[332],"product_cat":[310],"product_tag":[],"class_list":{"0":"post-68654","1":"product","2":"type-product","3":"status-publish","5":"pwb-brand-trw","6":"product_cat-kytkimen-tyosylinteri","7":"desktop-align-left","8":"tablet-align-left","9":"mobile-align-left","11":"first","12":"instock","13":"product-type-external"},"brands":[{"id":332,"name":"TRW","slug":"trw"}],"_links":{"self":[{"href":"https:\/\/www.autonvaraosahaku.fi\/index.php?rest_route=\/wp\/v2\/product\/68654","targetHints":{"allow":["GET"]}}],"collection":[{"href":"https:\/\/www.autonvaraosahaku.fi\/index.php?rest_route=\/wp\/v2\/product"}],"about":[{"href":"https:\/\/www.autonvaraosahaku.fi\/index.php?rest_route=\/wp\/v2\/types\/product"}],"wp:attachment":[{"href":"https:\/\/www.autonvaraosahaku.fi\/index.php?rest_route=%2Fwp%2Fv2%2Fmedia&parent=68654"}],"wp:term":[{"taxonomy":"pwb-brand","embeddable":true,"href":"https:\/\/www.autonvaraosahaku.fi\/index.php?rest_route=%2Fwp%2Fv2%2Fpwb-brand&post=68654"},{"taxonomy":"product_cat","embeddable":true,"href":"https:\/\/www.autonvaraosahaku.fi\/index.php?rest_route=%2Fwp%2Fv2%2Fproduct_cat&post=68654"},{"taxonomy":"product_tag","embeddable":true,"href":"https:\/\/www.autonvaraosahaku.fi\/index.php?rest_route=%2Fwp%2Fv2%2Fproduct_tag&post=68654"}],"curies":[{"name":"wp","href":"https:\/\/api.w.org\/{rel}","templated":true}]}}