{"id":6866,"date":"2021-02-21T13:58:33","date_gmt":"2021-02-21T13:58:33","guid":{"rendered":"https:\/\/www.autonvaraosahaku.fi\/?product=original-imperium-26741-polkimen-kumi"},"modified":"2021-02-21T13:58:34","modified_gmt":"2021-02-21T13:58:34","slug":"original-imperium-26741-polkimen-kumi","status":"publish","type":"product","link":"https:\/\/www.autonvaraosahaku.fi\/?product=original-imperium-26741-polkimen-kumi","title":{"rendered":"ORIGINAL IMPERIUM 26741 Polkimen kumi"},"content":{"rendered":"<p>Paino [g]: 19; Materiaali: Kumi; Tarvittava kappalem\u00e4\u00e4r\u00e4: 2; FIAT: PANDA 169,DUCATO Pritsche\/Fahrgestell 230,DUCATO Bus 230,DUCATO Kasten 244,DUCATO Pritsche\/Fahrgestell 244,DUCATO Kasten 290,DUCATO Pritsche\/Fahrgestell 290,DUCATO Kasten 230L,DUCATO Kasten 280,DUCATO Pritsche\/Fahrgestell 280,PANDA 141A_,DUCATO Bus 244, Z_,124 Spider,DUCATO Panorama 280,DUCATO Panorama 290,127,850,128 Coupe,128,PANDA Van 141_,125,TALENTO Pritsche\/Fahrgestell 290,124 Coupe,RITMO I 138A,124,TALENTO Bus 290,FIORINO 147,TALENTO Kasten 290,RITMO Cabriolet,127 Panorama,128 Familiare,FIORINO 127,FIORINO Pick up 147; PEUGEOT: J5 Pritsche\/Fahrgestell 280L,J5 Pritsche\/Fahrgestell 290L,BOXER Kasten 230L,J5 Kasten 280L,J5 Bus 290P,J5 Kasten 290L,J5 Bus 280P,BOXER Bus 230P,BOXER Pritsche\/Fahrgestell ZCT_; SEAT: MARBELLA 28,IBIZA I 021A,TERRA Kasten 024A,MARBELLA Kasten 028A,TERRA 24,RONDA 022A,FURA 025A; CITRO\u00cbN: JUMPER Kasten 230L,JUMPER Bus 230P,JUMPER Pritsche\/Fahrgestell 230; LANCIA: Y10 156,A 112; LADA: 1200-1600,1200-1500 Kombi; AUTOBIANCHI: A 112; 1314352080, 4144275, 1314352080, 4144275, FA12602500, SE127126025A, 450410, 450416, 450410, 450416, 1314352080, 4144275, 4144275, 21011602048, 4144275, 1314352080, 4144275, 450410, 450416, FA12602500, SE127126025A, FA12602500, SE127126025A, FA12602500, SE127126025A; Poljinkumi, Jarru<\/p>\n","protected":false},"excerpt":{"rendered":"<p>ORIGINAL IMPERIUM Polkimen Kumi 26741 Poljinkumi, Jarru FIAT,PEUGEOT,SEAT,PANDA 169,DUCATO Pritsche\/Fahrgestell 230,DUCATO Bus 230,DUCATO Kasten 244<\/p>\n","protected":false},"featured_media":0,"template":"","meta":{"site-sidebar-layout":"default","site-content-layout":"default","ast-global-header-display":"","ast-main-header-display":"","ast-hfb-above-header-display":"","ast-hfb-below-header-display":"","ast-hfb-mobile-header-display":"","site-post-title":"","ast-breadcrumbs-content":"","ast-featured-img":"","footer-sml-layout":"","theme-transparent-header-meta":"","adv-header-id-meta":"","stick-header-meta":"","header-above-stick-meta":"","header-main-stick-meta":"","header-below-stick-meta":""},"pwb-brand":[72],"product_cat":[107],"product_tag":[],"class_list":{"0":"post-6866","1":"product","2":"type-product","3":"status-publish","5":"pwb-brand-original-imperium","6":"product_cat-polkimen-kumi","7":"desktop-align-left","8":"tablet-align-left","9":"mobile-align-left","11":"first","12":"instock","13":"product-type-external"},"brands":[{"id":72,"name":"ORIGINAL IMPERIUM","slug":"original-imperium"}],"_links":{"self":[{"href":"https:\/\/www.autonvaraosahaku.fi\/index.php?rest_route=\/wp\/v2\/product\/6866","targetHints":{"allow":["GET"]}}],"collection":[{"href":"https:\/\/www.autonvaraosahaku.fi\/index.php?rest_route=\/wp\/v2\/product"}],"about":[{"href":"https:\/\/www.autonvaraosahaku.fi\/index.php?rest_route=\/wp\/v2\/types\/product"}],"wp:attachment":[{"href":"https:\/\/www.autonvaraosahaku.fi\/index.php?rest_route=%2Fwp%2Fv2%2Fmedia&parent=6866"}],"wp:term":[{"taxonomy":"pwb-brand","embeddable":true,"href":"https:\/\/www.autonvaraosahaku.fi\/index.php?rest_route=%2Fwp%2Fv2%2Fpwb-brand&post=6866"},{"taxonomy":"product_cat","embeddable":true,"href":"https:\/\/www.autonvaraosahaku.fi\/index.php?rest_route=%2Fwp%2Fv2%2Fproduct_cat&post=6866"},{"taxonomy":"product_tag","embeddable":true,"href":"https:\/\/www.autonvaraosahaku.fi\/index.php?rest_route=%2Fwp%2Fv2%2Fproduct_tag&post=6866"}],"curies":[{"name":"wp","href":"https:\/\/api.w.org\/{rel}","templated":true}]}}