{"id":68685,"date":"2021-02-21T19:00:44","date_gmt":"2021-02-21T19:00:44","guid":{"rendered":"https:\/\/www.autonvaraosahaku.fi\/?product=reinz-70-31610-00-kierretulppa"},"modified":"2021-02-21T19:00:46","modified_gmt":"2021-02-21T19:00:46","slug":"reinz-70-31610-00-kierretulppa","status":"publish","type":"product","link":"https:\/\/www.autonvaraosahaku.fi\/?product=reinz-70-31610-00-kierretulppa","title":{"rendered":"REINZ 70-31610-00 Kierretulppa"},"content":{"rendered":"<p>Materiaali: NBR (nitriili-butadi-kumi); Paksuus [mm]: 1,5; Sis\u00e4l\u00e4pimitta [mm]: 12; Ulkol\u00e4pimitta [mm]: 24; Muoto: A-muoto; TECDOC-moottorinumero: 1434; MAZDA: 121 III JASM, JBSM; FORD: FOCUS Kombi DNW,FOCUS DAW, DBW,FIESTA IV JA_, JB_,FOCUS Stufenheck DFW,MONDEO II Kombi BNP,FIESTA III GFJ,TRANSIT CONNECT P65_, P70_, P80_,MONDEO II BAP,TOURNEO CONNECT,ESCORT VII GAL, AAL, ABL,MONDEO II Stufenheck BFP,MONDEO I Kombi BNP,SIERRA GBG, GB4,MONDEO I GBP,ESCORT VII Kombi GAL, ANL,ESCORT VII Cabriolet ALL,ESCORT VI GAL,SIERRA Schr\u00e4gheck GBC, GBG,ESCORT IV GAF, AWF, ABFT,MONDEO I Stufenheck GBP,ESCORT &#8217;95 Express AVL,FIESTA Kasten J5_, J3_,ESCORT V GAL,ESCORT VII Stufenheck GAL, AFL,FIESTA Kasten JV_,SIERRA Kombi BNG,ESCORT VI Kombi GAL,ESCORT CLASSIC AAL, ABL,ESCORT CLASSIC Turnier ANL,ESCORT VI Stufenheck GAL,FIESTA Kasten F3L, F5L,FIESTA Kasten FVD,COURIER Pick-up J3 J5,ORION II AFF,ESCORT IV Kombi AWF, AVF,ESCORT &#8217;86 Express AVF,ESCORT V Kombi GAL, AVL,ORION III GAL,P 100 II; 1005578, 6835866, 92FF6734AA, W704052S309, 3553055, 016446; Tiiviste, \u00d6ljynlaskutulppa<\/p>\n","protected":false},"excerpt":{"rendered":"<p>REINZ \u00d6ljytulpan Tiiviste 70-31610-00 Tiiviste, \u00d6ljynlaskutulppa MAZDA,FORD,121 III JASM, JBSM,FOCUS Kombi DNW,FOCUS DAW, DBW,FIESTA IV JA_, JB_<\/p>\n","protected":false},"featured_media":0,"template":"","meta":{"site-sidebar-layout":"default","site-content-layout":"default","ast-global-header-display":"","ast-main-header-display":"","ast-hfb-above-header-display":"","ast-hfb-below-header-display":"","ast-hfb-mobile-header-display":"","site-post-title":"","ast-breadcrumbs-content":"","ast-featured-img":"","footer-sml-layout":"","theme-transparent-header-meta":"","adv-header-id-meta":"","stick-header-meta":"","header-above-stick-meta":"","header-main-stick-meta":"","header-below-stick-meta":""},"pwb-brand":[138],"product_cat":[40],"product_tag":[],"class_list":{"0":"post-68685","1":"product","2":"type-product","3":"status-publish","5":"pwb-brand-reinz","6":"product_cat-kierretulppa","7":"desktop-align-left","8":"tablet-align-left","9":"mobile-align-left","11":"first","12":"instock","13":"product-type-external"},"brands":[{"id":138,"name":"REINZ","slug":"reinz"}],"_links":{"self":[{"href":"https:\/\/www.autonvaraosahaku.fi\/index.php?rest_route=\/wp\/v2\/product\/68685","targetHints":{"allow":["GET"]}}],"collection":[{"href":"https:\/\/www.autonvaraosahaku.fi\/index.php?rest_route=\/wp\/v2\/product"}],"about":[{"href":"https:\/\/www.autonvaraosahaku.fi\/index.php?rest_route=\/wp\/v2\/types\/product"}],"wp:attachment":[{"href":"https:\/\/www.autonvaraosahaku.fi\/index.php?rest_route=%2Fwp%2Fv2%2Fmedia&parent=68685"}],"wp:term":[{"taxonomy":"pwb-brand","embeddable":true,"href":"https:\/\/www.autonvaraosahaku.fi\/index.php?rest_route=%2Fwp%2Fv2%2Fpwb-brand&post=68685"},{"taxonomy":"product_cat","embeddable":true,"href":"https:\/\/www.autonvaraosahaku.fi\/index.php?rest_route=%2Fwp%2Fv2%2Fproduct_cat&post=68685"},{"taxonomy":"product_tag","embeddable":true,"href":"https:\/\/www.autonvaraosahaku.fi\/index.php?rest_route=%2Fwp%2Fv2%2Fproduct_tag&post=68685"}],"curies":[{"name":"wp","href":"https:\/\/api.w.org\/{rel}","templated":true}]}}