{"id":68687,"date":"2021-02-21T19:00:44","date_gmt":"2021-02-21T19:00:44","guid":{"rendered":"https:\/\/www.autonvaraosahaku.fi\/?product=reinz-70-20423-00-venttiilinvarren-kumit"},"modified":"2021-02-21T19:00:46","modified_gmt":"2021-02-21T19:00:46","slug":"reinz-70-20423-00-venttiilinvarren-kumit","status":"publish","type":"product","link":"https:\/\/www.autonvaraosahaku.fi\/?product=reinz-70-20423-00-venttiilinvarren-kumit","title":{"rendered":"REINZ 70-20423-00 Venttiilinvarren kumit"},"content":{"rendered":"<p>Paksuus [mm]: 13; Tarvittava kappalem\u00e4\u00e4r\u00e4: 4; MERCEDES-BENZ: SL R107,Stufenheck W123,S-CLASS W126,G-CLASS W460,COUPE C123,S-CLASS W108, W109,S-CLASS W116,COUPE W111,KOMBI Kombi S123,T1 Bus 601,SL Coupe C107,T2\/L Kasten\/Kombi,T1 Pritsche\/Fahrgestell 601,T1 Kasten 601,T2\/L Pritsche\/Fahrgestell,T2\/L Kommunalfahrzeug,T2\/L Kipper,O 309; CITRO\u00cbN: C35 Kasten,C35 Bus,C35 Pick-up; PEUGEOT: J5 Pritsche\/Fahrgestell 290L,J5 Kasten 280L,J5 Bus 290P,J5 Kasten 290L; PUCH: G-MODELL W 460; 0000530858, 0000531958<\/p>\n","protected":false},"excerpt":{"rendered":"<p>REINZ Tiiviste, Venttiilivarsi 70-20423-00  MERCEDES-BENZ,CITRO\u00cbN,PEUGEOT,SL R107,Stufenheck W123,S-CLASS W126,G-CLASS W460,COUPE C123<\/p>\n","protected":false},"featured_media":0,"template":"","meta":{"site-sidebar-layout":"default","site-content-layout":"default","ast-global-header-display":"","ast-main-header-display":"","ast-hfb-above-header-display":"","ast-hfb-below-header-display":"","ast-hfb-mobile-header-display":"","site-post-title":"","ast-breadcrumbs-content":"","ast-featured-img":"","footer-sml-layout":"","theme-transparent-header-meta":"","adv-header-id-meta":"","stick-header-meta":"","header-above-stick-meta":"","header-main-stick-meta":"","header-below-stick-meta":""},"pwb-brand":[138],"product_cat":[170],"product_tag":[],"class_list":{"0":"post-68687","1":"product","2":"type-product","3":"status-publish","5":"pwb-brand-reinz","6":"product_cat-venttiilinvarren-kumit","7":"desktop-align-left","8":"tablet-align-left","9":"mobile-align-left","11":"first","12":"instock","13":"product-type-external"},"brands":[{"id":138,"name":"REINZ","slug":"reinz"}],"_links":{"self":[{"href":"https:\/\/www.autonvaraosahaku.fi\/index.php?rest_route=\/wp\/v2\/product\/68687","targetHints":{"allow":["GET"]}}],"collection":[{"href":"https:\/\/www.autonvaraosahaku.fi\/index.php?rest_route=\/wp\/v2\/product"}],"about":[{"href":"https:\/\/www.autonvaraosahaku.fi\/index.php?rest_route=\/wp\/v2\/types\/product"}],"wp:attachment":[{"href":"https:\/\/www.autonvaraosahaku.fi\/index.php?rest_route=%2Fwp%2Fv2%2Fmedia&parent=68687"}],"wp:term":[{"taxonomy":"pwb-brand","embeddable":true,"href":"https:\/\/www.autonvaraosahaku.fi\/index.php?rest_route=%2Fwp%2Fv2%2Fpwb-brand&post=68687"},{"taxonomy":"product_cat","embeddable":true,"href":"https:\/\/www.autonvaraosahaku.fi\/index.php?rest_route=%2Fwp%2Fv2%2Fproduct_cat&post=68687"},{"taxonomy":"product_tag","embeddable":true,"href":"https:\/\/www.autonvaraosahaku.fi\/index.php?rest_route=%2Fwp%2Fv2%2Fproduct_tag&post=68687"}],"curies":[{"name":"wp","href":"https:\/\/api.w.org\/{rel}","templated":true}]}}