{"id":68695,"date":"2021-02-21T19:00:44","date_gmt":"2021-02-21T19:00:44","guid":{"rendered":"https:\/\/www.autonvaraosahaku.fi\/?product=reinz-41-72065-30-kierretulppa"},"modified":"2021-02-21T19:00:48","modified_gmt":"2021-02-21T19:00:48","slug":"reinz-41-72065-30-kierretulppa","status":"publish","type":"product","link":"https:\/\/www.autonvaraosahaku.fi\/?product=reinz-41-72065-30-kierretulppa","title":{"rendered":"REINZ 41-72065-30 Kierretulppa"},"content":{"rendered":"<p>Paksuus [mm]: 2,5; Sis\u00e4l\u00e4pimitta [mm]: 26; Ulkol\u00e4pimitta [mm]: 32; Laatu: CU-AFM; Muoto: C-muoto; TECDOC-moottorinumero: 2163; AUDI: 100 C1,100 43, C2,100 Avant 43, C2; MERCEDES-BENZ: SL R107,S-CLASS W126,S-CLASS Coupe C126,T2\/L Kasten\/Kombi,T2\/L Pritsche\/Fahrgestell,O 309; VOLVO: 940 II Kombi 945,940 Kombi 945,240 Kombi P245,740 Kombi 745,740 744,240 P242, P244,940 944,760 704, 764,960 Kombi 965,760 Kombi 704, 765,940 II 944,960 964,260 P262, P264,780; PORSCHE: 924; 007603026301, 2091026, N0438541, N138212; Tiiviste, \u00d6ljynlaskutulppa<\/p>\n","protected":false},"excerpt":{"rendered":"<p>REINZ \u00d6ljytulpan Tiiviste 41-72065-30 Tiiviste, \u00d6ljynlaskutulppa AUDI,MERCEDES-BENZ,VOLVO,100 C1,100 43, C2,100 Avant 43, C2,SL R107,S-CLASS W126<\/p>\n","protected":false},"featured_media":0,"template":"","meta":{"site-sidebar-layout":"default","site-content-layout":"default","ast-global-header-display":"","ast-main-header-display":"","ast-hfb-above-header-display":"","ast-hfb-below-header-display":"","ast-hfb-mobile-header-display":"","site-post-title":"","ast-breadcrumbs-content":"","ast-featured-img":"","footer-sml-layout":"","theme-transparent-header-meta":"","adv-header-id-meta":"","stick-header-meta":"","header-above-stick-meta":"","header-main-stick-meta":"","header-below-stick-meta":""},"pwb-brand":[138],"product_cat":[40],"product_tag":[],"class_list":{"0":"post-68695","1":"product","2":"type-product","3":"status-publish","5":"pwb-brand-reinz","6":"product_cat-kierretulppa","7":"desktop-align-left","8":"tablet-align-left","9":"mobile-align-left","11":"first","12":"instock","13":"product-type-external"},"brands":[{"id":138,"name":"REINZ","slug":"reinz"}],"_links":{"self":[{"href":"https:\/\/www.autonvaraosahaku.fi\/index.php?rest_route=\/wp\/v2\/product\/68695","targetHints":{"allow":["GET"]}}],"collection":[{"href":"https:\/\/www.autonvaraosahaku.fi\/index.php?rest_route=\/wp\/v2\/product"}],"about":[{"href":"https:\/\/www.autonvaraosahaku.fi\/index.php?rest_route=\/wp\/v2\/types\/product"}],"wp:attachment":[{"href":"https:\/\/www.autonvaraosahaku.fi\/index.php?rest_route=%2Fwp%2Fv2%2Fmedia&parent=68695"}],"wp:term":[{"taxonomy":"pwb-brand","embeddable":true,"href":"https:\/\/www.autonvaraosahaku.fi\/index.php?rest_route=%2Fwp%2Fv2%2Fpwb-brand&post=68695"},{"taxonomy":"product_cat","embeddable":true,"href":"https:\/\/www.autonvaraosahaku.fi\/index.php?rest_route=%2Fwp%2Fv2%2Fproduct_cat&post=68695"},{"taxonomy":"product_tag","embeddable":true,"href":"https:\/\/www.autonvaraosahaku.fi\/index.php?rest_route=%2Fwp%2Fv2%2Fproduct_tag&post=68695"}],"curies":[{"name":"wp","href":"https:\/\/api.w.org\/{rel}","templated":true}]}}