{"id":68733,"date":"2021-02-21T19:00:55","date_gmt":"2021-02-21T19:00:55","guid":{"rendered":"https:\/\/www.autonvaraosahaku.fi\/?product=calorstat-by-vernet-th6297-82j-termostaatti"},"modified":"2021-02-21T19:00:59","modified_gmt":"2021-02-21T19:00:59","slug":"calorstat-by-vernet-th6297-82j-termostaatti","status":"publish","type":"product","link":"https:\/\/www.autonvaraosahaku.fi\/?product=calorstat-by-vernet-th6297-82j-termostaatti","title":{"rendered":"CALORSTAT by Vernet TH6297.82J Termostaatti"},"content":{"rendered":"<p>Avausl\u00e4mp\u00f6tila [\u00b0C]: 82; Lis\u00e4tarvike\/lis\u00e4tieto: Tiivisteill\u00e4; L\u00e4pimitta 1 [mm]: 64,0; L\u00e4pimitta 2 [mm]: 30,0; Korkeus 1 (mm): 43,0; Vuosimallista: 2006; OPEL: VECTRA C Caravan,SIGNUM,VECTRA C,VECTRA C GTS; TOYOTA: LAND CRUISER 100 UZJ100,LAND CRUISER VDJ20_, UZJ20_,TUNDRA Pick-up _K5_,4 RUNNER UZN21_, KZN21_, GRN21_; HYUNDAI: ix35 LM, EL, ELH,TUCSON JM,SANTA F\u00c9 I SM,SANTA F\u00c9 II CM,TERRACAN HP,COUPE GK,TRAJET FO,ix55,SANTA F\u00c9 III DM,SONATA IV EF,GRANDEUR TG,XG XG,GRAND SANTA F\u00c9,TUCSON,HIGHWAY VAN,TIBURON Coupe; NISSAN: X-TRAIL T30,ALMERA TINO V10,ALMERA II Hatchback N16,NAVARA D40,PATHFINDER R51,PRIMERA Kombi WP12,PRIMERA P12,NAVARA Pritsche\/Fahrgestell D40,PRIMERA Hatchback P12,PATROL GR II Wagon Y61,MURANO Z51,PICK UP D22,NAVARA D22,PATHFINDER R50,ALMERA Mk II N16,NP300,NAVARA Pritsche\/Fahrgestell D22,PATROL II Pritsche\/Fahrgestell Y61,NAVARA Pick-up D23,CABSTAR E Pick-up US,SERENA C24,NT400 CABSTAR F24F; KIA: SORENTO I JC,SPORTAGE SL,SPORTAGE JE_, KM_,SORENTO II XM,CARNIVAL \/ GRAND CARNIVAL III VQ,MAGENTIS GD,MAGENTIS MG,OPIRUS GH,SPORTAGE QL,SORENTO III,BORREGO; VOLVO: XC90 I,S80 II AS; MITSUBISHI: OUTLANDER XL II CW_W,OUTLANDER III GG_W, GF_W, ZJ,PAJERO IV V8_W, V9_W,PAJERO SPORT II KH_, KG_; CHRYSLER: STRATUS Cabriolet JX,STRATUS JA,SEBRING Coupe FJ; LEXUS: GS GRS19_, UZS19_, GWS19_,SC UZZ40_,LS UCF30,LX UZJ100,GX _J12_; INFINITI: FX,M Y51,QX56,Q70 Y51,QX70; MD194988, 2500035531, 2550035530, 2550035531, 2550035540, 2550037200, 255003A010, 21200AD21A, 2550037200, 255003A000, 9091603138, 1305A191, 212001AT1A, 21200AD200, 21200AD201, 21200MA70A, 6338014, 6338029, 9091603138, 97176464, 97361771, 30720083; Termostaatti, J\u00e4\u00e4hdytysneste<\/p>\n","protected":false},"excerpt":{"rendered":"<p>CALORSTAT by Vernet Termostaatti TH6297.82J Termostaatti, J\u00e4\u00e4hdytysneste OPEL,TOYOTA,HYUNDAI,VECTRA C Caravan,SIGNUM,VECTRA C,VECTRA C GTS<\/p>\n","protected":false},"featured_media":0,"template":"","meta":{"site-sidebar-layout":"default","site-content-layout":"default","ast-global-header-display":"","ast-main-header-display":"","ast-hfb-above-header-display":"","ast-hfb-below-header-display":"","ast-hfb-mobile-header-display":"","site-post-title":"","ast-breadcrumbs-content":"","ast-featured-img":"","footer-sml-layout":"","theme-transparent-header-meta":"","adv-header-id-meta":"","stick-header-meta":"","header-above-stick-meta":"","header-main-stick-meta":"","header-below-stick-meta":""},"pwb-brand":[343],"product_cat":[174],"product_tag":[],"class_list":{"0":"post-68733","1":"product","2":"type-product","3":"status-publish","5":"pwb-brand-calorstat-by-vernet","6":"product_cat-termostaatti","7":"desktop-align-left","8":"tablet-align-left","9":"mobile-align-left","11":"first","12":"instock","13":"product-type-external"},"brands":[{"id":343,"name":"CALORSTAT by Vernet","slug":"calorstat-by-vernet"}],"_links":{"self":[{"href":"https:\/\/www.autonvaraosahaku.fi\/index.php?rest_route=\/wp\/v2\/product\/68733","targetHints":{"allow":["GET"]}}],"collection":[{"href":"https:\/\/www.autonvaraosahaku.fi\/index.php?rest_route=\/wp\/v2\/product"}],"about":[{"href":"https:\/\/www.autonvaraosahaku.fi\/index.php?rest_route=\/wp\/v2\/types\/product"}],"wp:attachment":[{"href":"https:\/\/www.autonvaraosahaku.fi\/index.php?rest_route=%2Fwp%2Fv2%2Fmedia&parent=68733"}],"wp:term":[{"taxonomy":"pwb-brand","embeddable":true,"href":"https:\/\/www.autonvaraosahaku.fi\/index.php?rest_route=%2Fwp%2Fv2%2Fpwb-brand&post=68733"},{"taxonomy":"product_cat","embeddable":true,"href":"https:\/\/www.autonvaraosahaku.fi\/index.php?rest_route=%2Fwp%2Fv2%2Fproduct_cat&post=68733"},{"taxonomy":"product_tag","embeddable":true,"href":"https:\/\/www.autonvaraosahaku.fi\/index.php?rest_route=%2Fwp%2Fv2%2Fproduct_tag&post=68733"}],"curies":[{"name":"wp","href":"https:\/\/api.w.org\/{rel}","templated":true}]}}