{"id":68741,"date":"2021-02-21T19:01:00","date_gmt":"2021-02-21T19:01:00","guid":{"rendered":"https:\/\/www.autonvaraosahaku.fi\/?product=monroe-d5491-iskunvaimennin"},"modified":"2021-02-21T19:01:01","modified_gmt":"2021-02-21T19:01:01","slug":"monroe-d5491-iskunvaimennin","status":"publish","type":"product","link":"https:\/\/www.autonvaraosahaku.fi\/?product=monroe-d5491-iskunvaimennin","title":{"rendered":"MONROE D5491 Iskunvaimennin"},"content":{"rendered":"<p>Iskunvaimennin tyyppi: Kaasupaine; Iskunvaimennusj\u00e4rjestelm\u00e4: Yksiputki; Iskunvaimennin asennustapa: Silmukka alhaalla, Tappi ylh\u00e4\u00e4ll\u00e4; Paino [kg]: 1,700; suurin pituus [mm]: 379; v\u00e4h. pituus [mm]: 247; Pakkauspituus [cm]: 61,3; Pakkausleveys [cm]: 13,8; Pakkauskorkeus [mm]: 6,5; Tullitariffinumero: 87088035; Asennuspuoli: Vorderachse; NISSAN: TERRANO II R20,TERRANO I WD21,PATHFINDER; FORD: MAVERICK UDS, UNS; 1954805, 1954806, 1956732, 1956733, 1960086, 1960087, 541107F025, 561100F004, 561100F006, 561100F025, 561100F604, 561100F605, 561100F625, 561100F626, 561100F627, 561100X400, 561100X425, 5611045G00, 5611045G25, 5611046G00, 5611046G25, 561107F025, 561107F600, 561107F601, 561107F625, 561107F626, 561100F004, 561100F006, 561100F025, 561100F026, 561100F027, 561100F056, 561100F604, 561100F605, 561100F625, 561100F626, 561100F627, 561100F655, 561100X000, 561100X025, 561100X050, 561100X400, 561100X425, 561100X450, 561101F101, 561101F102, 561101F126, 561101F228, 5611045G00, 5611045G25, 5611046G00, 5611046G25, 5611046G60, 561107F000, 561107F001, 561107F025, 561107F026, 561107F600, 561107F601, 561107F625, 561107F626, 562100F027; Iskarit,Iskunvaimennin<\/p>\n","protected":false},"excerpt":{"rendered":"<p>MONROE Iskunvaimentimet MONROE ADVENTURE D5491 Iskarit,Iskunvaimennin NISSAN,FORD,TERRANO II R20,TERRANO I WD21,PATHFINDER,MAVERICK UDS, UNS<\/p>\n","protected":false},"featured_media":0,"template":"","meta":{"site-sidebar-layout":"default","site-content-layout":"default","ast-global-header-display":"","ast-main-header-display":"","ast-hfb-above-header-display":"","ast-hfb-below-header-display":"","ast-hfb-mobile-header-display":"","site-post-title":"","ast-breadcrumbs-content":"","ast-featured-img":"","footer-sml-layout":"","theme-transparent-header-meta":"","adv-header-id-meta":"","stick-header-meta":"","header-above-stick-meta":"","header-main-stick-meta":"","header-below-stick-meta":""},"pwb-brand":[79],"product_cat":[80],"product_tag":[],"class_list":{"0":"post-68741","1":"product","2":"type-product","3":"status-publish","5":"pwb-brand-monroe","6":"product_cat-iskunvaimennin","7":"desktop-align-left","8":"tablet-align-left","9":"mobile-align-left","11":"first","12":"instock","13":"product-type-external"},"brands":[{"id":79,"name":"MONROE","slug":"monroe"}],"_links":{"self":[{"href":"https:\/\/www.autonvaraosahaku.fi\/index.php?rest_route=\/wp\/v2\/product\/68741","targetHints":{"allow":["GET"]}}],"collection":[{"href":"https:\/\/www.autonvaraosahaku.fi\/index.php?rest_route=\/wp\/v2\/product"}],"about":[{"href":"https:\/\/www.autonvaraosahaku.fi\/index.php?rest_route=\/wp\/v2\/types\/product"}],"wp:attachment":[{"href":"https:\/\/www.autonvaraosahaku.fi\/index.php?rest_route=%2Fwp%2Fv2%2Fmedia&parent=68741"}],"wp:term":[{"taxonomy":"pwb-brand","embeddable":true,"href":"https:\/\/www.autonvaraosahaku.fi\/index.php?rest_route=%2Fwp%2Fv2%2Fpwb-brand&post=68741"},{"taxonomy":"product_cat","embeddable":true,"href":"https:\/\/www.autonvaraosahaku.fi\/index.php?rest_route=%2Fwp%2Fv2%2Fproduct_cat&post=68741"},{"taxonomy":"product_tag","embeddable":true,"href":"https:\/\/www.autonvaraosahaku.fi\/index.php?rest_route=%2Fwp%2Fv2%2Fproduct_tag&post=68741"}],"curies":[{"name":"wp","href":"https:\/\/api.w.org\/{rel}","templated":true}]}}