{"id":68778,"date":"2021-02-21T19:01:12","date_gmt":"2021-02-21T19:01:12","guid":{"rendered":"https:\/\/www.autonvaraosahaku.fi\/?product=mts-01-19920-keskimmainen-aanenvaimennin"},"modified":"2021-02-21T19:01:12","modified_gmt":"2021-02-21T19:01:12","slug":"mts-01-19920-keskimmainen-aanenvaimennin","status":"publish","type":"product","link":"https:\/\/www.autonvaraosahaku.fi\/?product=mts-01-19920-keskimmainen-aanenvaimennin","title":{"rendered":"MTS 01.19920 Keskimm\u00e4inen \u00e4\u00e4nenvaimennin"},"content":{"rendered":"<p>L\u00e4pimitta [mm]: 0; Paino [kg]: 2,59; Pituus (mm): 770; Asennuspuoli: Edess\u00e4; Pakoputkisto: keski\u00e4\u00e4nenvaimentajalle; Varustelumahdollisuudet: 00000000000000001097; Iskutilavuus (py\u00f6r.) (cm): 1.1; FIAT: PUNTO 188,PUNTO 176,PUNTO Cabriolet 176C; LANCIA: Y 840A; 46408407, 46459687, 46460100, 46462999, 46471570, 46541662, 46462999, 46471570, 46541662<\/p>\n","protected":false},"excerpt":{"rendered":"<p>MTS Pakoputki 01.19920  FIAT,LANCIA,PUNTO 188,PUNTO 176,PUNTO Cabriolet 176C,Y 840A<\/p>\n","protected":false},"featured_media":0,"template":"","meta":{"site-sidebar-layout":"default","site-content-layout":"default","ast-global-header-display":"","ast-main-header-display":"","ast-hfb-above-header-display":"","ast-hfb-below-header-display":"","ast-hfb-mobile-header-display":"","site-post-title":"","ast-breadcrumbs-content":"","ast-featured-img":"","footer-sml-layout":"","theme-transparent-header-meta":"","adv-header-id-meta":"","stick-header-meta":"","header-above-stick-meta":"","header-main-stick-meta":"","header-below-stick-meta":""},"pwb-brand":[577],"product_cat":[212],"product_tag":[],"class_list":{"0":"post-68778","1":"product","2":"type-product","3":"status-publish","5":"pwb-brand-mts","6":"product_cat-keskimmainen-aanenvaimennin","7":"desktop-align-left","8":"tablet-align-left","9":"mobile-align-left","11":"first","12":"instock","13":"product-type-external"},"brands":[{"id":577,"name":"MTS","slug":"mts"}],"_links":{"self":[{"href":"https:\/\/www.autonvaraosahaku.fi\/index.php?rest_route=\/wp\/v2\/product\/68778","targetHints":{"allow":["GET"]}}],"collection":[{"href":"https:\/\/www.autonvaraosahaku.fi\/index.php?rest_route=\/wp\/v2\/product"}],"about":[{"href":"https:\/\/www.autonvaraosahaku.fi\/index.php?rest_route=\/wp\/v2\/types\/product"}],"wp:attachment":[{"href":"https:\/\/www.autonvaraosahaku.fi\/index.php?rest_route=%2Fwp%2Fv2%2Fmedia&parent=68778"}],"wp:term":[{"taxonomy":"pwb-brand","embeddable":true,"href":"https:\/\/www.autonvaraosahaku.fi\/index.php?rest_route=%2Fwp%2Fv2%2Fpwb-brand&post=68778"},{"taxonomy":"product_cat","embeddable":true,"href":"https:\/\/www.autonvaraosahaku.fi\/index.php?rest_route=%2Fwp%2Fv2%2Fproduct_cat&post=68778"},{"taxonomy":"product_tag","embeddable":true,"href":"https:\/\/www.autonvaraosahaku.fi\/index.php?rest_route=%2Fwp%2Fv2%2Fproduct_tag&post=68778"}],"curies":[{"name":"wp","href":"https:\/\/api.w.org\/{rel}","templated":true}]}}