{"id":68781,"date":"2021-02-21T19:01:12","date_gmt":"2021-02-21T19:01:12","guid":{"rendered":"https:\/\/www.autonvaraosahaku.fi\/?product=dolz-kd003-vesipumppu-jakohihnasarja"},"modified":"2021-02-21T19:01:13","modified_gmt":"2021-02-21T19:01:13","slug":"dolz-kd003-vesipumppu-jakohihnasarja","status":"publish","type":"product","link":"https:\/\/www.autonvaraosahaku.fi\/?product=dolz-kd003-vesipumppu-jakohihnasarja","title":{"rendered":"DOLZ KD003 Vesipumppu + jakohihnasarja"},"content":{"rendered":"<p>Hammasluku: 123; Pituus (mm): 1172; Leveys (mm): 27; Hihnojen m\u00e4\u00e4r\u00e4: 1; tuotenumerolle: R217; Valmistusvuoteen: 02\/2008; NISSAN: MICRA III K12,ALMERA II Hatchback N16,ALMERA Mk II N16,KUBISTAR Kasten X80; SUZUKI: JIMNY FJ; RENAULT: CLIO II BB0\/1\/2_, CB0\/1\/2_,SC\u00c9NIC II JM0\/1_,KANGOO KC0\/1_,MEGANE II Kombi KM0\/1_,MEGANE II BM0\/1_, CM0\/1_,KANGOO Express FC0\/1_,GRAND SC\u00c9NIC II JM0\/1_,MEGANE II Stufenheck LM0\/1_,CLIO II Kasten SB0\/1\/2_,THALIA I LB0\/1\/2_<\/p>\n","protected":false},"excerpt":{"rendered":"<p>DOLZ Vesipumppu + Jakohihnasarja KD003  NISSAN,SUZUKI,RENAULT,MICRA III K12,ALMERA II Hatchback N16,ALMERA Mk II N16,KUBISTAR Kasten X80,JIMNY FJ<\/p>\n","protected":false},"featured_media":0,"template":"","meta":{"site-sidebar-layout":"default","site-content-layout":"default","ast-global-header-display":"","ast-main-header-display":"","ast-hfb-above-header-display":"","ast-hfb-below-header-display":"","ast-hfb-mobile-header-display":"","site-post-title":"","ast-breadcrumbs-content":"","ast-featured-img":"","footer-sml-layout":"","theme-transparent-header-meta":"","adv-header-id-meta":"","stick-header-meta":"","header-above-stick-meta":"","header-main-stick-meta":"","header-below-stick-meta":""},"pwb-brand":[265],"product_cat":[321],"product_tag":[],"class_list":{"0":"post-68781","1":"product","2":"type-product","3":"status-publish","5":"pwb-brand-dolz","6":"product_cat-vesipumppu-jakohihnasarja","7":"desktop-align-left","8":"tablet-align-left","9":"mobile-align-left","11":"first","12":"instock","13":"product-type-external"},"brands":[{"id":265,"name":"DOLZ","slug":"dolz"}],"_links":{"self":[{"href":"https:\/\/www.autonvaraosahaku.fi\/index.php?rest_route=\/wp\/v2\/product\/68781","targetHints":{"allow":["GET"]}}],"collection":[{"href":"https:\/\/www.autonvaraosahaku.fi\/index.php?rest_route=\/wp\/v2\/product"}],"about":[{"href":"https:\/\/www.autonvaraosahaku.fi\/index.php?rest_route=\/wp\/v2\/types\/product"}],"wp:attachment":[{"href":"https:\/\/www.autonvaraosahaku.fi\/index.php?rest_route=%2Fwp%2Fv2%2Fmedia&parent=68781"}],"wp:term":[{"taxonomy":"pwb-brand","embeddable":true,"href":"https:\/\/www.autonvaraosahaku.fi\/index.php?rest_route=%2Fwp%2Fv2%2Fpwb-brand&post=68781"},{"taxonomy":"product_cat","embeddable":true,"href":"https:\/\/www.autonvaraosahaku.fi\/index.php?rest_route=%2Fwp%2Fv2%2Fproduct_cat&post=68781"},{"taxonomy":"product_tag","embeddable":true,"href":"https:\/\/www.autonvaraosahaku.fi\/index.php?rest_route=%2Fwp%2Fv2%2Fproduct_tag&post=68781"}],"curies":[{"name":"wp","href":"https:\/\/api.w.org\/{rel}","templated":true}]}}