{"id":68810,"date":"2021-02-21T19:01:18","date_gmt":"2021-02-21T19:01:18","guid":{"rendered":"https:\/\/www.autonvaraosahaku.fi\/?product=ridex-5j0069-vetonivel"},"modified":"2021-02-21T19:01:21","modified_gmt":"2021-02-21T19:01:21","slug":"ridex-5j0069-vetonivel","status":"publish","type":"product","link":"https:\/\/www.autonvaraosahaku.fi\/?product=ridex-5j0069-vetonivel","title":{"rendered":"RIDEX 5J0069 Vetonivel"},"content":{"rendered":"<p>Asennuspuoli: Py\u00f6r\u00e4n puoli; Ulkohammastus, py\u00f6r\u00e4npuoli: 23; Sis\u00e4hammastus, py\u00f6r\u00e4npuoli: 30; Tiivisteen l\u00e4pimitta [mm]: 49; Ulkol\u00e4pimitta [mm]: 83,6; Mekaanisesti ty\u00f6stetty: Sokkauralla sis\u00e4osassa; Materiaali: Kumi; Pituus (mm): 145; Vaihteistomalli: Schaltgetriebe 5 Gang; DACIA: SANDERO,LOGAN MCV KS_,SANDERO II,LOGAN LS_,LOGAN EXPRESS FS_,LOGAN Pick-up US_; RENAULT: CLIO III BR0\/1, CR0\/1,MODUS \/ GRAND MODUS F\/JP0_,MEGANE II Kombi KM0\/1_,MEGANE II Coup\u00e9-Cabriolet EM0\/1_,MEGANE II BM0\/1_, CM0\/1_,CLIO Grandtour KR0\/1_,MEGANE II Stufenheck LM0\/1_,LOGAN I Kombi KS_,LOGAN I LS_,LOGAN EXPRESS; 391000153R, 391006331R, 391015451R, 391018983R, 6001548720, 6001548720, 8200261838, 8200264664, 8200264667, 8200264668, 8200356803, 8200358163, 8200358164, 8200408418, 8200432514, 8200511122, 8200511220, 8200613827, 8200618501, 8200623794, 8200690053, 8200696900, 8201052990, 6001548720, 8200261838, 8200264664, 8200264667, 8200264668, 8200356803, 8200358163, 8200358164, 8200408418, 8200432514, 8200511122, 8200511220, 8200618501, 8200623794, 8201052990; Nivelsarja, Vetoakseli<\/p>\n","protected":false},"excerpt":{"rendered":"<p>RIDEX Vetonivel 5J0069 Nivelsarja, Vetoakseli DACIA,RENAULT,SANDERO,LOGAN MCV KS_,SANDERO II,LOGAN LS_,LOGAN EXPRESS FS_,LOGAN Pick-up US_<\/p>\n","protected":false},"featured_media":0,"template":"","meta":{"site-sidebar-layout":"default","site-content-layout":"default","ast-global-header-display":"","ast-main-header-display":"","ast-hfb-above-header-display":"","ast-hfb-below-header-display":"","ast-hfb-mobile-header-display":"","site-post-title":"","ast-breadcrumbs-content":"","ast-featured-img":"","footer-sml-layout":"","theme-transparent-header-meta":"","adv-header-id-meta":"","stick-header-meta":"","header-above-stick-meta":"","header-main-stick-meta":"","header-below-stick-meta":""},"pwb-brand":[157],"product_cat":[175],"product_tag":[],"class_list":{"0":"post-68810","1":"product","2":"type-product","3":"status-publish","5":"pwb-brand-ridex","6":"product_cat-vetonivel","7":"desktop-align-left","8":"tablet-align-left","9":"mobile-align-left","11":"first","12":"instock","13":"product-type-external"},"brands":[{"id":157,"name":"RIDEX","slug":"ridex"}],"_links":{"self":[{"href":"https:\/\/www.autonvaraosahaku.fi\/index.php?rest_route=\/wp\/v2\/product\/68810","targetHints":{"allow":["GET"]}}],"collection":[{"href":"https:\/\/www.autonvaraosahaku.fi\/index.php?rest_route=\/wp\/v2\/product"}],"about":[{"href":"https:\/\/www.autonvaraosahaku.fi\/index.php?rest_route=\/wp\/v2\/types\/product"}],"wp:attachment":[{"href":"https:\/\/www.autonvaraosahaku.fi\/index.php?rest_route=%2Fwp%2Fv2%2Fmedia&parent=68810"}],"wp:term":[{"taxonomy":"pwb-brand","embeddable":true,"href":"https:\/\/www.autonvaraosahaku.fi\/index.php?rest_route=%2Fwp%2Fv2%2Fpwb-brand&post=68810"},{"taxonomy":"product_cat","embeddable":true,"href":"https:\/\/www.autonvaraosahaku.fi\/index.php?rest_route=%2Fwp%2Fv2%2Fproduct_cat&post=68810"},{"taxonomy":"product_tag","embeddable":true,"href":"https:\/\/www.autonvaraosahaku.fi\/index.php?rest_route=%2Fwp%2Fv2%2Fproduct_tag&post=68810"}],"curies":[{"name":"wp","href":"https:\/\/api.w.org\/{rel}","templated":true}]}}