{"id":6882,"date":"2021-02-21T13:58:36","date_gmt":"2021-02-21T13:58:36","guid":{"rendered":"https:\/\/www.autonvaraosahaku.fi\/?product=master-sport-24012201901-pcs-ms-jarrulevyt"},"modified":"2021-02-21T13:58:37","modified_gmt":"2021-02-21T13:58:37","slug":"master-sport-24012201901-pcs-ms-jarrulevyt","status":"publish","type":"product","link":"https:\/\/www.autonvaraosahaku.fi\/?product=master-sport-24012201901-pcs-ms-jarrulevyt","title":{"rendered":"MASTER-SPORT 24012201901-PCS-MS Jarrulevyt"},"content":{"rendered":"<p>L\u00e4pimitta [mm]: 257,5; Jarrulevytyyppi: Tuuletettu; Jarrulevyn paksuus (mm): 22,0; Korkeus (mm): 40,5; Reik\u00e4-\u00d8 [mm]: 13,0; V\u00e4himm\u00e4ispaksuus (mm): 20,2; Sis\u00e4l\u00e4pimitta [mm]: 127,0; Reikien m\u00e4\u00e4r\u00e4: 4; keskitt\u00e4misl\u00e4pimitta [mm]: 59,0; Reik\u00e4ympyr\u00e4-\u00d8 [mm]: 98,0; Nettopaino [kg]: 5,18; Bruttopaino [kg]: 5,24; Asennuspuoli: Vorderachse; LANCIA: YPSILON 843,MUSA 350,YPSILON 312, 846,DEDRA 835,DEDRA SW 835; FIAT: PUNTO 188,PANDA 169,500 312,STILO 192,BRAVO II 198,DOBLO Cargo 223,500 C 312,STILO Multi Wagon 192,DOBLO 119,PANDA Van 169,IDEA,PANDA 312,QUBO 225,FIORINO Kasten\/Kombi 225,LINEA 323,PANDA VAN 312; CITRO\u00cbN: NEMO Kasten AA_,NEMO Kombi; ALFA ROMEO: MITO 955; PEUGEOT: BIPPER AA_,BIPPER Tepee; 424974, 4249E5, 4249L2, 46401356, 46542383, 46831041, 51896287, 51896288, 424973, 4249L2; Jarrulevy<\/p>\n","protected":false},"excerpt":{"rendered":"<p>MASTER-SPORT Jarrulevyt 24012201901-PCS-MS Jarrulevy LANCIA,FIAT,CITRO\u00cbN,YPSILON 843,MUSA 350,YPSILON 312, 846,DEDRA 835,DEDRA SW 835,PUNTO 188<\/p>\n","protected":false},"featured_media":0,"template":"","meta":{"site-sidebar-layout":"default","site-content-layout":"default","ast-global-header-display":"","ast-main-header-display":"","ast-hfb-above-header-display":"","ast-hfb-below-header-display":"","ast-hfb-mobile-header-display":"","site-post-title":"","ast-breadcrumbs-content":"","ast-featured-img":"","footer-sml-layout":"","theme-transparent-header-meta":"","adv-header-id-meta":"","stick-header-meta":"","header-above-stick-meta":"","header-main-stick-meta":"","header-below-stick-meta":""},"pwb-brand":[61],"product_cat":[66],"product_tag":[],"class_list":{"0":"post-6882","1":"product","2":"type-product","3":"status-publish","5":"pwb-brand-master-sport","6":"product_cat-jarrulevyt","7":"desktop-align-left","8":"tablet-align-left","9":"mobile-align-left","11":"first","12":"instock","13":"product-type-external"},"brands":[{"id":61,"name":"MASTER-SPORT","slug":"master-sport"}],"_links":{"self":[{"href":"https:\/\/www.autonvaraosahaku.fi\/index.php?rest_route=\/wp\/v2\/product\/6882","targetHints":{"allow":["GET"]}}],"collection":[{"href":"https:\/\/www.autonvaraosahaku.fi\/index.php?rest_route=\/wp\/v2\/product"}],"about":[{"href":"https:\/\/www.autonvaraosahaku.fi\/index.php?rest_route=\/wp\/v2\/types\/product"}],"wp:attachment":[{"href":"https:\/\/www.autonvaraosahaku.fi\/index.php?rest_route=%2Fwp%2Fv2%2Fmedia&parent=6882"}],"wp:term":[{"taxonomy":"pwb-brand","embeddable":true,"href":"https:\/\/www.autonvaraosahaku.fi\/index.php?rest_route=%2Fwp%2Fv2%2Fpwb-brand&post=6882"},{"taxonomy":"product_cat","embeddable":true,"href":"https:\/\/www.autonvaraosahaku.fi\/index.php?rest_route=%2Fwp%2Fv2%2Fproduct_cat&post=6882"},{"taxonomy":"product_tag","embeddable":true,"href":"https:\/\/www.autonvaraosahaku.fi\/index.php?rest_route=%2Fwp%2Fv2%2Fproduct_tag&post=6882"}],"curies":[{"name":"wp","href":"https:\/\/api.w.org\/{rel}","templated":true}]}}