{"id":68823,"date":"2021-02-21T19:01:23","date_gmt":"2021-02-21T19:01:23","guid":{"rendered":"https:\/\/www.autonvaraosahaku.fi\/?product=ridex-161b0011-ahtopaine-anturi"},"modified":"2021-02-21T19:01:25","modified_gmt":"2021-02-21T19:01:25","slug":"ridex-161b0011-ahtopaine-anturi","status":"publish","type":"product","link":"https:\/\/www.autonvaraosahaku.fi\/?product=ridex-161b0011-ahtopaine-anturi","title":{"rendered":"RIDEX 161B0011 Ahtopaine anturi"},"content":{"rendered":"<p>Napojen m\u00e4\u00e4r\u00e4: 4; Pistokkeen kotelon muoto: Soikea; Korvaava tuote\/korvaava tiedote 2: Sis\u00e4\u00e4nrakennetulla ilmal\u00e4mp\u00f6tilasensorilla; Paine alkaen [kPA]: 20; Paine korkeintaan [kPa]: 250; Kiinnitysreikien lukum\u00e4\u00e4r\u00e4: 1; Valmistusvuoteen: 08\/2001; FORD: FOCUS II DA_; VOLVO: V70 II SW,V50 MW,XC90 I,S60 I,C30,S80 I TS, XY,S40 II MS,XC70 CROSS COUNTRY,C70 II Cabriolet; 1367813, 6M5Y9F479AA, 8677288; Imusarjan Painetunnistin,Imusarjan Paineanturi,Tunnistin, Ahtopaine<\/p>\n","protected":false},"excerpt":{"rendered":"<p>RIDEX MAP Sensor 161B0011 Imusarjan Painetunnistin,Imusarjan Paineanturi FORD,VOLVO,FOCUS II DA_,V70 II SW,V50 MW,XC90 I,S60 I,C30,S80 I TS, XY<\/p>\n","protected":false},"featured_media":0,"template":"","meta":{"site-sidebar-layout":"default","site-content-layout":"default","ast-global-header-display":"","ast-main-header-display":"","ast-hfb-above-header-display":"","ast-hfb-below-header-display":"","ast-hfb-mobile-header-display":"","site-post-title":"","ast-breadcrumbs-content":"","ast-featured-img":"","footer-sml-layout":"","theme-transparent-header-meta":"","adv-header-id-meta":"","stick-header-meta":"","header-above-stick-meta":"","header-main-stick-meta":"","header-below-stick-meta":""},"pwb-brand":[157],"product_cat":[197],"product_tag":[],"class_list":{"0":"post-68823","1":"product","2":"type-product","3":"status-publish","5":"pwb-brand-ridex","6":"product_cat-ahtopaine-anturi","7":"desktop-align-left","8":"tablet-align-left","9":"mobile-align-left","11":"first","12":"instock","13":"product-type-external"},"brands":[{"id":157,"name":"RIDEX","slug":"ridex"}],"_links":{"self":[{"href":"https:\/\/www.autonvaraosahaku.fi\/index.php?rest_route=\/wp\/v2\/product\/68823","targetHints":{"allow":["GET"]}}],"collection":[{"href":"https:\/\/www.autonvaraosahaku.fi\/index.php?rest_route=\/wp\/v2\/product"}],"about":[{"href":"https:\/\/www.autonvaraosahaku.fi\/index.php?rest_route=\/wp\/v2\/types\/product"}],"wp:attachment":[{"href":"https:\/\/www.autonvaraosahaku.fi\/index.php?rest_route=%2Fwp%2Fv2%2Fmedia&parent=68823"}],"wp:term":[{"taxonomy":"pwb-brand","embeddable":true,"href":"https:\/\/www.autonvaraosahaku.fi\/index.php?rest_route=%2Fwp%2Fv2%2Fpwb-brand&post=68823"},{"taxonomy":"product_cat","embeddable":true,"href":"https:\/\/www.autonvaraosahaku.fi\/index.php?rest_route=%2Fwp%2Fv2%2Fproduct_cat&post=68823"},{"taxonomy":"product_tag","embeddable":true,"href":"https:\/\/www.autonvaraosahaku.fi\/index.php?rest_route=%2Fwp%2Fv2%2Fproduct_tag&post=68823"}],"curies":[{"name":"wp","href":"https:\/\/api.w.org\/{rel}","templated":true}]}}