{"id":68828,"date":"2021-02-21T19:01:23","date_gmt":"2021-02-21T19:01:23","guid":{"rendered":"https:\/\/www.autonvaraosahaku.fi\/?product=frenkit-238060-jarrusatula-korjaussarja"},"modified":"2021-02-21T19:01:26","modified_gmt":"2021-02-21T19:01:26","slug":"frenkit-238060-jarrusatula-korjaussarja","status":"publish","type":"product","link":"https:\/\/www.autonvaraosahaku.fi\/?product=frenkit-238060-jarrusatula-korjaussarja","title":{"rendered":"FRENKIT 238060 Jarrusatula korjaussarja"},"content":{"rendered":"<p>L\u00e4pimitta [mm]: 38; Asennuspuoli: Taka-akseli; Jarruj\u00e4rjestelm\u00e4: Trw; Versio: with electric handbk; VW: PASSAT Variant 3C5,PASSAT 3C2,PASSAT CC 357; JEEP: RENEGADE Gel\u00e4ndewagen geschlossen BU; MERCEDES-BENZ: A-CLASS W176,CLA Coupe C117,CLA Shooting Brake X117; LANCIA: THESIS 841AX; VOLVO: XC60,V70 III BW,V60,XC70 II,S80 II AS,S60 II; FORD: S-MAX WA6,GALAXY WA6; RENAULT: SC\u00c9NIC III JZ0\/1_,GRAND SC\u00c9NIC III JZ0\/1_,ESPACE V; FIAT: 500X; Korjaussarja, Jarrusatula<\/p>\n","protected":false},"excerpt":{"rendered":"<p>FRENKIT Jarrusatula Korjaussarja 238060 Korjaussarja, Jarrusatula VW,JEEP,MERCEDES-BENZ,PASSAT Variant 3C5,PASSAT 3C2,PASSAT CC 357<\/p>\n","protected":false},"featured_media":0,"template":"","meta":{"site-sidebar-layout":"default","site-content-layout":"default","ast-global-header-display":"","ast-main-header-display":"","ast-hfb-above-header-display":"","ast-hfb-below-header-display":"","ast-hfb-mobile-header-display":"","site-post-title":"","ast-breadcrumbs-content":"","ast-featured-img":"","footer-sml-layout":"","theme-transparent-header-meta":"","adv-header-id-meta":"","stick-header-meta":"","header-above-stick-meta":"","header-main-stick-meta":"","header-below-stick-meta":""},"pwb-brand":[474],"product_cat":[57],"product_tag":[],"class_list":{"0":"post-68828","1":"product","2":"type-product","3":"status-publish","5":"pwb-brand-frenkit","6":"product_cat-jarrusatula-korjaussarja","7":"desktop-align-left","8":"tablet-align-left","9":"mobile-align-left","11":"first","12":"instock","13":"product-type-external"},"brands":[{"id":474,"name":"FRENKIT","slug":"frenkit"}],"_links":{"self":[{"href":"https:\/\/www.autonvaraosahaku.fi\/index.php?rest_route=\/wp\/v2\/product\/68828","targetHints":{"allow":["GET"]}}],"collection":[{"href":"https:\/\/www.autonvaraosahaku.fi\/index.php?rest_route=\/wp\/v2\/product"}],"about":[{"href":"https:\/\/www.autonvaraosahaku.fi\/index.php?rest_route=\/wp\/v2\/types\/product"}],"wp:attachment":[{"href":"https:\/\/www.autonvaraosahaku.fi\/index.php?rest_route=%2Fwp%2Fv2%2Fmedia&parent=68828"}],"wp:term":[{"taxonomy":"pwb-brand","embeddable":true,"href":"https:\/\/www.autonvaraosahaku.fi\/index.php?rest_route=%2Fwp%2Fv2%2Fpwb-brand&post=68828"},{"taxonomy":"product_cat","embeddable":true,"href":"https:\/\/www.autonvaraosahaku.fi\/index.php?rest_route=%2Fwp%2Fv2%2Fproduct_cat&post=68828"},{"taxonomy":"product_tag","embeddable":true,"href":"https:\/\/www.autonvaraosahaku.fi\/index.php?rest_route=%2Fwp%2Fv2%2Fproduct_tag&post=68828"}],"curies":[{"name":"wp","href":"https:\/\/api.w.org\/{rel}","templated":true}]}}