{"id":68831,"date":"2021-02-21T19:01:23","date_gmt":"2021-02-21T19:01:23","guid":{"rendered":"https:\/\/www.autonvaraosahaku.fi\/?product=ridex-3926a0064-ilmamassamittari"},"modified":"2021-02-21T19:01:27","modified_gmt":"2021-02-21T19:01:27","slug":"ridex-3926a0064-ilmamassamittari","status":"publish","type":"product","link":"https:\/\/www.autonvaraosahaku.fi\/?product=ridex-3926a0064-ilmamassamittari","title":{"rendered":"RIDEX 3926A0064 Ilmamassamittari"},"content":{"rendered":"<p>Kotelomalli: Kopalla; K\u00e4yt\u00f6ss\u00e4 koskettimia: 5; Sis\u00e4\u00e4ntulol\u00e4pimitta [mm]: 80; Ulostulon l\u00e4pimitta [mm]: 80; Valmistusp\u00e4iv\u00e4m\u00e4\u00e4r\u00e4st\u00e4: 1999; VOLVO: V70 II SW,XC90 I,V70 I LV,S60 I,S80 I TS, XY,XC70 CROSS COUNTRY,C70 I Cabriolet,C70 I Coupe,S70 LS; 31342362, 31342414, 8627296, 8670115, 8670398, 86703980, 94706400; Ilmam\u00e4\u00e4r\u00e4mittari,MAF Anturi<\/p>\n","protected":false},"excerpt":{"rendered":"<p>RIDEX Ilmamassamittari 3926A0064 Ilmam\u00e4\u00e4r\u00e4mittari,MAF Anturi VOLVO,V70 II SW,XC90 I,V70 I LV,S60 I,S80 I TS, XY,XC70 CROSS COUNTRY,C70 I Cabriolet<\/p>\n","protected":false},"featured_media":0,"template":"","meta":{"site-sidebar-layout":"default","site-content-layout":"default","ast-global-header-display":"","ast-main-header-display":"","ast-hfb-above-header-display":"","ast-hfb-below-header-display":"","ast-hfb-mobile-header-display":"","site-post-title":"","ast-breadcrumbs-content":"","ast-featured-img":"","footer-sml-layout":"","theme-transparent-header-meta":"","adv-header-id-meta":"","stick-header-meta":"","header-above-stick-meta":"","header-main-stick-meta":"","header-below-stick-meta":""},"pwb-brand":[157],"product_cat":[270],"product_tag":[],"class_list":{"0":"post-68831","1":"product","2":"type-product","3":"status-publish","5":"pwb-brand-ridex","6":"product_cat-ilmamassamittari","7":"desktop-align-left","8":"tablet-align-left","9":"mobile-align-left","11":"first","12":"instock","13":"product-type-external"},"brands":[{"id":157,"name":"RIDEX","slug":"ridex"}],"_links":{"self":[{"href":"https:\/\/www.autonvaraosahaku.fi\/index.php?rest_route=\/wp\/v2\/product\/68831","targetHints":{"allow":["GET"]}}],"collection":[{"href":"https:\/\/www.autonvaraosahaku.fi\/index.php?rest_route=\/wp\/v2\/product"}],"about":[{"href":"https:\/\/www.autonvaraosahaku.fi\/index.php?rest_route=\/wp\/v2\/types\/product"}],"wp:attachment":[{"href":"https:\/\/www.autonvaraosahaku.fi\/index.php?rest_route=%2Fwp%2Fv2%2Fmedia&parent=68831"}],"wp:term":[{"taxonomy":"pwb-brand","embeddable":true,"href":"https:\/\/www.autonvaraosahaku.fi\/index.php?rest_route=%2Fwp%2Fv2%2Fpwb-brand&post=68831"},{"taxonomy":"product_cat","embeddable":true,"href":"https:\/\/www.autonvaraosahaku.fi\/index.php?rest_route=%2Fwp%2Fv2%2Fproduct_cat&post=68831"},{"taxonomy":"product_tag","embeddable":true,"href":"https:\/\/www.autonvaraosahaku.fi\/index.php?rest_route=%2Fwp%2Fv2%2Fproduct_tag&post=68831"}],"curies":[{"name":"wp","href":"https:\/\/api.w.org\/{rel}","templated":true}]}}