{"id":68834,"date":"2021-02-21T19:01:23","date_gmt":"2021-02-21T19:01:23","guid":{"rendered":"https:\/\/www.autonvaraosahaku.fi\/?product=frenkit-238006-jarrusatula-korjaussarja"},"modified":"2021-02-21T19:01:28","modified_gmt":"2021-02-21T19:01:28","slug":"frenkit-238006-jarrusatula-korjaussarja","status":"publish","type":"product","link":"https:\/\/www.autonvaraosahaku.fi\/?product=frenkit-238006-jarrusatula-korjaussarja","title":{"rendered":"FRENKIT 238006 Jarrusatula korjaussarja"},"content":{"rendered":"<p>L\u00e4pimitta [mm]: 38; Asennuspuoli: Taka-akseli; Jarruj\u00e4rjestelm\u00e4: Ate\/Lucas; Versio: Soft Boot; VOLVO: 240 Kombi P245,240 P242, P244,164,140 142, 144,140 Kombi 145,260 P262, P264,260 Coupe P262,260 Kombi P265; ALFA ROMEO: SPIDER 115,75 162B,SPIDER 105,GTV 116,ALFETTA GT 116,ALFETTA 116,MONTREAL,GIULIETTA 116,90 162; PORSCHE: 914; 10548260030104, 10548260030105, 10548260030116, 11600260030131, 60714399, 607144010000, 60724238, 273114; Korjaussarja, Jarrusatula<\/p>\n","protected":false},"excerpt":{"rendered":"<p>FRENKIT Jarrusatula Korjaussarja 238006 Korjaussarja, Jarrusatula VOLVO,ALFA ROMEO,PORSCHE,240 Kombi P245,240 P242, P244,164,140 142, 144<\/p>\n","protected":false},"featured_media":0,"template":"","meta":{"site-sidebar-layout":"default","site-content-layout":"default","ast-global-header-display":"","ast-main-header-display":"","ast-hfb-above-header-display":"","ast-hfb-below-header-display":"","ast-hfb-mobile-header-display":"","site-post-title":"","ast-breadcrumbs-content":"","ast-featured-img":"","footer-sml-layout":"","theme-transparent-header-meta":"","adv-header-id-meta":"","stick-header-meta":"","header-above-stick-meta":"","header-main-stick-meta":"","header-below-stick-meta":""},"pwb-brand":[474],"product_cat":[57],"product_tag":[],"class_list":{"0":"post-68834","1":"product","2":"type-product","3":"status-publish","5":"pwb-brand-frenkit","6":"product_cat-jarrusatula-korjaussarja","7":"desktop-align-left","8":"tablet-align-left","9":"mobile-align-left","11":"first","12":"instock","13":"product-type-external"},"brands":[{"id":474,"name":"FRENKIT","slug":"frenkit"}],"_links":{"self":[{"href":"https:\/\/www.autonvaraosahaku.fi\/index.php?rest_route=\/wp\/v2\/product\/68834","targetHints":{"allow":["GET"]}}],"collection":[{"href":"https:\/\/www.autonvaraosahaku.fi\/index.php?rest_route=\/wp\/v2\/product"}],"about":[{"href":"https:\/\/www.autonvaraosahaku.fi\/index.php?rest_route=\/wp\/v2\/types\/product"}],"wp:attachment":[{"href":"https:\/\/www.autonvaraosahaku.fi\/index.php?rest_route=%2Fwp%2Fv2%2Fmedia&parent=68834"}],"wp:term":[{"taxonomy":"pwb-brand","embeddable":true,"href":"https:\/\/www.autonvaraosahaku.fi\/index.php?rest_route=%2Fwp%2Fv2%2Fpwb-brand&post=68834"},{"taxonomy":"product_cat","embeddable":true,"href":"https:\/\/www.autonvaraosahaku.fi\/index.php?rest_route=%2Fwp%2Fv2%2Fproduct_cat&post=68834"},{"taxonomy":"product_tag","embeddable":true,"href":"https:\/\/www.autonvaraosahaku.fi\/index.php?rest_route=%2Fwp%2Fv2%2Fproduct_tag&post=68834"}],"curies":[{"name":"wp","href":"https:\/\/api.w.org\/{rel}","templated":true}]}}