{"id":68853,"date":"2021-02-21T19:01:29","date_gmt":"2021-02-21T19:01:29","guid":{"rendered":"https:\/\/www.autonvaraosahaku.fi\/?product=ridex-193b0051-vetonivelen-suojakumi"},"modified":"2021-02-21T19:01:33","modified_gmt":"2021-02-21T19:01:33","slug":"ridex-193b0051-vetonivelen-suojakumi","status":"publish","type":"product","link":"https:\/\/www.autonvaraosahaku.fi\/?product=ridex-193b0051-vetonivelen-suojakumi","title":{"rendered":"RIDEX 193B0051 Vetonivelen suojakumi"},"content":{"rendered":"<p>Paksuus [mm]: 89; Materiaali: Kumi; Asennuspuoli: Vaihteiston puoli; Paino [kg]: 0,268; Tarvittava kappalem\u00e4\u00e4r\u00e4: 1; Sis\u00e4l\u00e4pimitta [mm]: 25, 83; HONDA: ACCORD VI CG, CK,CIVIC VI Aerodeck MB, MC,CR-V I RD,CRX II ED, EE,PRELUDE V BB,ACCORD VI Hatchback CH,ACCORD VI Coupe CG,CIVIC IV Hatchback EC, ED, EE,ACCORD V CE, CF,PRELUDE IV BB,INTEGRA Coupe DC2, DC4,PRELUDE III BA,ACCORD V CC, CD,CONCERTO HW,CRX I AF, AS,PRELUDE II AB,ACCORD III CA,CONCERTO Stufenheck HWW,ACCORD III Aerodeck CA,ACCORD VI Aerodeck CF,CIVIC II Shuttle EE,ACCORD II Hatchback AC, AD,INTEGRA DA,ACCORD II AC, AD; SUBARU: LEGACY I Station Wagon BC, BJF,LEGACY I BC; 28023AA090, 44315SB0003, 44315SK7703, 23222GA152, 44017S0AJ00, 44017S0AJ01, 44017S0AJ02, 44017S84A00, 44017SN7000, 44017SN7010, 44017ST7R50, 44315SB2981, 44315SK7J00, 44315SK7J01, 44315SK7J02, 44315SK7J03, 44325SB0003, 44325SB0300, GD3822540, 28023AA090, 44315SB0003, 44315SK7703, 44325SB0003; Vetoakselin Suojakumi,Paljekumi, Vetoakseli<\/p>\n","protected":false},"excerpt":{"rendered":"<p>RIDEX Vetonivelen Suojakumi 193B0051 Vetoakselin Suojakumi,Paljekumi, Vetoakseli HONDA,SUBARU,ACCORD VI CG, CK,CIVIC VI Aerodeck MB, MC,CR-V I RD<\/p>\n","protected":false},"featured_media":0,"template":"","meta":{"site-sidebar-layout":"default","site-content-layout":"default","ast-global-header-display":"","ast-main-header-display":"","ast-hfb-above-header-display":"","ast-hfb-below-header-display":"","ast-hfb-mobile-header-display":"","site-post-title":"","ast-breadcrumbs-content":"","ast-featured-img":"","footer-sml-layout":"","theme-transparent-header-meta":"","adv-header-id-meta":"","stick-header-meta":"","header-above-stick-meta":"","header-main-stick-meta":"","header-below-stick-meta":""},"pwb-brand":[157],"product_cat":[42],"product_tag":[],"class_list":{"0":"post-68853","1":"product","2":"type-product","3":"status-publish","5":"pwb-brand-ridex","6":"product_cat-vetonivelen-suojakumi","7":"desktop-align-left","8":"tablet-align-left","9":"mobile-align-left","11":"first","12":"instock","13":"product-type-external"},"brands":[{"id":157,"name":"RIDEX","slug":"ridex"}],"_links":{"self":[{"href":"https:\/\/www.autonvaraosahaku.fi\/index.php?rest_route=\/wp\/v2\/product\/68853","targetHints":{"allow":["GET"]}}],"collection":[{"href":"https:\/\/www.autonvaraosahaku.fi\/index.php?rest_route=\/wp\/v2\/product"}],"about":[{"href":"https:\/\/www.autonvaraosahaku.fi\/index.php?rest_route=\/wp\/v2\/types\/product"}],"wp:attachment":[{"href":"https:\/\/www.autonvaraosahaku.fi\/index.php?rest_route=%2Fwp%2Fv2%2Fmedia&parent=68853"}],"wp:term":[{"taxonomy":"pwb-brand","embeddable":true,"href":"https:\/\/www.autonvaraosahaku.fi\/index.php?rest_route=%2Fwp%2Fv2%2Fpwb-brand&post=68853"},{"taxonomy":"product_cat","embeddable":true,"href":"https:\/\/www.autonvaraosahaku.fi\/index.php?rest_route=%2Fwp%2Fv2%2Fproduct_cat&post=68853"},{"taxonomy":"product_tag","embeddable":true,"href":"https:\/\/www.autonvaraosahaku.fi\/index.php?rest_route=%2Fwp%2Fv2%2Fproduct_tag&post=68853"}],"curies":[{"name":"wp","href":"https:\/\/api.w.org\/{rel}","templated":true}]}}