{"id":68867,"date":"2021-02-21T19:01:34","date_gmt":"2021-02-21T19:01:34","guid":{"rendered":"https:\/\/www.autonvaraosahaku.fi\/?product=goetze-engine-08-436500-00-mannanrenkaat"},"modified":"2021-02-21T19:01:37","modified_gmt":"2021-02-21T19:01:37","slug":"goetze-engine-08-436500-00-mannanrenkaat","status":"publish","type":"product","link":"https:\/\/www.autonvaraosahaku.fi\/?product=goetze-engine-08-436500-00-mannanrenkaat","title":{"rendered":"GOETZE ENGINE 08-436500-00 M\u00e4nn\u00e4nrenkaat"},"content":{"rendered":"<p>Sylinterin halkaisija [mm]: 83,00; Komponenttinumero: 1.5mm 001 GDC P KV4, 1.5mm 050 P F14, 2mm 231LKZ CRP GOE13; Vakiomitta (STD): ; lis\u00e4tieto: Goetze Diamond Coated\u00ae LKZ-Ring\u00ae; TECDOC-moottorinumero: 24442; CHEVROLET: MALIBU V300; SAAB: 9-5 YS3G; SUZUKI: SX4 EY, GY; OPEL: ASTRA J Sports Tourer,INSIGNIA Caravan,ASTRA J,ZAFIRA TOURER C P12,INSIGNIA,INSIGNIA Stufenheck,ASTRA GTC J,CASCADA W13,COMBO Kasten\/Kombi X12,COMBO Tour X12,INSIGNIA A Country Tourer G09; LANCIA: DELTA III 844; FIAT: DUCATO Kasten 250,BRAVO II 198,DUCATO Pritsche\/Fahrgestell 250,FREEMONT JF_,DUCATO Bus 250,DOBLO Kasten\/Kombi 263,SEDICI,DOBLO Gro\u00dfraumlimousine 152, 263,DOBLO Pritsche\/Fahrgestell 263; ALFA ROMEO: 159 Sportwagon 939,GIULIETTA 940,159 939,BRERA,SPIDER 939; VAUXHALL: INSIGNIA Mk I A,INSIGNIA Mk I A Estate,ZAFIRA Mk III P12,ASTRA Mk VI J CC,ASTRA Mk VI J,INSIGNIA Mk I A Sedan,ASTRA Mk VI J Estate,INSIGNIA Mk I A Country Tourer G09,COMBO Mk III D Kasten\/Kombi; M\u00e4nn\u00e4nrengassarja<\/p>\n","protected":false},"excerpt":{"rendered":"<p>GOETZE ENGINE M\u00e4nn\u00e4nrenkaat 08-436500-00 M\u00e4nn\u00e4nrengassarja CHEVROLET,SAAB,SUZUKI,MALIBU V300,9-5 YS3G,SX4 EY, GY,ASTRA J Sports Tourer<\/p>\n","protected":false},"featured_media":0,"template":"","meta":{"site-sidebar-layout":"default","site-content-layout":"default","ast-global-header-display":"","ast-main-header-display":"","ast-hfb-above-header-display":"","ast-hfb-below-header-display":"","ast-hfb-mobile-header-display":"","site-post-title":"","ast-breadcrumbs-content":"","ast-featured-img":"","footer-sml-layout":"","theme-transparent-header-meta":"","adv-header-id-meta":"","stick-header-meta":"","header-above-stick-meta":"","header-main-stick-meta":"","header-below-stick-meta":""},"pwb-brand":[224],"product_cat":[154],"product_tag":[],"class_list":{"0":"post-68867","1":"product","2":"type-product","3":"status-publish","5":"pwb-brand-goetze-engine","6":"product_cat-mannanrenkaat","7":"desktop-align-left","8":"tablet-align-left","9":"mobile-align-left","11":"first","12":"instock","13":"product-type-external"},"brands":[{"id":224,"name":"GOETZE ENGINE","slug":"goetze-engine"}],"_links":{"self":[{"href":"https:\/\/www.autonvaraosahaku.fi\/index.php?rest_route=\/wp\/v2\/product\/68867","targetHints":{"allow":["GET"]}}],"collection":[{"href":"https:\/\/www.autonvaraosahaku.fi\/index.php?rest_route=\/wp\/v2\/product"}],"about":[{"href":"https:\/\/www.autonvaraosahaku.fi\/index.php?rest_route=\/wp\/v2\/types\/product"}],"wp:attachment":[{"href":"https:\/\/www.autonvaraosahaku.fi\/index.php?rest_route=%2Fwp%2Fv2%2Fmedia&parent=68867"}],"wp:term":[{"taxonomy":"pwb-brand","embeddable":true,"href":"https:\/\/www.autonvaraosahaku.fi\/index.php?rest_route=%2Fwp%2Fv2%2Fpwb-brand&post=68867"},{"taxonomy":"product_cat","embeddable":true,"href":"https:\/\/www.autonvaraosahaku.fi\/index.php?rest_route=%2Fwp%2Fv2%2Fproduct_cat&post=68867"},{"taxonomy":"product_tag","embeddable":true,"href":"https:\/\/www.autonvaraosahaku.fi\/index.php?rest_route=%2Fwp%2Fv2%2Fproduct_tag&post=68867"}],"curies":[{"name":"wp","href":"https:\/\/api.w.org\/{rel}","templated":true}]}}