{"id":68877,"date":"2021-02-21T19:01:40","date_gmt":"2021-02-21T19:01:40","guid":{"rendered":"https:\/\/www.autonvaraosahaku.fi\/?product=ridex-123b0086-jarrurumpu"},"modified":"2021-02-21T19:01:40","modified_gmt":"2021-02-21T19:01:40","slug":"ridex-123b0086-jarrurumpu","status":"publish","type":"product","link":"https:\/\/www.autonvaraosahaku.fi\/?product=ridex-123b0086-jarrurumpu","title":{"rendered":"RIDEX 123B0086 Jarrurumpu"},"content":{"rendered":"<p>Asennuspuoli: Taka-akseli; Korkeus (mm): 80.5; J-rumpu sis\u00e4leveys [mm]: 61,5; Sis\u00e4l\u00e4pimitta [mm]: 101; Ulkol\u00e4pimitta [mm]: 339.5; Paksuus [mm]: 295; Kiinnitysreikien lukum\u00e4\u00e4r\u00e4: 1; Reikien m\u00e4\u00e4r\u00e4: 6; Valmistusvuosi alkaen: 01\/2004; ISUZU: D-MAX 8DH,D-MAX TFR, TFS,D-MAX Pritsche\/Fahrgestell 8DH; 8973605060, 8980303850, 8980618131<\/p>\n","protected":false},"excerpt":{"rendered":"<p>RIDEX Jarrurumpu 123B0086  ISUZU,D-MAX 8DH,D-MAX TFR, TFS,D-MAX Pritsche\/Fahrgestell 8DH<\/p>\n","protected":false},"featured_media":0,"template":"","meta":{"site-sidebar-layout":"default","site-content-layout":"default","ast-global-header-display":"","ast-main-header-display":"","ast-hfb-above-header-display":"","ast-hfb-below-header-display":"","ast-hfb-mobile-header-display":"","site-post-title":"","ast-breadcrumbs-content":"","ast-featured-img":"","footer-sml-layout":"","theme-transparent-header-meta":"","adv-header-id-meta":"","stick-header-meta":"","header-above-stick-meta":"","header-main-stick-meta":"","header-below-stick-meta":""},"pwb-brand":[157],"product_cat":[304],"product_tag":[],"class_list":{"0":"post-68877","1":"product","2":"type-product","3":"status-publish","5":"pwb-brand-ridex","6":"product_cat-jarrurumpu","7":"desktop-align-left","8":"tablet-align-left","9":"mobile-align-left","11":"first","12":"instock","13":"product-type-external"},"brands":[{"id":157,"name":"RIDEX","slug":"ridex"}],"_links":{"self":[{"href":"https:\/\/www.autonvaraosahaku.fi\/index.php?rest_route=\/wp\/v2\/product\/68877","targetHints":{"allow":["GET"]}}],"collection":[{"href":"https:\/\/www.autonvaraosahaku.fi\/index.php?rest_route=\/wp\/v2\/product"}],"about":[{"href":"https:\/\/www.autonvaraosahaku.fi\/index.php?rest_route=\/wp\/v2\/types\/product"}],"wp:attachment":[{"href":"https:\/\/www.autonvaraosahaku.fi\/index.php?rest_route=%2Fwp%2Fv2%2Fmedia&parent=68877"}],"wp:term":[{"taxonomy":"pwb-brand","embeddable":true,"href":"https:\/\/www.autonvaraosahaku.fi\/index.php?rest_route=%2Fwp%2Fv2%2Fpwb-brand&post=68877"},{"taxonomy":"product_cat","embeddable":true,"href":"https:\/\/www.autonvaraosahaku.fi\/index.php?rest_route=%2Fwp%2Fv2%2Fproduct_cat&post=68877"},{"taxonomy":"product_tag","embeddable":true,"href":"https:\/\/www.autonvaraosahaku.fi\/index.php?rest_route=%2Fwp%2Fv2%2Fproduct_tag&post=68877"}],"curies":[{"name":"wp","href":"https:\/\/api.w.org\/{rel}","templated":true}]}}