{"id":68924,"date":"2021-02-21T19:01:51","date_gmt":"2021-02-21T19:01:51","guid":{"rendered":"https:\/\/www.autonvaraosahaku.fi\/?product=purflux-ahc239-2-raitisilmasuodatin"},"modified":"2021-02-21T19:01:52","modified_gmt":"2021-02-21T19:01:52","slug":"purflux-ahc239-2-raitisilmasuodatin","status":"publish","type":"product","link":"https:\/\/www.autonvaraosahaku.fi\/?product=purflux-ahc239-2-raitisilmasuodatin","title":{"rendered":"PURFLUX AHC239-2 Raitisilmasuodatin"},"content":{"rendered":"<p>Suodatintyyppi: Aktiivihiilisuodatin; Pituus (mm): 276; Leveys (mm): 204; Korkeus (mm): 30; Tarvittava kappalem\u00e4\u00e4r\u00e4: 2; BMW: 5 E39,5 Touring E39; ALPINA: B10 E39,D10 E39,B10 Kombi E39; PUK10822E, 64110008138, 64112182533, 64118390447, 64118391198, 64118391200, 64119070073, 64119216588, 64312207985, 64312339888, 64318391198, 64319069927, 64319216589; Sis\u00e4ilmansuodatin,Suodatin, Sis\u00e4ilma<\/p>\n","protected":false},"excerpt":{"rendered":"<p>PURFLUX Raitisilmasuodatin AHC239-2 Sis\u00e4ilmansuodatin,Suodatin, Sis\u00e4ilma BMW,ALPINA,5 E39,5 Touring E39,B10 E39,D10 E39,B10 Kombi E39<\/p>\n","protected":false},"featured_media":0,"template":"","meta":{"site-sidebar-layout":"default","site-content-layout":"default","ast-global-header-display":"","ast-main-header-display":"","ast-hfb-above-header-display":"","ast-hfb-below-header-display":"","ast-hfb-mobile-header-display":"","site-post-title":"","ast-breadcrumbs-content":"","ast-featured-img":"","footer-sml-layout":"","theme-transparent-header-meta":"","adv-header-id-meta":"","stick-header-meta":"","header-above-stick-meta":"","header-main-stick-meta":"","header-below-stick-meta":""},"pwb-brand":[303],"product_cat":[19],"product_tag":[],"class_list":{"0":"post-68924","1":"product","2":"type-product","3":"status-publish","5":"pwb-brand-purflux","6":"product_cat-raitisilmasuodatin","7":"desktop-align-left","8":"tablet-align-left","9":"mobile-align-left","11":"first","12":"instock","13":"product-type-external"},"brands":[{"id":303,"name":"PURFLUX","slug":"purflux"}],"_links":{"self":[{"href":"https:\/\/www.autonvaraosahaku.fi\/index.php?rest_route=\/wp\/v2\/product\/68924","targetHints":{"allow":["GET"]}}],"collection":[{"href":"https:\/\/www.autonvaraosahaku.fi\/index.php?rest_route=\/wp\/v2\/product"}],"about":[{"href":"https:\/\/www.autonvaraosahaku.fi\/index.php?rest_route=\/wp\/v2\/types\/product"}],"wp:attachment":[{"href":"https:\/\/www.autonvaraosahaku.fi\/index.php?rest_route=%2Fwp%2Fv2%2Fmedia&parent=68924"}],"wp:term":[{"taxonomy":"pwb-brand","embeddable":true,"href":"https:\/\/www.autonvaraosahaku.fi\/index.php?rest_route=%2Fwp%2Fv2%2Fpwb-brand&post=68924"},{"taxonomy":"product_cat","embeddable":true,"href":"https:\/\/www.autonvaraosahaku.fi\/index.php?rest_route=%2Fwp%2Fv2%2Fproduct_cat&post=68924"},{"taxonomy":"product_tag","embeddable":true,"href":"https:\/\/www.autonvaraosahaku.fi\/index.php?rest_route=%2Fwp%2Fv2%2Fproduct_tag&post=68924"}],"curies":[{"name":"wp","href":"https:\/\/api.w.org\/{rel}","templated":true}]}}