{"id":68953,"date":"2021-02-21T19:01:56","date_gmt":"2021-02-21T19:01:56","guid":{"rendered":"https:\/\/www.autonvaraosahaku.fi\/?product=kolbenschmidt-90732600-manta"},"modified":"2021-02-21T19:01:59","modified_gmt":"2021-02-21T19:01:59","slug":"kolbenschmidt-90732600-manta","status":"publish","type":"product","link":"https:\/\/www.autonvaraosahaku.fi\/?product=kolbenschmidt-90732600-manta","title":{"rendered":"KOLBENSCHMIDT 90732600 M\u00e4nt\u00e4"},"content":{"rendered":"<p>Ruuvi-\u00d8 [mm]: 24; Pultinpituus [mm]: 64; Komponenttinumero: 16492, 35371, 35514; M\u00e4\u00e4r\u00e4: 3; Tuotantonumero: 076118; Reik\u00e4-\u00d8 [mm]: 76,51; Puristuskorkeus [mm]: 41,7; Pituus (mm): 71,7; Syvennys 1 [mm]: 1,6; Vakiomitta (STD): ; TECDOC-moottorinumero: 4205; VW: GOLF II 19E, 1G1,PASSAT Variant 3A5, 35I,TRANSPORTER III Bus,PASSAT 3A2, 35I,LT 28-35 I Kasten 281-363,GOLF I 17,LT 28-35 I Bus 281-363,JETTA II 19E, 1G2, 165,PASSAT Variant 32B,TRANSPORTER III Kasten,LT 28-35 I Pritsche\/Fahrgestell 281-363,TRANSPORTER III Pritsche\/Fahrgestell,PASSAT 32B,LT 40-55 I Pritsche\/Fahrgestell 293-909,ILTIS 183,JETTA I 16,LT 40-55 I Kasten 291-512,PASSAT Stufenheck 32B,SANTANA 32B; AUDI: 80 89, 89Q, 8A, B3,100 44, 44Q, C3,80 81, 85, B2,90 89, 89Q, 8A, B3,100 Avant 44, 44Q, C3,90 81, 85, B2; VOLVO: 940 II Kombi 945,940 Kombi 945,740 Kombi 745,740 744,940 944,760 704, 764,960 Kombi 965,760 Kombi 704, 765,940 II 944,960 964,780; 272085, 272086, 068107065AL, 068107065AP, 068107065AT, 068107065BD, 068107065BE, 068107065C, 068107065N, 068107165M, 068107600, 068198151, 069107065A, 069107065B, 069107065F, 069107065M, 069107065P, 075107065A, 075107065F; M\u00e4nn\u00e4t<\/p>\n","protected":false},"excerpt":{"rendered":"<p>KOLBENSCHMIDT M\u00e4nt\u00e4 90732600 M\u00e4nn\u00e4t VW,AUDI,VOLVO,GOLF II 19E, 1G1,PASSAT Variant 3A5, 35I,TRANSPORTER III Bus,PASSAT 3A2, 35I<\/p>\n","protected":false},"featured_media":0,"template":"","meta":{"site-sidebar-layout":"default","site-content-layout":"default","ast-global-header-display":"","ast-main-header-display":"","ast-hfb-above-header-display":"","ast-hfb-below-header-display":"","ast-hfb-mobile-header-display":"","site-post-title":"","ast-breadcrumbs-content":"","ast-featured-img":"","footer-sml-layout":"","theme-transparent-header-meta":"","adv-header-id-meta":"","stick-header-meta":"","header-above-stick-meta":"","header-main-stick-meta":"","header-below-stick-meta":""},"pwb-brand":[293],"product_cat":[434],"product_tag":[],"class_list":{"0":"post-68953","1":"product","2":"type-product","3":"status-publish","5":"pwb-brand-kolbenschmidt","6":"product_cat-manta","7":"desktop-align-left","8":"tablet-align-left","9":"mobile-align-left","11":"first","12":"instock","13":"product-type-external"},"brands":[{"id":293,"name":"KOLBENSCHMIDT","slug":"kolbenschmidt"}],"_links":{"self":[{"href":"https:\/\/www.autonvaraosahaku.fi\/index.php?rest_route=\/wp\/v2\/product\/68953","targetHints":{"allow":["GET"]}}],"collection":[{"href":"https:\/\/www.autonvaraosahaku.fi\/index.php?rest_route=\/wp\/v2\/product"}],"about":[{"href":"https:\/\/www.autonvaraosahaku.fi\/index.php?rest_route=\/wp\/v2\/types\/product"}],"wp:attachment":[{"href":"https:\/\/www.autonvaraosahaku.fi\/index.php?rest_route=%2Fwp%2Fv2%2Fmedia&parent=68953"}],"wp:term":[{"taxonomy":"pwb-brand","embeddable":true,"href":"https:\/\/www.autonvaraosahaku.fi\/index.php?rest_route=%2Fwp%2Fv2%2Fpwb-brand&post=68953"},{"taxonomy":"product_cat","embeddable":true,"href":"https:\/\/www.autonvaraosahaku.fi\/index.php?rest_route=%2Fwp%2Fv2%2Fproduct_cat&post=68953"},{"taxonomy":"product_tag","embeddable":true,"href":"https:\/\/www.autonvaraosahaku.fi\/index.php?rest_route=%2Fwp%2Fv2%2Fproduct_tag&post=68953"}],"curies":[{"name":"wp","href":"https:\/\/api.w.org\/{rel}","templated":true}]}}