{"id":68961,"date":"2021-02-21T19:02:02","date_gmt":"2021-02-21T19:02:02","guid":{"rendered":"https:\/\/www.autonvaraosahaku.fi\/?product=jp-group-1211300500-pakoventtiili"},"modified":"2021-02-21T19:02:03","modified_gmt":"2021-02-21T19:02:03","slug":"jp-group-1211300500-pakoventtiili","status":"publish","type":"product","link":"https:\/\/www.autonvaraosahaku.fi\/?product=jp-group-1211300500-pakoventtiili","title":{"rendered":"JP GROUP 1211300500 Pakoventtiili"},"content":{"rendered":"<p>Venttiililautasen l\u00e4pimitta [mm]: 29; Venttiilinvarren l\u00e4pimitta [mm]: 6; Pituus (mm): 92,2; Rihloja (kpl): 3; Tarvittava kappalem\u00e4\u00e4r\u00e4: 12; OPEL: ASTRA G CC F48_, F08_,ASTRA G Caravan F35_,VECTRA B 36_,ASTRA F CC 53_, 54_, 58_, 59_,OMEGA B Caravan 21_, 22_, 23_,OMEGA B 25_, 26_, 27_,ANTARA,VECTRA B Caravan 31_,ASTRA F Caravan 51_, 52_,FRONTERA B 6B_,ASTRA G Stufenheck F69_,CALIBRA A 85_,VECTRA B CC 38_,VECTRA A 86_, 87_,ASTRA F Cabriolet 53_B,ASTRA F 56_, 57_,SINTRA,FRONTERA A 5_MWL4,VECTRA A CC 88_, 89_; CHEVROLET: CAPTIVA C100, C140,EPICA KL1_,LACETTI J200,REZZO,EVANDA,LACETTI Kombi J200; SAAB: 900 II Cabriolet,900 II,900 II Coupe; DAEWOO: REZZO KLAU,EVANDA KLAL,LACETTI Schr\u00e4gheck KLAN,NUBIRA Stufenheck KLAN,NUBIRA Wagon KLAN,NUBIRA Wagon KLAJ,LEGANZA KLAV,NUBIRA Stufenheck KLAJ,NUBIRA KLAJ,LACETTI J150  Stufenheck,NUBIRA J150,NUBIRA Stufenheck J150,NUBIRA Kombi J150; VAUXHALL: CALIBRA,ASTRA Mk IV G CC,ANTARA J26, H26,ASTRA Mk III F CC,FRONTERA Mk II B,OMEGA B,VECTRA B CC,FRONTERA Mk I A,CAVALIER Mk III 87,VECTRA B Estate,VECTRA B,ASTRA Mk III F Estate,CAVALIER Mk III CC,OMEGA B Estate; 0641325, 641325, 4500864<\/p>\n","protected":false},"excerpt":{"rendered":"<p>JP GROUP Pakoventtiili JP Group 1211300500  OPEL,CHEVROLET,SAAB,ASTRA G CC F48_, F08_,ASTRA G Caravan F35_,VECTRA B 36_,ASTRA F CC 53_, 54_, 58_, 59_<\/p>\n","protected":false},"featured_media":0,"template":"","meta":{"site-sidebar-layout":"default","site-content-layout":"default","ast-global-header-display":"","ast-main-header-display":"","ast-hfb-above-header-display":"","ast-hfb-below-header-display":"","ast-hfb-mobile-header-display":"","site-post-title":"","ast-breadcrumbs-content":"","ast-featured-img":"","footer-sml-layout":"","theme-transparent-header-meta":"","adv-header-id-meta":"","stick-header-meta":"","header-above-stick-meta":"","header-main-stick-meta":"","header-below-stick-meta":""},"pwb-brand":[131],"product_cat":[209],"product_tag":[],"class_list":{"0":"post-68961","1":"product","2":"type-product","3":"status-publish","5":"pwb-brand-jp-group","6":"product_cat-pakoventtiili","7":"desktop-align-left","8":"tablet-align-left","9":"mobile-align-left","11":"first","12":"instock","13":"product-type-external"},"brands":[{"id":131,"name":"JP GROUP","slug":"jp-group"}],"_links":{"self":[{"href":"https:\/\/www.autonvaraosahaku.fi\/index.php?rest_route=\/wp\/v2\/product\/68961","targetHints":{"allow":["GET"]}}],"collection":[{"href":"https:\/\/www.autonvaraosahaku.fi\/index.php?rest_route=\/wp\/v2\/product"}],"about":[{"href":"https:\/\/www.autonvaraosahaku.fi\/index.php?rest_route=\/wp\/v2\/types\/product"}],"wp:attachment":[{"href":"https:\/\/www.autonvaraosahaku.fi\/index.php?rest_route=%2Fwp%2Fv2%2Fmedia&parent=68961"}],"wp:term":[{"taxonomy":"pwb-brand","embeddable":true,"href":"https:\/\/www.autonvaraosahaku.fi\/index.php?rest_route=%2Fwp%2Fv2%2Fpwb-brand&post=68961"},{"taxonomy":"product_cat","embeddable":true,"href":"https:\/\/www.autonvaraosahaku.fi\/index.php?rest_route=%2Fwp%2Fv2%2Fproduct_cat&post=68961"},{"taxonomy":"product_tag","embeddable":true,"href":"https:\/\/www.autonvaraosahaku.fi\/index.php?rest_route=%2Fwp%2Fv2%2Fproduct_tag&post=68961"}],"curies":[{"name":"wp","href":"https:\/\/api.w.org\/{rel}","templated":true}]}}