{"id":68963,"date":"2021-02-21T19:02:02","date_gmt":"2021-02-21T19:02:02","guid":{"rendered":"https:\/\/www.autonvaraosahaku.fi\/?product=jp-group-1193500600-oljynpaineanturi"},"modified":"2021-02-21T19:02:03","modified_gmt":"2021-02-21T19:02:03","slug":"jp-group-1193500600-oljynpaineanturi","status":"publish","type":"product","link":"https:\/\/www.autonvaraosahaku.fi\/?product=jp-group-1193500600-oljynpaineanturi","title":{"rendered":"JP GROUP 1193500600 \u00d6ljynpaineanturi"},"content":{"rendered":"<p>Kytkent\u00e4piste alkaen [bar]: 0,3; Vaihtopiste enint. [bar]: 0,6; V\u00e4rimerkint\u00e4: Vihre\u00e4; Liittimi\u00e4: 1; Ulkokierre [mm]: M10X1; Kierremitta: M10 x 1,0; Napojen m\u00e4\u00e4r\u00e4: 1; Moottorinumero: AUD; VW: GOLF IV 1J1,GOLF V 1K1,POLO 9N_,TOURAN 1T1, 1T2,GOLF VI 5K1,GOLF PLUS 5M1, 521,LUPO 6X1, 6E1,POLO 6R, 6C,TIGUAN 5N_,GOLF IV Variant 1J5,GOLF VII 5G1, BE1,POLO 6N2,POLO 6N1,CADDY III Kombi 2KB, 2KJ, 2CB, 2CJ,TOURAN 1T3,FOX 5Z1, 5Z3,GOLF VI Variant AJ5,GOLF V Variant 1K5,UP,CADDY III Kasten 2KA, 2KH, 2CA, 2CH,BORA 1J2,EOS 1F7, 1F8,SCIROCCO 137, 138,PASSAT CC 357,NEW BEETLE 9C1, 1C1,BORA Kombi 1J6,CRAFTER 30-50 Kasten 2E_,NEW BEETLE Cabriolet 1Y7,CADDY II Kasten 9K9A,POLO Variant 6KV5,POLO CLASSIC 6KV2,AMAROK 2H_, S1B,GOLF VI Cabriolet 517,JETTA IV 162, 163,CRAFTER 30-35 Bus 2E_,CADDY II Kombi 9K9B,CRAFTER 30-50 Pritsche\/Fahrgestell 2F_,GOL,PASSAT Variant 3G5,TIGUAN AD1,PASSAT 3G2,POLO Van 6R,POLO AW1, BZ1,PASSAT ALLTRACK 3G5,AMAROK Pritsche\/Fahrgestell S1B,TIGUAN ALLSPACE BW2; AUDI: A2 8Z0,A3 Sportback 8VA,TT 8J3,Q3 8U,A1 8X1, 8XF,A1 Sportback 8XA, 8XK,A3 Limousine 8VS,TT Roadster 8J9,A3 8V1,A3 Cabriolet 8V7,A4 Avant 8W5, B9,A4 8W2, B9,A5 Sportback F5A,Q2 GA,A5 F53; SKODA: OCTAVIA Combi 1Z5,FABIA Combi 6Y5,FABIA,FABIA 6Y2,OCTAVIA Combi 1U5,FABIA Combi,YETI 5L,SUPERB Kombi 3T5,OCTAVIA 1Z3,OCTAVIA 1U2,CITIGO,SUPERB 3T4,RAPID Spaceback NH1,FABIA Stufenheck 6Y3,RAPID NH3,FABIA Praktik,FABIA NJ3,FABIA Kombi NJ5; SEAT: LEON 1P1,IBIZA V 6J5, 6P5,LEON 1M1,ALTEA 5P1,ALTEA XL 5P5, 5P8,IBIZA V ST 6J8, 6P8,EXEO ST 3R5,Mii KF1_,TOLEDO II 1M2,IBIZA V SPORTCOUPE 6J1, 6P1,EXEO 3R2,CORDOBA 6K1, 6K2,CORDOBA Vario 6K1,INCA 6K9,ATECA KH7,ARONA KJ7; 036919081A, 036919081B, 036919081C, 036919081D, 06A919081C, 036919081A, 036919081B, 036919081C, 036919081D, 06A919081C, 036919081A, 036919081B, 036919081C, 036919081D, 06A919081C, 036919081A, 036919081B, 036919081C, 036919081D, 06A919081C; \u00d6ljynpainekytkin<\/p>\n","protected":false},"excerpt":{"rendered":"<p>JP GROUP \u00d6ljynpaineanturi JP Group 1193500600 \u00d6ljynpainekytkin VW,AUDI,SKODA,GOLF IV 1J1,GOLF V 1K1,POLO 9N_,TOURAN 1T1, 1T2,GOLF VI 5K1<\/p>\n","protected":false},"featured_media":0,"template":"","meta":{"site-sidebar-layout":"default","site-content-layout":"default","ast-global-header-display":"","ast-main-header-display":"","ast-hfb-above-header-display":"","ast-hfb-below-header-display":"","ast-hfb-mobile-header-display":"","site-post-title":"","ast-breadcrumbs-content":"","ast-featured-img":"","footer-sml-layout":"","theme-transparent-header-meta":"","adv-header-id-meta":"","stick-header-meta":"","header-above-stick-meta":"","header-main-stick-meta":"","header-below-stick-meta":""},"pwb-brand":[131],"product_cat":[235],"product_tag":[],"class_list":{"0":"post-68963","1":"product","2":"type-product","3":"status-publish","5":"pwb-brand-jp-group","6":"product_cat-oljynpaineanturi","7":"desktop-align-left","8":"tablet-align-left","9":"mobile-align-left","11":"first","12":"instock","13":"product-type-external"},"brands":[{"id":131,"name":"JP GROUP","slug":"jp-group"}],"_links":{"self":[{"href":"https:\/\/www.autonvaraosahaku.fi\/index.php?rest_route=\/wp\/v2\/product\/68963","targetHints":{"allow":["GET"]}}],"collection":[{"href":"https:\/\/www.autonvaraosahaku.fi\/index.php?rest_route=\/wp\/v2\/product"}],"about":[{"href":"https:\/\/www.autonvaraosahaku.fi\/index.php?rest_route=\/wp\/v2\/types\/product"}],"wp:attachment":[{"href":"https:\/\/www.autonvaraosahaku.fi\/index.php?rest_route=%2Fwp%2Fv2%2Fmedia&parent=68963"}],"wp:term":[{"taxonomy":"pwb-brand","embeddable":true,"href":"https:\/\/www.autonvaraosahaku.fi\/index.php?rest_route=%2Fwp%2Fv2%2Fpwb-brand&post=68963"},{"taxonomy":"product_cat","embeddable":true,"href":"https:\/\/www.autonvaraosahaku.fi\/index.php?rest_route=%2Fwp%2Fv2%2Fproduct_cat&post=68963"},{"taxonomy":"product_tag","embeddable":true,"href":"https:\/\/www.autonvaraosahaku.fi\/index.php?rest_route=%2Fwp%2Fv2%2Fproduct_tag&post=68963"}],"curies":[{"name":"wp","href":"https:\/\/api.w.org\/{rel}","templated":true}]}}