{"id":6899,"date":"2021-02-21T13:58:39","date_gmt":"2021-02-21T13:58:39","guid":{"rendered":"https:\/\/www.autonvaraosahaku.fi\/?product=ate-24-0112-0210-1-jarrulevyt"},"modified":"2021-02-21T13:58:40","modified_gmt":"2021-02-21T13:58:40","slug":"ate-24-0112-0210-1-jarrulevyt","status":"publish","type":"product","link":"https:\/\/www.autonvaraosahaku.fi\/?product=ate-24-0112-0210-1-jarrulevyt","title":{"rendered":"ATE 24.0112-0210.1 Jarrulevyt"},"content":{"rendered":"<p>Ulkol\u00e4pimitta [mm]: 300,0; Jarrulevyn paksuus (mm): 12,0; V\u00e4himm\u00e4ispaksuus (mm): 10,0; Jarrulevytyyppi: Vakiomalli; Pinta: pinnoitettu; Reikien m\u00e4\u00e4r\u00e4: 5; Reik\u00e4lukum\u00e4\u00e4r\u00e4 2: 9; Reik\u00e4ympyr\u00e4-\u00d8 [mm]: 112,0; Korkeus (mm): 48,2; keskitt\u00e4misl\u00e4pimitta [mm]: 65,0; Sis\u00e4l\u00e4pimitta [mm]: 173,0; Reik\u00e4-\u00d8 [mm]: 15,3; Korvaava tuote\/korvaava tiedote 2: Ruuveilla; MAPP-koodi saatavilla: ; Tarkistuskilpi: E1 90R-02C0165\/0904; Asennuspuoli: Hinterachse; VW: GOLF VII 5G1, BE1,GOLF VII Kombi BA5,SHARAN 7N1, 7N2,PASSAT Variant 3G5,TOURAN,TIGUAN AD1,PASSAT 3G2,PASSAT ALLTRACK 3G5,ARTEON 3H7,TIGUAN ALLSPACE BW2,GOLF ALLTRACK BA5; AUDI: A3 Sportback 8VA,Q3 8U,A3 Limousine 8VS,A3 8V1,A3 Cabriolet 8V7,TT FV3,TT Roadster FV9; SKODA: SUPERB Kombi 3V5,KODIAQ NS7,SUPERB 3V3; SEAT: ALHAMBRA 710, 711; Jarrulevy<\/p>\n","protected":false},"excerpt":{"rendered":"<p>ATE Jarrulevyt 24.0112-0210.1 Jarrulevy VW,AUDI,SKODA,GOLF VII 5G1, BE1,GOLF VII Kombi BA5,SHARAN 7N1, 7N2,PASSAT Variant 3G5,TOURAN,TIGUAN AD1<\/p>\n","protected":false},"featured_media":0,"template":"","meta":{"site-sidebar-layout":"default","site-content-layout":"default","ast-global-header-display":"","ast-main-header-display":"","ast-hfb-above-header-display":"","ast-hfb-below-header-display":"","ast-hfb-mobile-header-display":"","site-post-title":"","ast-breadcrumbs-content":"","ast-featured-img":"","footer-sml-layout":"","theme-transparent-header-meta":"","adv-header-id-meta":"","stick-header-meta":"","header-above-stick-meta":"","header-main-stick-meta":"","header-below-stick-meta":""},"pwb-brand":[108],"product_cat":[66],"product_tag":[],"class_list":{"0":"post-6899","1":"product","2":"type-product","3":"status-publish","5":"pwb-brand-ate","6":"product_cat-jarrulevyt","7":"desktop-align-left","8":"tablet-align-left","9":"mobile-align-left","11":"first","12":"instock","13":"product-type-external"},"brands":[{"id":108,"name":"ATE","slug":"ate"}],"_links":{"self":[{"href":"https:\/\/www.autonvaraosahaku.fi\/index.php?rest_route=\/wp\/v2\/product\/6899","targetHints":{"allow":["GET"]}}],"collection":[{"href":"https:\/\/www.autonvaraosahaku.fi\/index.php?rest_route=\/wp\/v2\/product"}],"about":[{"href":"https:\/\/www.autonvaraosahaku.fi\/index.php?rest_route=\/wp\/v2\/types\/product"}],"wp:attachment":[{"href":"https:\/\/www.autonvaraosahaku.fi\/index.php?rest_route=%2Fwp%2Fv2%2Fmedia&parent=6899"}],"wp:term":[{"taxonomy":"pwb-brand","embeddable":true,"href":"https:\/\/www.autonvaraosahaku.fi\/index.php?rest_route=%2Fwp%2Fv2%2Fpwb-brand&post=6899"},{"taxonomy":"product_cat","embeddable":true,"href":"https:\/\/www.autonvaraosahaku.fi\/index.php?rest_route=%2Fwp%2Fv2%2Fproduct_cat&post=6899"},{"taxonomy":"product_tag","embeddable":true,"href":"https:\/\/www.autonvaraosahaku.fi\/index.php?rest_route=%2Fwp%2Fv2%2Fproduct_tag&post=6899"}],"curies":[{"name":"wp","href":"https:\/\/api.w.org\/{rel}","templated":true}]}}