{"id":68992,"date":"2021-02-21T19:02:08","date_gmt":"2021-02-21T19:02:08","guid":{"rendered":"https:\/\/www.autonvaraosahaku.fi\/?product=hella-1el-247-014-831-ajovaloumpio"},"modified":"2021-02-21T19:02:11","modified_gmt":"2021-02-21T19:02:11","slug":"hella-1el-247-014-831-ajovaloumpio","status":"publish","type":"product","link":"https:\/\/www.autonvaraosahaku.fi\/?product=hella-1el-247-014-831-ajovaloumpio","title":{"rendered":"HELLA 1EL 247 014-831 Ajovaloumpio"},"content":{"rendered":"<p>Viite: 25; Asennuspuoli: Vasen, Oikea; Korvaava tuote\/korvaava tiedote 2: polttimoilla, Valokorkeuss\u00e4\u00e4timen moottorilla; Lyhdyn muoto: DE, Halogeeni; Tarkistuskilpi: E4 10224, ECE; Nimellisj\u00e4nnite (V): 12; Lyhtytoimintojen m\u00e4\u00e4r\u00e4: 3; Vilkun v\u00e4ri: Valkoinen; Lamppumalli: H7\/H7, W5W; Valotoiminto: puolivalolla, kaukovalolla, pys\u00e4k\u00f6intivalolla, ilman vilkkua; Lasin v\u00e4ri: Lasinkirkas; Vasen \/ oikea liikenne: Oikeanpuoleiselle liikenteelle; M\u00e4\u00e4r\u00e4yksikk\u00f6: Sarja; Vaikutelma: Musta; VW: PASSAT Variant 3C5,PASSAT 3C2<\/p>\n","protected":false},"excerpt":{"rendered":"<p>HELLA Ajovalonheitinsarja 1EL 247 014-831  VW,PASSAT Variant 3C5,PASSAT 3C2<\/p>\n","protected":false},"featured_media":0,"template":"","meta":{"site-sidebar-layout":"default","site-content-layout":"default","ast-global-header-display":"","ast-main-header-display":"","ast-hfb-above-header-display":"","ast-hfb-below-header-display":"","ast-hfb-mobile-header-display":"","site-post-title":"","ast-breadcrumbs-content":"","ast-featured-img":"","footer-sml-layout":"","theme-transparent-header-meta":"","adv-header-id-meta":"","stick-header-meta":"","header-above-stick-meta":"","header-main-stick-meta":"","header-below-stick-meta":""},"pwb-brand":[24],"product_cat":[185],"product_tag":[],"class_list":{"0":"post-68992","1":"product","2":"type-product","3":"status-publish","5":"pwb-brand-hella","6":"product_cat-ajovaloumpio","7":"desktop-align-left","8":"tablet-align-left","9":"mobile-align-left","11":"first","12":"instock","13":"product-type-external"},"brands":[{"id":24,"name":"HELLA","slug":"hella"}],"_links":{"self":[{"href":"https:\/\/www.autonvaraosahaku.fi\/index.php?rest_route=\/wp\/v2\/product\/68992","targetHints":{"allow":["GET"]}}],"collection":[{"href":"https:\/\/www.autonvaraosahaku.fi\/index.php?rest_route=\/wp\/v2\/product"}],"about":[{"href":"https:\/\/www.autonvaraosahaku.fi\/index.php?rest_route=\/wp\/v2\/types\/product"}],"wp:attachment":[{"href":"https:\/\/www.autonvaraosahaku.fi\/index.php?rest_route=%2Fwp%2Fv2%2Fmedia&parent=68992"}],"wp:term":[{"taxonomy":"pwb-brand","embeddable":true,"href":"https:\/\/www.autonvaraosahaku.fi\/index.php?rest_route=%2Fwp%2Fv2%2Fpwb-brand&post=68992"},{"taxonomy":"product_cat","embeddable":true,"href":"https:\/\/www.autonvaraosahaku.fi\/index.php?rest_route=%2Fwp%2Fv2%2Fproduct_cat&post=68992"},{"taxonomy":"product_tag","embeddable":true,"href":"https:\/\/www.autonvaraosahaku.fi\/index.php?rest_route=%2Fwp%2Fv2%2Fproduct_tag&post=68992"}],"curies":[{"name":"wp","href":"https:\/\/api.w.org\/{rel}","templated":true}]}}