{"id":68995,"date":"2021-02-21T19:02:08","date_gmt":"2021-02-21T19:02:08","guid":{"rendered":"https:\/\/www.autonvaraosahaku.fi\/?product=hella-1a8-003-060-551-ajovaloumpio"},"modified":"2021-02-21T19:02:12","modified_gmt":"2021-02-21T19:02:12","slug":"hella-1a8-003-060-551-ajovaloumpio","status":"publish","type":"product","link":"https:\/\/www.autonvaraosahaku.fi\/?product=hella-1a8-003-060-551-ajovaloumpio","title":{"rendered":"HELLA 1A8 003 060-551 Ajovaloumpio"},"content":{"rendered":"<p>Asennuspuoli: Vasen, Oikea; Viite: 20; Asennusmalli: Pinta-asennus, Upotus; Korvaava tuote\/korvaava tiedote 2: ilman vilkkuja, ilman polttimoita; Lyhdyn muoto: Halogeeni; Tarkistuskilpi: E1 14551, E1 34495, ECE; Nimellisj\u00e4nnite (V): 12, 24; Lyhtytoimintojen m\u00e4\u00e4r\u00e4: 3; L\u00e4pimitta [mm]: 182; Muoto: Py\u00f6re\u00e4; Lamppumalli: H4, T4W; Valotoiminto: puolivalolla, kaukovalolla, pys\u00e4k\u00f6intivalolla; Valoaukko (mm): 182; Vasen \/ oikea liikenne: Oikeanpuoleiselle liikenteelle; Valmistusvuosi alkaen: 08\/1973; VW: GOLF I Cabriolet 155,KAEFER,LT 28-35 I Kasten 281-363,GOLF I 17,LT 28-35 I Bus 281-363,CADDY I 14,KAEFER Cabriolet 15,TRANSPORTER II Bus,LT 28-35 I Pritsche\/Fahrgestell 281-363,LT 40-55 I Pritsche\/Fahrgestell 293-909,LT 40-55 I Kasten 291-512,TRANSPORTER II Kasten,TRANSPORTER II Pritsche\/Fahrgestell; MAN: G; 321941753B, 81251016156, 0018203261, 0018206561, A0018203261, 47211850050, 111941753, 171941753, 171941753A, 321941753B, 321941753E; Ajovalot,Etuvalot,Ajovalo<\/p>\n","protected":false},"excerpt":{"rendered":"<p>HELLA Ajovaloumpio 1A8 003 060-551 Ajovalot,Etuvalot VW,MAN,GOLF I Cabriolet 155,KAEFER,LT 28-35 I Kasten 281-363,GOLF I 17,LT 28-35 I Bus 281-363<\/p>\n","protected":false},"featured_media":0,"template":"","meta":{"site-sidebar-layout":"default","site-content-layout":"default","ast-global-header-display":"","ast-main-header-display":"","ast-hfb-above-header-display":"","ast-hfb-below-header-display":"","ast-hfb-mobile-header-display":"","site-post-title":"","ast-breadcrumbs-content":"","ast-featured-img":"","footer-sml-layout":"","theme-transparent-header-meta":"","adv-header-id-meta":"","stick-header-meta":"","header-above-stick-meta":"","header-main-stick-meta":"","header-below-stick-meta":""},"pwb-brand":[24],"product_cat":[185],"product_tag":[],"class_list":{"0":"post-68995","1":"product","2":"type-product","3":"status-publish","5":"pwb-brand-hella","6":"product_cat-ajovaloumpio","7":"desktop-align-left","8":"tablet-align-left","9":"mobile-align-left","11":"first","12":"instock","13":"product-type-external"},"brands":[{"id":24,"name":"HELLA","slug":"hella"}],"_links":{"self":[{"href":"https:\/\/www.autonvaraosahaku.fi\/index.php?rest_route=\/wp\/v2\/product\/68995","targetHints":{"allow":["GET"]}}],"collection":[{"href":"https:\/\/www.autonvaraosahaku.fi\/index.php?rest_route=\/wp\/v2\/product"}],"about":[{"href":"https:\/\/www.autonvaraosahaku.fi\/index.php?rest_route=\/wp\/v2\/types\/product"}],"wp:attachment":[{"href":"https:\/\/www.autonvaraosahaku.fi\/index.php?rest_route=%2Fwp%2Fv2%2Fmedia&parent=68995"}],"wp:term":[{"taxonomy":"pwb-brand","embeddable":true,"href":"https:\/\/www.autonvaraosahaku.fi\/index.php?rest_route=%2Fwp%2Fv2%2Fpwb-brand&post=68995"},{"taxonomy":"product_cat","embeddable":true,"href":"https:\/\/www.autonvaraosahaku.fi\/index.php?rest_route=%2Fwp%2Fv2%2Fproduct_cat&post=68995"},{"taxonomy":"product_tag","embeddable":true,"href":"https:\/\/www.autonvaraosahaku.fi\/index.php?rest_route=%2Fwp%2Fv2%2Fproduct_tag&post=68995"}],"curies":[{"name":"wp","href":"https:\/\/api.w.org\/{rel}","templated":true}]}}