{"id":69003,"date":"2021-02-21T19:02:13","date_gmt":"2021-02-21T19:02:13","guid":{"rendered":"https:\/\/www.autonvaraosahaku.fi\/?product=bilstein-22-118608-iskunvaimennin"},"modified":"2021-02-21T19:02:15","modified_gmt":"2021-02-21T19:02:15","slug":"bilstein-22-118608-iskunvaimennin","status":"publish","type":"product","link":"https:\/\/www.autonvaraosahaku.fi\/?product=bilstein-22-118608-iskunvaimennin","title":{"rendered":"BILSTEIN 22-118608 Iskunvaimennin"},"content":{"rendered":"<p>Asennuspuoli: Etuakseli, vasen; Iskunvaimennin tyyppi: Kaasupaine; Iskunvaimennin malli: Joustintuki; parilliset tuotenumerot: 22-118615; Iskunvaimennusj\u00e4rjestelm\u00e4: Kaksiputki; Tuotelinja: &#8211; B4 OE Replacement; Alustarakenne: f\u00fcr Fahrzeuge mit Standard Fahrwerk; CITRO\u00cbN: C2 JM_,C3 I FC_,C3 Pluriel HB_; PEUGEOT: 1007 KM_; 5202GW, 5202GY, 5202HE, 5202JZ, 5202KC, 5202KN, 5202KS, 5202KV, 5202LC, 5202LF, 5202LN, 5202RE, 5202RG, 5202TJ, 5202TW, 5202YH, 5202PW, 5202RT, 5202ZC; Iskarit,Iskunvaimennin<\/p>\n","protected":false},"excerpt":{"rendered":"<p>BILSTEIN Iskunvaimentimet 22-118608 Iskarit,Iskunvaimennin CITRO\u00cbN,PEUGEOT,C2 JM_,C3 I FC_,C3 Pluriel HB_,1007 KM_<\/p>\n","protected":false},"featured_media":0,"template":"","meta":{"site-sidebar-layout":"default","site-content-layout":"default","ast-global-header-display":"","ast-main-header-display":"","ast-hfb-above-header-display":"","ast-hfb-below-header-display":"","ast-hfb-mobile-header-display":"","site-post-title":"","ast-breadcrumbs-content":"","ast-featured-img":"","footer-sml-layout":"","theme-transparent-header-meta":"","adv-header-id-meta":"","stick-header-meta":"","header-above-stick-meta":"","header-main-stick-meta":"","header-below-stick-meta":""},"pwb-brand":[114],"product_cat":[80],"product_tag":[],"class_list":{"0":"post-69003","1":"product","2":"type-product","3":"status-publish","5":"pwb-brand-bilstein","6":"product_cat-iskunvaimennin","7":"desktop-align-left","8":"tablet-align-left","9":"mobile-align-left","11":"first","12":"instock","13":"product-type-external"},"brands":[{"id":114,"name":"BILSTEIN","slug":"bilstein"}],"_links":{"self":[{"href":"https:\/\/www.autonvaraosahaku.fi\/index.php?rest_route=\/wp\/v2\/product\/69003","targetHints":{"allow":["GET"]}}],"collection":[{"href":"https:\/\/www.autonvaraosahaku.fi\/index.php?rest_route=\/wp\/v2\/product"}],"about":[{"href":"https:\/\/www.autonvaraosahaku.fi\/index.php?rest_route=\/wp\/v2\/types\/product"}],"wp:attachment":[{"href":"https:\/\/www.autonvaraosahaku.fi\/index.php?rest_route=%2Fwp%2Fv2%2Fmedia&parent=69003"}],"wp:term":[{"taxonomy":"pwb-brand","embeddable":true,"href":"https:\/\/www.autonvaraosahaku.fi\/index.php?rest_route=%2Fwp%2Fv2%2Fpwb-brand&post=69003"},{"taxonomy":"product_cat","embeddable":true,"href":"https:\/\/www.autonvaraosahaku.fi\/index.php?rest_route=%2Fwp%2Fv2%2Fproduct_cat&post=69003"},{"taxonomy":"product_tag","embeddable":true,"href":"https:\/\/www.autonvaraosahaku.fi\/index.php?rest_route=%2Fwp%2Fv2%2Fproduct_tag&post=69003"}],"curies":[{"name":"wp","href":"https:\/\/api.w.org\/{rel}","templated":true}]}}